{"id":702,"date":"2023-05-08T13:38:58","date_gmt":"2023-05-08T11:38:58","guid":{"rendered":"https:\/\/berninabrussels.be\/?post_type=product&#038;p=702"},"modified":"2023-05-08T13:42:00","modified_gmt":"2023-05-08T11:42:00","slug":"pied-nervures-elastique-5-rainures-46c","status":"publish","type":"product","link":"https:\/\/berninabrussels.be\/?product=pied-nervures-elastique-5-rainures-46c","title":{"rendered":"Pied nervures \u00e9lastique 5 rainures 46C"},"content":{"rendered":"<h3>Pied 46C nervures, \u00e9lastique 5 rainures larges transparent<\/h3>\n<p align=\"left\">Avec le pied d\u00e9coratif transparent pour nervures, vous pouvez tr\u00e8s facilement coudre de ravissantes nervures et les orner ensuite de d\u00e9cors r\u00e9guliers.<\/p>\n<p align=\"left\">Le pied transparent garantit une visibilit\u00e9 parfaite sur la zone de piq\u00fbre. On effectue d&rsquo;abord la piq\u00fbre des nervures. Les nervures ainsi achev\u00e9es glissent dans les rainures plac\u00e9es sous le pied.<\/p>\n<p align=\"left\">Lors d&rsquo;une deuxi\u00e8me \u00e9tape, le pied d\u00e9coratif transparent pour nervures repasse sur les rainures pour les d\u00e9corer de points parfaitement parall\u00e8les. Il n&rsquo;est pas indispensable de marquer des lignes au pr\u00e9alable.<\/p>\n<p align=\"left\">Il est conseill\u00e9 de prendre les aiguilles ci-dessous dans les articles compl\u00e9mentaires<\/p>\n","protected":false},"excerpt":{"rendered":"<p>Pied 46C nervures, \u00e9lastique 5 rainures larges transparent Avec le pied d\u00e9coratif transparent pour nervures, vous pouvez tr\u00e8s facilement coudre de ravissantes nervures et les orner ensuite de d\u00e9cors r\u00e9guliers. Le pied transparent garantit une visibilit\u00e9 parfaite sur la zone de piq\u00fbre. On effectue d&rsquo;abord la piq\u00fbre des nervures. Les nervures ainsi achev\u00e9es glissent dans&hellip;<\/p>\n","protected":false},"featured_media":703,"comment_status":"open","ping_status":"closed","template":"","meta":{"om_disable_all_campaigns":false,"_monsterinsights_skip_tracking":false,"_monsterinsights_sitenote_active":false,"_monsterinsights_sitenote_note":"","_monsterinsights_sitenote_category":0,"_uf_show_specific_survey":0,"_uf_disable_surveys":false},"product_brand":[],"product_cat":[208],"product_tag":[125],"giftcard-category":[],"class_list":{"0":"post-702","1":"product","2":"type-product","3":"status-publish","4":"has-post-thumbnail","6":"product_cat-pied-nervure","7":"product_tag-bernina","9":"first","10":"instock","11":"sale","12":"shipping-taxable","13":"purchasable","14":"product-type-simple"},"aioseo_notices":[],"jetpack_sharing_enabled":true,"_links":{"self":[{"href":"https:\/\/berninabrussels.be\/index.php?rest_route=\/wp\/v2\/product\/702","targetHints":{"allow":["GET"]}}],"collection":[{"href":"https:\/\/berninabrussels.be\/index.php?rest_route=\/wp\/v2\/product"}],"about":[{"href":"https:\/\/berninabrussels.be\/index.php?rest_route=\/wp\/v2\/types\/product"}],"replies":[{"embeddable":true,"href":"https:\/\/berninabrussels.be\/index.php?rest_route=%2Fwp%2Fv2%2Fcomments&post=702"}],"wp:featuredmedia":[{"embeddable":true,"href":"https:\/\/berninabrussels.be\/index.php?rest_route=\/wp\/v2\/media\/703"}],"wp:attachment":[{"href":"https:\/\/berninabrussels.be\/index.php?rest_route=%2Fwp%2Fv2%2Fmedia&parent=702"}],"wp:term":[{"taxonomy":"product_brand","embeddable":true,"href":"https:\/\/berninabrussels.be\/index.php?rest_route=%2Fwp%2Fv2%2Fproduct_brand&post=702"},{"taxonomy":"product_cat","embeddable":true,"href":"https:\/\/berninabrussels.be\/index.php?rest_route=%2Fwp%2Fv2%2Fproduct_cat&post=702"},{"taxonomy":"product_tag","embeddable":true,"href":"https:\/\/berninabrussels.be\/index.php?rest_route=%2Fwp%2Fv2%2Fproduct_tag&post=702"},{"taxonomy":"giftcard-category","embeddable":true,"href":"https:\/\/berninabrussels.be\/index.php?rest_route=%2Fwp%2Fv2%2Fgiftcard-category&post=702"}],"curies":[{"name":"wp","href":"https:\/\/api.w.org\/{rel}","templated":true}]}}