{"id":700,"date":"2023-05-08T13:36:26","date_gmt":"2023-05-08T11:36:26","guid":{"rendered":"https:\/\/berninabrussels.be\/?post_type=product&#038;p=700"},"modified":"2023-05-08T13:37:54","modified_gmt":"2023-05-08T11:37:54","slug":"pied-zigzag-multi-usage-55mm-01","status":"publish","type":"product","link":"https:\/\/berninabrussels.be\/?product=pied-zigzag-multi-usage-55mm-01","title":{"rendered":"Pied zigzag, multi usage 5,5mm 01"},"content":{"rendered":"<h3>Pied 01 ZZ Zigzag, multi usage avec fente \u00e0 droite 5,5 mm<\/h3>\n<p align=\"left\">Ce pied est id\u00e9alement indiqu\u00e9 pour l&rsquo;ex\u00e9cution de toute couture utilitaire au point droit ou point zigzag. (sauf les boutonni\u00e8res ou les points satins)<\/p>\n<p align=\"left\">Ce pied est recommand\u00e9 pour tous les points en marche avant et marche arri\u00e8re<\/p>\n","protected":false},"excerpt":{"rendered":"<p>Pied 01 ZZ Zigzag, multi usage avec fente \u00e0 droite 5,5 mm Ce pied est id\u00e9alement indiqu\u00e9 pour l&rsquo;ex\u00e9cution de toute couture utilitaire au point droit ou point zigzag. (sauf les boutonni\u00e8res ou les points satins) Ce pied est recommand\u00e9 pour tous les points en marche avant et marche arri\u00e8re<\/p>\n","protected":false},"featured_media":701,"comment_status":"open","ping_status":"closed","template":"","meta":{"om_disable_all_campaigns":false,"_monsterinsights_skip_tracking":false,"_monsterinsights_sitenote_active":false,"_monsterinsights_sitenote_note":"","_monsterinsights_sitenote_category":0,"_uf_show_specific_survey":0,"_uf_disable_surveys":false},"product_brand":[],"product_cat":[42,44,240,189],"product_tag":[125],"giftcard-category":[],"class_list":{"0":"post-700","1":"product","2":"type-product","3":"status-publish","4":"has-post-thumbnail","6":"product_cat-accesoires","7":"product_cat-machine-a-coudre","8":"product_cat-pieds-presseurs","9":"product_cat-pied-zig-zag","10":"product_tag-bernina","12":"first","13":"instock","14":"sale","15":"shipping-taxable","16":"purchasable","17":"product-type-simple"},"aioseo_notices":[],"jetpack_sharing_enabled":true,"_links":{"self":[{"href":"https:\/\/berninabrussels.be\/index.php?rest_route=\/wp\/v2\/product\/700","targetHints":{"allow":["GET"]}}],"collection":[{"href":"https:\/\/berninabrussels.be\/index.php?rest_route=\/wp\/v2\/product"}],"about":[{"href":"https:\/\/berninabrussels.be\/index.php?rest_route=\/wp\/v2\/types\/product"}],"replies":[{"embeddable":true,"href":"https:\/\/berninabrussels.be\/index.php?rest_route=%2Fwp%2Fv2%2Fcomments&post=700"}],"wp:featuredmedia":[{"embeddable":true,"href":"https:\/\/berninabrussels.be\/index.php?rest_route=\/wp\/v2\/media\/701"}],"wp:attachment":[{"href":"https:\/\/berninabrussels.be\/index.php?rest_route=%2Fwp%2Fv2%2Fmedia&parent=700"}],"wp:term":[{"taxonomy":"product_brand","embeddable":true,"href":"https:\/\/berninabrussels.be\/index.php?rest_route=%2Fwp%2Fv2%2Fproduct_brand&post=700"},{"taxonomy":"product_cat","embeddable":true,"href":"https:\/\/berninabrussels.be\/index.php?rest_route=%2Fwp%2Fv2%2Fproduct_cat&post=700"},{"taxonomy":"product_tag","embeddable":true,"href":"https:\/\/berninabrussels.be\/index.php?rest_route=%2Fwp%2Fv2%2Fproduct_tag&post=700"},{"taxonomy":"giftcard-category","embeddable":true,"href":"https:\/\/berninabrussels.be\/index.php?rest_route=%2Fwp%2Fv2%2Fgiftcard-category&post=700"}],"curies":[{"name":"wp","href":"https:\/\/api.w.org\/{rel}","templated":true}]}}