{"id":694,"date":"2023-05-08T13:29:50","date_gmt":"2023-05-08T11:29:50","guid":{"rendered":"https:\/\/berninabrussels.be\/?post_type=product&#038;p=694"},"modified":"2023-05-08T13:31:45","modified_gmt":"2023-05-08T11:31:45","slug":"pied-satin-application-teflon-56-2","status":"publish","type":"product","link":"https:\/\/berninabrussels.be\/?product=pied-satin-application-teflon-56-2","title":{"rendered":"Pied satin, application t\u00e9flon 56"},"content":{"rendered":"<h3>Pied 56 satin, application anti-adh\u00e9rents, t\u00e9flon\u00a0BERNINA<\/h3>\n<p align=\"left\">Ce pied \u00e9tant dot\u00e9 d\u2019un rev\u00eatement sp\u00e9cial au niveau de sa semelle, vous pouvez dor\u00e9navant travailler des mati\u00e8res tr\u00e8s contraignantes au niveau de l\u2018entra\u00eenement, comme le cuir, la mousse, le vinyle, les su\u00e9dines et les mati\u00e8res imperm\u00e9ables.<\/p>\n<p align=\"left\">Id\u00e9al pour les applications et tous travaux requerrant une parfaite visibilit\u00e9 sur chaque piq\u00fbre.<\/p>\n<p align=\"left\">Le d\u00e9gagement trap\u00e9zo\u00efdal du fil favorise la formation r\u00e9guli\u00e8re sous le pied de points d\u00e9coratifs.<\/p>\n<p align=\"left\">Ce pied se pr\u00eate aux travaux de couture au point satin. Id\u00e9al pour la couture des coins et des arrondis par sa semelle plus courte.<\/p>\n<p align=\"left\">Le petit espace au centre du pied permet de glisser et de recouvrir un fil ou un ruban, un fil \u00e9lastique ou plusieurs fils ou encore de cr\u00e9er une ligne de points.<\/p>\n<p>&nbsp;<\/p>\n","protected":false},"excerpt":{"rendered":"<p>Pied 56 satin, application anti-adh\u00e9rents, t\u00e9flon\u00a0BERNINA Ce pied \u00e9tant dot\u00e9 d\u2019un rev\u00eatement sp\u00e9cial au niveau de sa semelle, vous pouvez dor\u00e9navant travailler des mati\u00e8res tr\u00e8s contraignantes au niveau de l\u2018entra\u00eenement, comme le cuir, la mousse, le vinyle, les su\u00e9dines et les mati\u00e8res imperm\u00e9ables. Id\u00e9al pour les applications et tous travaux requerrant une parfaite visibilit\u00e9 sur&hellip;<\/p>\n","protected":false},"featured_media":695,"comment_status":"open","ping_status":"closed","template":"","meta":{"om_disable_all_campaigns":false,"_monsterinsights_skip_tracking":false,"_monsterinsights_sitenote_active":false,"_monsterinsights_sitenote_note":"","_monsterinsights_sitenote_category":0,"_uf_show_specific_survey":0,"_uf_disable_surveys":false},"product_brand":[],"product_cat":[198],"product_tag":[125],"giftcard-category":[],"class_list":{"0":"post-694","1":"product","2":"type-product","3":"status-publish","4":"has-post-thumbnail","6":"product_cat-pied-satin","7":"product_tag-bernina","9":"first","10":"instock","11":"sale","12":"shipping-taxable","13":"purchasable","14":"product-type-simple"},"aioseo_notices":[],"jetpack_sharing_enabled":true,"_links":{"self":[{"href":"https:\/\/berninabrussels.be\/index.php?rest_route=\/wp\/v2\/product\/694","targetHints":{"allow":["GET"]}}],"collection":[{"href":"https:\/\/berninabrussels.be\/index.php?rest_route=\/wp\/v2\/product"}],"about":[{"href":"https:\/\/berninabrussels.be\/index.php?rest_route=\/wp\/v2\/types\/product"}],"replies":[{"embeddable":true,"href":"https:\/\/berninabrussels.be\/index.php?rest_route=%2Fwp%2Fv2%2Fcomments&post=694"}],"wp:featuredmedia":[{"embeddable":true,"href":"https:\/\/berninabrussels.be\/index.php?rest_route=\/wp\/v2\/media\/695"}],"wp:attachment":[{"href":"https:\/\/berninabrussels.be\/index.php?rest_route=%2Fwp%2Fv2%2Fmedia&parent=694"}],"wp:term":[{"taxonomy":"product_brand","embeddable":true,"href":"https:\/\/berninabrussels.be\/index.php?rest_route=%2Fwp%2Fv2%2Fproduct_brand&post=694"},{"taxonomy":"product_cat","embeddable":true,"href":"https:\/\/berninabrussels.be\/index.php?rest_route=%2Fwp%2Fv2%2Fproduct_cat&post=694"},{"taxonomy":"product_tag","embeddable":true,"href":"https:\/\/berninabrussels.be\/index.php?rest_route=%2Fwp%2Fv2%2Fproduct_tag&post=694"},{"taxonomy":"giftcard-category","embeddable":true,"href":"https:\/\/berninabrussels.be\/index.php?rest_route=%2Fwp%2Fv2%2Fgiftcard-category&post=694"}],"curies":[{"name":"wp","href":"https:\/\/api.w.org\/{rel}","templated":true}]}}