{"id":684,"date":"2023-05-08T13:19:14","date_gmt":"2023-05-08T11:19:14","guid":{"rendered":"https:\/\/berninabrussels.be\/?post_type=product&#038;p=684"},"modified":"2023-05-08T13:20:50","modified_gmt":"2023-05-08T11:20:50","slug":"pied-pour-point-droit-jeans-08d","status":"publish","type":"product","link":"https:\/\/berninabrussels.be\/?product=pied-pour-point-droit-jeans-08d","title":{"rendered":"Pied pour point droit jeans 08D"},"content":{"rendered":"<h3>Pied 08 DualFeed pour point droit, jeans\u00a0BERNINA<\/h3>\n<p align=\"left\">Le pied pour jean est un auxiliaire tr\u00e8s utile pour coudre des coutures au point droit dans des tissus \u00e9pais et raides comme le jean, le lin ou la toile.<\/p>\n<p align=\"left\">Avec la plaque pour point droit, il procure une stabilit\u00e9 optimale \u00e0 l&rsquo;aiguille. La semelle plate facilite l&rsquo;avancement sur des grosses \u00e9paisseurs de tissus.<\/p>\n<p align=\"left\">Le pied pour point droit avec trou d&rsquo;aiguille ronde est merveilleux pour le quilting et patchwork.<\/p>\n","protected":false},"excerpt":{"rendered":"<p>Pied 08 DualFeed pour point droit, jeans\u00a0BERNINA Le pied pour jean est un auxiliaire tr\u00e8s utile pour coudre des coutures au point droit dans des tissus \u00e9pais et raides comme le jean, le lin ou la toile. Avec la plaque pour point droit, il procure une stabilit\u00e9 optimale \u00e0 l&rsquo;aiguille. La semelle plate facilite l&rsquo;avancement&hellip;<\/p>\n","protected":false},"featured_media":685,"comment_status":"open","ping_status":"closed","template":"","meta":{"om_disable_all_campaigns":false,"_monsterinsights_skip_tracking":false,"_monsterinsights_sitenote_active":false,"_monsterinsights_sitenote_note":"","_monsterinsights_sitenote_category":0,"_uf_show_specific_survey":0,"_uf_disable_surveys":false},"product_brand":[],"product_cat":[42,44,240,192],"product_tag":[125],"giftcard-category":[],"class_list":{"0":"post-684","1":"product","2":"type-product","3":"status-publish","4":"has-post-thumbnail","6":"product_cat-accesoires","7":"product_cat-machine-a-coudre","8":"product_cat-pieds-presseurs","9":"product_cat-autres","10":"product_tag-bernina","12":"first","13":"instock","14":"sale","15":"shipping-taxable","16":"purchasable","17":"product-type-simple"},"aioseo_notices":[],"jetpack_sharing_enabled":true,"_links":{"self":[{"href":"https:\/\/berninabrussels.be\/index.php?rest_route=\/wp\/v2\/product\/684","targetHints":{"allow":["GET"]}}],"collection":[{"href":"https:\/\/berninabrussels.be\/index.php?rest_route=\/wp\/v2\/product"}],"about":[{"href":"https:\/\/berninabrussels.be\/index.php?rest_route=\/wp\/v2\/types\/product"}],"replies":[{"embeddable":true,"href":"https:\/\/berninabrussels.be\/index.php?rest_route=%2Fwp%2Fv2%2Fcomments&post=684"}],"wp:featuredmedia":[{"embeddable":true,"href":"https:\/\/berninabrussels.be\/index.php?rest_route=\/wp\/v2\/media\/685"}],"wp:attachment":[{"href":"https:\/\/berninabrussels.be\/index.php?rest_route=%2Fwp%2Fv2%2Fmedia&parent=684"}],"wp:term":[{"taxonomy":"product_brand","embeddable":true,"href":"https:\/\/berninabrussels.be\/index.php?rest_route=%2Fwp%2Fv2%2Fproduct_brand&post=684"},{"taxonomy":"product_cat","embeddable":true,"href":"https:\/\/berninabrussels.be\/index.php?rest_route=%2Fwp%2Fv2%2Fproduct_cat&post=684"},{"taxonomy":"product_tag","embeddable":true,"href":"https:\/\/berninabrussels.be\/index.php?rest_route=%2Fwp%2Fv2%2Fproduct_tag&post=684"},{"taxonomy":"giftcard-category","embeddable":true,"href":"https:\/\/berninabrussels.be\/index.php?rest_route=%2Fwp%2Fv2%2Fgiftcard-category&post=684"}],"curies":[{"name":"wp","href":"https:\/\/api.w.org\/{rel}","templated":true}]}}