{"id":675,"date":"2023-05-08T13:10:28","date_gmt":"2023-05-08T11:10:28","guid":{"rendered":"https:\/\/berninabrussels.be\/?post_type=product&#038;p=675"},"modified":"2023-05-08T13:12:32","modified_gmt":"2023-05-08T11:12:32","slug":"inserts-pour-couture-de-cordons-pied-72","status":"publish","type":"product","link":"https:\/\/berninabrussels.be\/?product=inserts-pour-couture-de-cordons-pied-72","title":{"rendered":"Inserts pour couture de cordons Pied 72"},"content":{"rendered":"<h3>Inserts pour la couture de cordons Bernina<\/h3>\n<h4>Pour confectionner des quilts \u00e9labor\u00e9s<\/h4>\n<p>Gr\u00e2ce aux inserts pour la couture de cordons, vous pourrez coudre des fils, des cordons, des fils de laine ou de feutre sur vos ouvrages cr\u00e9atifs. Coudre des cordons s&rsquo;av\u00e8re tr\u00e8s simple soit avec un guide en plexiglas, soit avec la technique main libre. Les inserts s&rsquo;utilisent avec le Pied Ruler r\u00e9glable #72. Ils se fixent sur la face inf\u00e9rieure du pied-de-biche. Fabriqu\u00e9s en mat\u00e9riau de haute qualit\u00e9, les inserts sont tr\u00e8s solides. Ils prot\u00e8gent la surface lors de la confection de quilts avec des fils et des cordons m\u00e9talliques.<\/p>\n<p>Dot\u00e9s d&rsquo;orifices de 1,4, 1,8 et 2,2\u00a0mm, les trois inserts conviennent pour des fils fins, moyens ou \u00e9pais<\/p>\n","protected":false},"excerpt":{"rendered":"<p>Inserts pour la couture de cordons Bernina Pour confectionner des quilts \u00e9labor\u00e9s Gr\u00e2ce aux inserts pour la couture de cordons, vous pourrez coudre des fils, des cordons, des fils de laine ou de feutre sur vos ouvrages cr\u00e9atifs. Coudre des cordons s&rsquo;av\u00e8re tr\u00e8s simple soit avec un guide en plexiglas, soit avec la technique main&hellip;<\/p>\n","protected":false},"featured_media":677,"comment_status":"open","ping_status":"closed","template":"","meta":{"om_disable_all_campaigns":false,"_monsterinsights_skip_tracking":false,"_monsterinsights_sitenote_active":false,"_monsterinsights_sitenote_note":"","_monsterinsights_sitenote_category":0,"_uf_show_specific_survey":0,"_uf_disable_surveys":false},"product_brand":[],"product_cat":[203],"product_tag":[125],"giftcard-category":[],"class_list":{"0":"post-675","1":"product","2":"type-product","3":"status-publish","4":"has-post-thumbnail","6":"product_cat-autre","7":"product_tag-bernina","9":"first","10":"instock","11":"sale","12":"shipping-taxable","13":"purchasable","14":"product-type-simple"},"aioseo_notices":[],"jetpack_sharing_enabled":true,"_links":{"self":[{"href":"https:\/\/berninabrussels.be\/index.php?rest_route=\/wp\/v2\/product\/675","targetHints":{"allow":["GET"]}}],"collection":[{"href":"https:\/\/berninabrussels.be\/index.php?rest_route=\/wp\/v2\/product"}],"about":[{"href":"https:\/\/berninabrussels.be\/index.php?rest_route=\/wp\/v2\/types\/product"}],"replies":[{"embeddable":true,"href":"https:\/\/berninabrussels.be\/index.php?rest_route=%2Fwp%2Fv2%2Fcomments&post=675"}],"wp:featuredmedia":[{"embeddable":true,"href":"https:\/\/berninabrussels.be\/index.php?rest_route=\/wp\/v2\/media\/677"}],"wp:attachment":[{"href":"https:\/\/berninabrussels.be\/index.php?rest_route=%2Fwp%2Fv2%2Fmedia&parent=675"}],"wp:term":[{"taxonomy":"product_brand","embeddable":true,"href":"https:\/\/berninabrussels.be\/index.php?rest_route=%2Fwp%2Fv2%2Fproduct_brand&post=675"},{"taxonomy":"product_cat","embeddable":true,"href":"https:\/\/berninabrussels.be\/index.php?rest_route=%2Fwp%2Fv2%2Fproduct_cat&post=675"},{"taxonomy":"product_tag","embeddable":true,"href":"https:\/\/berninabrussels.be\/index.php?rest_route=%2Fwp%2Fv2%2Fproduct_tag&post=675"},{"taxonomy":"giftcard-category","embeddable":true,"href":"https:\/\/berninabrussels.be\/index.php?rest_route=%2Fwp%2Fv2%2Fgiftcard-category&post=675"}],"curies":[{"name":"wp","href":"https:\/\/api.w.org\/{rel}","templated":true}]}}