{"id":673,"date":"2023-05-08T13:08:20","date_gmt":"2023-05-08T11:08:20","guid":{"rendered":"https:\/\/berninabrussels.be\/?post_type=product&#038;p=673"},"modified":"2023-05-08T13:10:11","modified_gmt":"2023-05-08T11:10:11","slug":"kit-de-7-pieds-pour-regle","status":"publish","type":"product","link":"https:\/\/berninabrussels.be\/?product=kit-de-7-pieds-pour-regle","title":{"rendered":"Kit de 7 pieds pour r\u00e8gle"},"content":{"rendered":"<h3>Set de pieds pour le quilting \u00e0 la r\u00e8gle<\/h3>\n<p><i class=\"fa fa-exclamation-triangle fa-fw text-warning\"><\/i>\u00a0<b>Information importante :\u00a0<\/b>Ce kit multimarques s&rsquo;utilise\u00a0<u><b>uniquement<\/b><\/u>\u00a0sur les machines avec un support bas.<br \/>\n<b>Pour la Janome MC11000<\/b>, il est possible d&rsquo;utiliser ce kit en compl\u00e9ment avec l&rsquo;allonge pied adaptateur S F009N Brother<\/p>\n<p>On coud avec ces pieds pour r\u00e8gles le long d&rsquo;un gabarit, d&rsquo;une r\u00e8gle en plexiglas pour obtenir des motifs quilts d\u00e9coratifs comme des lignes, des plumes ou des cercles. Son haut rebord de semelle permet de quilter tout autour des rebords du gabarit en plexiglas, particuli\u00e8rement important quand on coud des cercles.<\/p>\n<p>Gr\u00e2ce aux pieds pour la couture de cordons, vous pourrez coudre des fils, des cordons, des fils de laine ou de feutre sur vos ouvrages cr\u00e9atifs. Coudre des cordons s&rsquo;av\u00e8re tr\u00e8s simple soit avec un guide\/r\u00e8gle en plexiglas, soit avec la technique main libre.<\/p>\n","protected":false},"excerpt":{"rendered":"<p>Set de pieds pour le quilting \u00e0 la r\u00e8gle \u00a0Information importante :\u00a0Ce kit multimarques s&rsquo;utilise\u00a0uniquement\u00a0sur les machines avec un support bas. Pour la Janome MC11000, il est possible d&rsquo;utiliser ce kit en compl\u00e9ment avec l&rsquo;allonge pied adaptateur S F009N Brother On coud avec ces pieds pour r\u00e8gles le long d&rsquo;un gabarit, d&rsquo;une r\u00e8gle en plexiglas&hellip;<\/p>\n","protected":false},"featured_media":674,"comment_status":"open","ping_status":"closed","template":"","meta":{"om_disable_all_campaigns":false,"_monsterinsights_skip_tracking":false,"_monsterinsights_sitenote_active":false,"_monsterinsights_sitenote_note":"","_monsterinsights_sitenote_category":0,"_uf_show_specific_survey":0,"_uf_disable_surveys":false},"product_brand":[],"product_cat":[42,44,240,181],"product_tag":[125],"giftcard-category":[],"class_list":{"0":"post-673","1":"product","2":"type-product","3":"status-publish","4":"has-post-thumbnail","6":"product_cat-accesoires","7":"product_cat-machine-a-coudre","8":"product_cat-pieds-presseurs","9":"product_cat-kit-de-pieds","10":"product_tag-bernina","12":"first","13":"instock","14":"shipping-taxable","15":"purchasable","16":"product-type-simple"},"aioseo_notices":[],"jetpack_sharing_enabled":true,"_links":{"self":[{"href":"https:\/\/berninabrussels.be\/index.php?rest_route=\/wp\/v2\/product\/673","targetHints":{"allow":["GET"]}}],"collection":[{"href":"https:\/\/berninabrussels.be\/index.php?rest_route=\/wp\/v2\/product"}],"about":[{"href":"https:\/\/berninabrussels.be\/index.php?rest_route=\/wp\/v2\/types\/product"}],"replies":[{"embeddable":true,"href":"https:\/\/berninabrussels.be\/index.php?rest_route=%2Fwp%2Fv2%2Fcomments&post=673"}],"wp:featuredmedia":[{"embeddable":true,"href":"https:\/\/berninabrussels.be\/index.php?rest_route=\/wp\/v2\/media\/674"}],"wp:attachment":[{"href":"https:\/\/berninabrussels.be\/index.php?rest_route=%2Fwp%2Fv2%2Fmedia&parent=673"}],"wp:term":[{"taxonomy":"product_brand","embeddable":true,"href":"https:\/\/berninabrussels.be\/index.php?rest_route=%2Fwp%2Fv2%2Fproduct_brand&post=673"},{"taxonomy":"product_cat","embeddable":true,"href":"https:\/\/berninabrussels.be\/index.php?rest_route=%2Fwp%2Fv2%2Fproduct_cat&post=673"},{"taxonomy":"product_tag","embeddable":true,"href":"https:\/\/berninabrussels.be\/index.php?rest_route=%2Fwp%2Fv2%2Fproduct_tag&post=673"},{"taxonomy":"giftcard-category","embeddable":true,"href":"https:\/\/berninabrussels.be\/index.php?rest_route=%2Fwp%2Fv2%2Fgiftcard-category&post=673"}],"curies":[{"name":"wp","href":"https:\/\/api.w.org\/{rel}","templated":true}]}}