{"id":669,"date":"2023-05-08T13:05:49","date_gmt":"2023-05-08T11:05:49","guid":{"rendered":"https:\/\/berninabrussels.be\/?post_type=product&#038;p=669"},"modified":"2023-05-08T13:07:13","modified_gmt":"2023-05-08T11:07:13","slug":"pied-mains-libres-ouvert-ajustable-73","status":"publish","type":"product","link":"https:\/\/berninabrussels.be\/?product=pied-mains-libres-ouvert-ajustable-73","title":{"rendered":"Pied mains libres ouvert ajustable 73"},"content":{"rendered":"<h3>Pied 73 broderie \u00e0 mains libres ouvert BERNINA<\/h3>\n<p>Les pointill\u00e9s et le travail pr\u00e9cis sont simples et pr\u00e9cis avec le pied r\u00e9glable BERNINA 73 !<\/p>\n<p>La forme ouverte offre une excellente vue sur le projet, ce qui est parfait pour les travaux minutieux tels que le micro pointillage. Les marques sur le pied se concentrent sur le point de p\u00e9n\u00e9tration de l&rsquo;aiguille, pour un contr\u00f4le total du point \u00e0 tout moment. Gr\u00e2ce \u00e0 la roulette de r\u00e9glage de la hauteur, il est facile de changer la hauteur du pied-de-biche pour s&rsquo;adapter \u00e0 une vari\u00e9t\u00e9 d&rsquo;\u00e9paisseurs de courtepointe.<\/p>\n","protected":false},"excerpt":{"rendered":"<p>Pied 73 broderie \u00e0 mains libres ouvert BERNINA Les pointill\u00e9s et le travail pr\u00e9cis sont simples et pr\u00e9cis avec le pied r\u00e9glable BERNINA 73 ! La forme ouverte offre une excellente vue sur le projet, ce qui est parfait pour les travaux minutieux tels que le micro pointillage. Les marques sur le pied se concentrent&hellip;<\/p>\n","protected":false},"featured_media":670,"comment_status":"open","ping_status":"closed","template":"","meta":{"om_disable_all_campaigns":false,"_monsterinsights_skip_tracking":false,"_monsterinsights_sitenote_active":false,"_monsterinsights_sitenote_note":"","_monsterinsights_sitenote_category":0,"_uf_show_specific_survey":0,"_uf_disable_surveys":false},"product_brand":[],"product_cat":[42,44,240,192],"product_tag":[125],"giftcard-category":[],"class_list":{"0":"post-669","1":"product","2":"type-product","3":"status-publish","4":"has-post-thumbnail","6":"product_cat-accesoires","7":"product_cat-machine-a-coudre","8":"product_cat-pieds-presseurs","9":"product_cat-autres","10":"product_tag-bernina","12":"first","13":"instock","14":"sale","15":"shipping-taxable","16":"purchasable","17":"product-type-simple"},"aioseo_notices":[],"jetpack_sharing_enabled":true,"_links":{"self":[{"href":"https:\/\/berninabrussels.be\/index.php?rest_route=\/wp\/v2\/product\/669","targetHints":{"allow":["GET"]}}],"collection":[{"href":"https:\/\/berninabrussels.be\/index.php?rest_route=\/wp\/v2\/product"}],"about":[{"href":"https:\/\/berninabrussels.be\/index.php?rest_route=\/wp\/v2\/types\/product"}],"replies":[{"embeddable":true,"href":"https:\/\/berninabrussels.be\/index.php?rest_route=%2Fwp%2Fv2%2Fcomments&post=669"}],"wp:featuredmedia":[{"embeddable":true,"href":"https:\/\/berninabrussels.be\/index.php?rest_route=\/wp\/v2\/media\/670"}],"wp:attachment":[{"href":"https:\/\/berninabrussels.be\/index.php?rest_route=%2Fwp%2Fv2%2Fmedia&parent=669"}],"wp:term":[{"taxonomy":"product_brand","embeddable":true,"href":"https:\/\/berninabrussels.be\/index.php?rest_route=%2Fwp%2Fv2%2Fproduct_brand&post=669"},{"taxonomy":"product_cat","embeddable":true,"href":"https:\/\/berninabrussels.be\/index.php?rest_route=%2Fwp%2Fv2%2Fproduct_cat&post=669"},{"taxonomy":"product_tag","embeddable":true,"href":"https:\/\/berninabrussels.be\/index.php?rest_route=%2Fwp%2Fv2%2Fproduct_tag&post=669"},{"taxonomy":"giftcard-category","embeddable":true,"href":"https:\/\/berninabrussels.be\/index.php?rest_route=%2Fwp%2Fv2%2Fgiftcard-category&post=669"}],"curies":[{"name":"wp","href":"https:\/\/api.w.org\/{rel}","templated":true}]}}