{"id":665,"date":"2023-05-08T12:03:42","date_gmt":"2023-05-08T10:03:42","guid":{"rendered":"https:\/\/berninabrussels.be\/?post_type=product&#038;p=665"},"modified":"2023-05-08T12:04:46","modified_gmt":"2023-05-08T10:04:46","slug":"support-daccessoires-bernina","status":"publish","type":"product","link":"https:\/\/berninabrussels.be\/?product=support-daccessoires-bernina","title":{"rendered":"Support d&rsquo;accessoires Bernina"},"content":{"rendered":"<p>Afin de pouvoir fixer les accessoires pour surjeteuse, certains mod\u00e8les de surjeteuse BERNINA doivent \u00eatre \u00e9quip\u00e9s du support pour accessoires. Il permet, en quelques gestes, d&rsquo;installer des outils tr\u00e8s pratiques comme le guide droit et gauche, le guide fronceur ou le guide du pied pour passepoils, perles et paillettes sur votre surjeteuse BERNINA. Le support pour accessoires est constitu\u00e9 d&rsquo;un support de fixation pr\u00e9vu pour l&rsquo;accessoire, ainsi que d&rsquo;une vis de r\u00e9glage et d&rsquo;une grosse vis d&rsquo;assemblage con\u00e7ues pour le fixer sur la surjeteuse. Pour utiliser ce support pour accessoires sp\u00e9cial, rien de plus facile!<\/p>\n<p>Il suffit, apr\u00e8s avoir install\u00e9 le support, de positionner l&rsquo;accessoire d\u00e9sir\u00e9 puis de le fixer gr\u00e2ce \u00e0 la vis. Les mod\u00e8les de surjeteuse BERNINA Funlock, 300-Serie, 700D und 800D\/DL peuvent d\u00e8s lors accueillir eux-aussi la vaste gamme d&rsquo;accessoires destin\u00e9e \u00e0 travailler les tissus.<\/p>\n","protected":false},"excerpt":{"rendered":"<p>Afin de pouvoir fixer les accessoires pour surjeteuse, certains mod\u00e8les de surjeteuse BERNINA doivent \u00eatre \u00e9quip\u00e9s du support pour accessoires. Il permet, en quelques gestes, d&rsquo;installer des outils tr\u00e8s pratiques comme le guide droit et gauche, le guide fronceur ou le guide du pied pour passepoils, perles et paillettes sur votre surjeteuse BERNINA. Le support&hellip;<\/p>\n","protected":false},"featured_media":666,"comment_status":"open","ping_status":"closed","template":"","meta":{"om_disable_all_campaigns":false,"_monsterinsights_skip_tracking":false,"_monsterinsights_sitenote_active":false,"_monsterinsights_sitenote_note":"","_monsterinsights_sitenote_category":0,"_uf_show_specific_survey":0,"_uf_disable_surveys":false},"product_brand":[],"product_cat":[42,44,240,187],"product_tag":[125],"giftcard-category":[],"class_list":{"0":"post-665","1":"product","2":"type-product","3":"status-publish","4":"has-post-thumbnail","6":"product_cat-accesoires","7":"product_cat-machine-a-coudre","8":"product_cat-pieds-presseurs","9":"product_cat-pied-boutonniere","10":"product_tag-bernina","12":"first","13":"instock","14":"sale","15":"shipping-taxable","16":"purchasable","17":"product-type-simple"},"aioseo_notices":[],"jetpack_sharing_enabled":true,"_links":{"self":[{"href":"https:\/\/berninabrussels.be\/index.php?rest_route=\/wp\/v2\/product\/665","targetHints":{"allow":["GET"]}}],"collection":[{"href":"https:\/\/berninabrussels.be\/index.php?rest_route=\/wp\/v2\/product"}],"about":[{"href":"https:\/\/berninabrussels.be\/index.php?rest_route=\/wp\/v2\/types\/product"}],"replies":[{"embeddable":true,"href":"https:\/\/berninabrussels.be\/index.php?rest_route=%2Fwp%2Fv2%2Fcomments&post=665"}],"wp:featuredmedia":[{"embeddable":true,"href":"https:\/\/berninabrussels.be\/index.php?rest_route=\/wp\/v2\/media\/666"}],"wp:attachment":[{"href":"https:\/\/berninabrussels.be\/index.php?rest_route=%2Fwp%2Fv2%2Fmedia&parent=665"}],"wp:term":[{"taxonomy":"product_brand","embeddable":true,"href":"https:\/\/berninabrussels.be\/index.php?rest_route=%2Fwp%2Fv2%2Fproduct_brand&post=665"},{"taxonomy":"product_cat","embeddable":true,"href":"https:\/\/berninabrussels.be\/index.php?rest_route=%2Fwp%2Fv2%2Fproduct_cat&post=665"},{"taxonomy":"product_tag","embeddable":true,"href":"https:\/\/berninabrussels.be\/index.php?rest_route=%2Fwp%2Fv2%2Fproduct_tag&post=665"},{"taxonomy":"giftcard-category","embeddable":true,"href":"https:\/\/berninabrussels.be\/index.php?rest_route=%2Fwp%2Fv2%2Fgiftcard-category&post=665"}],"curies":[{"name":"wp","href":"https:\/\/api.w.org\/{rel}","templated":true}]}}