{"id":657,"date":"2023-05-08T11:55:44","date_gmt":"2023-05-08T09:55:44","guid":{"rendered":"https:\/\/berninabrussels.be\/?post_type=product&#038;p=657"},"modified":"2023-05-08T11:56:58","modified_gmt":"2023-05-08T09:56:58","slug":"pied-main-libre-ouvert-ajustable-73","status":"publish","type":"product","link":"https:\/\/berninabrussels.be\/?product=pied-main-libre-ouvert-ajustable-73","title":{"rendered":"Pied main libre ouvert ajustable 73"},"content":{"rendered":"<h3>Pied 73 broderie \u00e0 mains libres ouvert BERNINA (OLD)<\/h3>\n<p>Les pointill\u00e9s et le travail pr\u00e9cisl sont simples et pr\u00e9cis avec le pied r\u00e9glable BERNINA #73 !<\/p>\n<p>La forme ouverte offre une excellente vue sur le projet, ce qui est parfait pour les travaux minutieux tels que le micro pointillage. Les marques sur le pied se concentrent sur le point de p\u00e9n\u00e9tration de l&rsquo;aiguille, pour un contr\u00f4le total du point \u00e0 tout moment. Gr\u00e2ce \u00e0 la roulette de r\u00e9glage de la hauteur, il est facile de changer la hauteur du pied-de-biche pour s&rsquo;adapter \u00e0 une vari\u00e9t\u00e9 d&rsquo;\u00e9paisseurs de courtepointe.<\/p>\n<p>Cette vid\u00e9o montre comment fixer le pied-de-biche, ajuster les r\u00e9glages si n\u00e9cessaire et comment obtenir des r\u00e9sultats parfaits de quilting<\/p>\n","protected":false},"excerpt":{"rendered":"<p>Pied 73 broderie \u00e0 mains libres ouvert BERNINA (OLD) Les pointill\u00e9s et le travail pr\u00e9cisl sont simples et pr\u00e9cis avec le pied r\u00e9glable BERNINA #73 ! La forme ouverte offre une excellente vue sur le projet, ce qui est parfait pour les travaux minutieux tels que le micro pointillage. Les marques sur le pied se&hellip;<\/p>\n","protected":false},"featured_media":658,"comment_status":"open","ping_status":"closed","template":"","meta":{"om_disable_all_campaigns":false,"_monsterinsights_skip_tracking":false,"_monsterinsights_sitenote_active":false,"_monsterinsights_sitenote_note":"","_monsterinsights_sitenote_category":0,"_uf_show_specific_survey":0,"_uf_disable_surveys":false},"product_brand":[],"product_cat":[42,44,240,192],"product_tag":[125],"giftcard-category":[],"class_list":{"0":"post-657","1":"product","2":"type-product","3":"status-publish","4":"has-post-thumbnail","6":"product_cat-accesoires","7":"product_cat-machine-a-coudre","8":"product_cat-pieds-presseurs","9":"product_cat-autres","10":"product_tag-bernina","12":"first","13":"instock","14":"sale","15":"shipping-taxable","16":"purchasable","17":"product-type-simple"},"aioseo_notices":[],"jetpack_sharing_enabled":true,"_links":{"self":[{"href":"https:\/\/berninabrussels.be\/index.php?rest_route=\/wp\/v2\/product\/657","targetHints":{"allow":["GET"]}}],"collection":[{"href":"https:\/\/berninabrussels.be\/index.php?rest_route=\/wp\/v2\/product"}],"about":[{"href":"https:\/\/berninabrussels.be\/index.php?rest_route=\/wp\/v2\/types\/product"}],"replies":[{"embeddable":true,"href":"https:\/\/berninabrussels.be\/index.php?rest_route=%2Fwp%2Fv2%2Fcomments&post=657"}],"wp:featuredmedia":[{"embeddable":true,"href":"https:\/\/berninabrussels.be\/index.php?rest_route=\/wp\/v2\/media\/658"}],"wp:attachment":[{"href":"https:\/\/berninabrussels.be\/index.php?rest_route=%2Fwp%2Fv2%2Fmedia&parent=657"}],"wp:term":[{"taxonomy":"product_brand","embeddable":true,"href":"https:\/\/berninabrussels.be\/index.php?rest_route=%2Fwp%2Fv2%2Fproduct_brand&post=657"},{"taxonomy":"product_cat","embeddable":true,"href":"https:\/\/berninabrussels.be\/index.php?rest_route=%2Fwp%2Fv2%2Fproduct_cat&post=657"},{"taxonomy":"product_tag","embeddable":true,"href":"https:\/\/berninabrussels.be\/index.php?rest_route=%2Fwp%2Fv2%2Fproduct_tag&post=657"},{"taxonomy":"giftcard-category","embeddable":true,"href":"https:\/\/berninabrussels.be\/index.php?rest_route=%2Fwp%2Fv2%2Fgiftcard-category&post=657"}],"curies":[{"name":"wp","href":"https:\/\/api.w.org\/{rel}","templated":true}]}}