{"id":655,"date":"2023-05-08T11:53:11","date_gmt":"2023-05-08T09:53:11","guid":{"rendered":"https:\/\/berninabrussels.be\/?post_type=product&#038;p=655"},"modified":"2023-05-08T11:54:43","modified_gmt":"2023-05-08T09:54:43","slug":"pied-ruler-regle-reglable-72","status":"publish","type":"product","link":"https:\/\/berninabrussels.be\/?product=pied-ruler-regle-reglable-72","title":{"rendered":"Pied Ruler, r\u00e8gle r\u00e9glable 72"},"content":{"rendered":"<h3>Pied ajustable 72 pour r\u00e8gle, ruler BERNINA<\/h3>\n<p>Ce pied permet de coudre le long des r\u00e8gles quilting pour cr\u00e9er des motifs d\u00e9coratifs<\/p>\n<p>courtepointe tels que des lignes, des formes, des cercles, etc. Toutes les r\u00e8gles quilting en plexiglass avec une \u00e9paisseur de 1\/4 pouce peuvent \u00eatre utilis\u00e9es.<\/p>\n<p>La hauteur de la semelle du pied permet de suivre tous les bords de ces r\u00e8gles, ce qui est d&rsquo;une importance capitale surtout avec les cercles.<\/p>\n<p>Avec cette technique, les griffes sont abaiss\u00e9es et le tissu avec la r\u00e8gle en plexiglas est guid\u00e9 manuellement, la base du pied reposant contre le bord de la r\u00e8gle. Gr\u00e2ce \u00e0 la molette de\u00a0r\u00e9glage, la hauteur du pied peut \u00eatre r\u00e9gl\u00e9e de mani\u00e8re \u00e0 ce que l&rsquo;\u00e9paisseur du tissu soit individuelle afin que le tissu puisse \u00eatre d\u00e9plac\u00e9 sans se coincer.<br \/>\nDe plus, cette option suppl\u00e9mentaire fournie par la hauteur r\u00e9glable du pied prolonge la port\u00e9e des applications pour les machines \u00e0 coudre BERNINA sans la fonction \u00abpression du pied presseur \/ hauteur du pied presseur automatique\u00bb.<\/p>\n","protected":false},"excerpt":{"rendered":"<p>Pied ajustable 72 pour r\u00e8gle, ruler BERNINA Ce pied permet de coudre le long des r\u00e8gles quilting pour cr\u00e9er des motifs d\u00e9coratifs courtepointe tels que des lignes, des formes, des cercles, etc. Toutes les r\u00e8gles quilting en plexiglass avec une \u00e9paisseur de 1\/4 pouce peuvent \u00eatre utilis\u00e9es. La hauteur de la semelle du pied permet&hellip;<\/p>\n","protected":false},"featured_media":656,"comment_status":"open","ping_status":"closed","template":"","meta":{"om_disable_all_campaigns":false,"_monsterinsights_skip_tracking":false,"_monsterinsights_sitenote_active":false,"_monsterinsights_sitenote_note":"","_monsterinsights_sitenote_category":0,"_uf_show_specific_survey":0,"_uf_disable_surveys":false},"product_brand":[],"product_cat":[42,44,240,192],"product_tag":[125],"giftcard-category":[],"class_list":{"0":"post-655","1":"product","2":"type-product","3":"status-publish","4":"has-post-thumbnail","6":"product_cat-accesoires","7":"product_cat-machine-a-coudre","8":"product_cat-pieds-presseurs","9":"product_cat-autres","10":"product_tag-bernina","12":"first","13":"instock","14":"sale","15":"shipping-taxable","16":"purchasable","17":"product-type-simple"},"aioseo_notices":[],"jetpack_sharing_enabled":true,"_links":{"self":[{"href":"https:\/\/berninabrussels.be\/index.php?rest_route=\/wp\/v2\/product\/655","targetHints":{"allow":["GET"]}}],"collection":[{"href":"https:\/\/berninabrussels.be\/index.php?rest_route=\/wp\/v2\/product"}],"about":[{"href":"https:\/\/berninabrussels.be\/index.php?rest_route=\/wp\/v2\/types\/product"}],"replies":[{"embeddable":true,"href":"https:\/\/berninabrussels.be\/index.php?rest_route=%2Fwp%2Fv2%2Fcomments&post=655"}],"wp:featuredmedia":[{"embeddable":true,"href":"https:\/\/berninabrussels.be\/index.php?rest_route=\/wp\/v2\/media\/656"}],"wp:attachment":[{"href":"https:\/\/berninabrussels.be\/index.php?rest_route=%2Fwp%2Fv2%2Fmedia&parent=655"}],"wp:term":[{"taxonomy":"product_brand","embeddable":true,"href":"https:\/\/berninabrussels.be\/index.php?rest_route=%2Fwp%2Fv2%2Fproduct_brand&post=655"},{"taxonomy":"product_cat","embeddable":true,"href":"https:\/\/berninabrussels.be\/index.php?rest_route=%2Fwp%2Fv2%2Fproduct_cat&post=655"},{"taxonomy":"product_tag","embeddable":true,"href":"https:\/\/berninabrussels.be\/index.php?rest_route=%2Fwp%2Fv2%2Fproduct_tag&post=655"},{"taxonomy":"giftcard-category","embeddable":true,"href":"https:\/\/berninabrussels.be\/index.php?rest_route=%2Fwp%2Fv2%2Fgiftcard-category&post=655"}],"curies":[{"name":"wp","href":"https:\/\/api.w.org\/{rel}","templated":true}]}}