{"id":651,"date":"2023-05-08T11:49:34","date_gmt":"2023-05-08T09:49:34","guid":{"rendered":"https:\/\/berninabrussels.be\/?post_type=product&#038;p=651"},"modified":"2023-05-08T11:51:10","modified_gmt":"2023-05-08T09:51:10","slug":"guide-couture-matelassage-gradue","status":"publish","type":"product","link":"https:\/\/berninabrussels.be\/?product=guide-couture-matelassage-gradue","title":{"rendered":"Guide couture, matelassage gradu\u00e9"},"content":{"rendered":"<div align=\"left\">\n<h3>Guide couture, matelassage gradu\u00e9<\/h3>\n<\/div>\n<div align=\"left\">Le guide avec graduation, positionn\u00e9 \u00e0 droite ou \u00e0 gauche de l&rsquo;aiguille, est compatible avec plusieurs mod\u00e8les de machines \u00e0 coudre BERNINA et vient vous seconder dans vos ouvrages courants ou complexes. Gr\u00e2ce \u00e0 sa vis ins\u00e9rable au niveau de l&rsquo;ouverture, le guide peut \u00eatre fix\u00e9 directement sur le pied-de-biche choisi. La graduation incrust\u00e9e sur le guide est double : en centim\u00e8tres et en pouces. Elle permet de piquer des coutures en lignes parall\u00e8les pr\u00e9cises.<\/div>\n<div><\/div>\n<div align=\"left\">Vous pourrez ainsi travailler avec un grand nombre de techniques de points diverses tout en \u00e9tant s\u00fbre que les \u00e9carts de points sont bien r\u00e9guliers. La forme simple du guide de BERNINA permet de l&rsquo;installer ou de le retirer facilement sur toutes les machines BERNINA.<\/div>\n<div align=\"left\"><\/div>\n<div align=\"left\">Le guide pour matelassage en ligne droite est utilis\u00e9 pour leslarges rentr\u00e9s, les nervures, les surpiq\u00fbres ou le matelassage en parall\u00e8le.<\/div>\n","protected":false},"excerpt":{"rendered":"<p>Guide couture, matelassage gradu\u00e9 Le guide avec graduation, positionn\u00e9 \u00e0 droite ou \u00e0 gauche de l&rsquo;aiguille, est compatible avec plusieurs mod\u00e8les de machines \u00e0 coudre BERNINA et vient vous seconder dans vos ouvrages courants ou complexes. Gr\u00e2ce \u00e0 sa vis ins\u00e9rable au niveau de l&rsquo;ouverture, le guide peut \u00eatre fix\u00e9 directement sur le pied-de-biche choisi.&hellip;<\/p>\n","protected":false},"featured_media":652,"comment_status":"open","ping_status":"closed","template":"","meta":{"om_disable_all_campaigns":false,"_monsterinsights_skip_tracking":false,"_monsterinsights_sitenote_active":false,"_monsterinsights_sitenote_note":"","_monsterinsights_sitenote_category":0,"_uf_show_specific_survey":0,"_uf_disable_surveys":false},"product_brand":[],"product_cat":[180],"product_tag":[125],"giftcard-category":[],"class_list":{"0":"post-651","1":"product","2":"type-product","3":"status-publish","4":"has-post-thumbnail","6":"product_cat-guide-couture","7":"product_tag-bernina","9":"first","10":"instock","11":"sale","12":"shipping-taxable","13":"purchasable","14":"product-type-simple"},"aioseo_notices":[],"jetpack_sharing_enabled":true,"_links":{"self":[{"href":"https:\/\/berninabrussels.be\/index.php?rest_route=\/wp\/v2\/product\/651","targetHints":{"allow":["GET"]}}],"collection":[{"href":"https:\/\/berninabrussels.be\/index.php?rest_route=\/wp\/v2\/product"}],"about":[{"href":"https:\/\/berninabrussels.be\/index.php?rest_route=\/wp\/v2\/types\/product"}],"replies":[{"embeddable":true,"href":"https:\/\/berninabrussels.be\/index.php?rest_route=%2Fwp%2Fv2%2Fcomments&post=651"}],"wp:featuredmedia":[{"embeddable":true,"href":"https:\/\/berninabrussels.be\/index.php?rest_route=\/wp\/v2\/media\/652"}],"wp:attachment":[{"href":"https:\/\/berninabrussels.be\/index.php?rest_route=%2Fwp%2Fv2%2Fmedia&parent=651"}],"wp:term":[{"taxonomy":"product_brand","embeddable":true,"href":"https:\/\/berninabrussels.be\/index.php?rest_route=%2Fwp%2Fv2%2Fproduct_brand&post=651"},{"taxonomy":"product_cat","embeddable":true,"href":"https:\/\/berninabrussels.be\/index.php?rest_route=%2Fwp%2Fv2%2Fproduct_cat&post=651"},{"taxonomy":"product_tag","embeddable":true,"href":"https:\/\/berninabrussels.be\/index.php?rest_route=%2Fwp%2Fv2%2Fproduct_tag&post=651"},{"taxonomy":"giftcard-category","embeddable":true,"href":"https:\/\/berninabrussels.be\/index.php?rest_route=%2Fwp%2Fv2%2Fgiftcard-category&post=651"}],"curies":[{"name":"wp","href":"https:\/\/api.w.org\/{rel}","templated":true}]}}