{"id":645,"date":"2023-05-08T11:42:12","date_gmt":"2023-05-08T09:42:12","guid":{"rendered":"https:\/\/berninabrussels.be\/?post_type=product&#038;p=645"},"modified":"2023-05-08T11:43:34","modified_gmt":"2023-05-08T09:43:34","slug":"pied-biche-universel-standard-l10","status":"publish","type":"product","link":"https:\/\/berninabrussels.be\/?product=pied-biche-universel-standard-l10","title":{"rendered":"Pied biche universel, standard L10"},"content":{"rendered":"<h3>Pied-de-biche standard pour surjeteuse #L10 BERNINA<\/h3>\n<h4>Le pied polyvalent pour tous les ouvrages de surjet<\/h4>\n<div class=\"row irow-xs\">\n<div class=\"col-sm-6\">\n<ul>\n<li><i class=\"fa fa-check fa-fw text-success\"><\/i>\u00a0Facilite les projets de couture quotidiens<\/li>\n<li><i class=\"fa fa-check fa-fw text-success\"><\/i>\u00a0Pour coudre des rubans de jusqu&rsquo;\u00e0 12 mm de large<\/li>\n<li><i class=\"fa fa-check fa-fw text-success\"><\/i>\u00a0Les rep\u00e8res servent de guide pratique<\/li>\n<li><i class=\"fa fa-check fa-fw text-success\"><\/i>\u00a0Compatible avec les surjeteuses L 850 &#8211; L860<\/li>\n<\/ul>\n<\/div>\n<div class=\"col-sm-6\"><\/div>\n<\/div>\n","protected":false},"excerpt":{"rendered":"<p>Ce pied standard peut \u00eatre utilis\u00e9 pour les travaux au point de surjet ou le bord du tissu est coup\u00e9 et surfil\u00e9 en une fois. Ce pied est \u00e9quipe d\u2018un guide ajustable et ouvert.<\/p>\n","protected":false},"featured_media":646,"comment_status":"open","ping_status":"closed","template":"","meta":{"om_disable_all_campaigns":false,"_monsterinsights_skip_tracking":false,"_monsterinsights_sitenote_active":false,"_monsterinsights_sitenote_note":"","_monsterinsights_sitenote_category":0,"_uf_show_specific_survey":0,"_uf_disable_surveys":false},"product_brand":[],"product_cat":[117],"product_tag":[125],"giftcard-category":[],"class_list":{"0":"post-645","1":"product","2":"type-product","3":"status-publish","4":"has-post-thumbnail","6":"product_cat-pieds-surjeteuse","7":"product_tag-bernina","9":"first","10":"instock","11":"sale","12":"shipping-taxable","13":"purchasable","14":"product-type-simple"},"aioseo_notices":[],"jetpack_sharing_enabled":true,"_links":{"self":[{"href":"https:\/\/berninabrussels.be\/index.php?rest_route=\/wp\/v2\/product\/645","targetHints":{"allow":["GET"]}}],"collection":[{"href":"https:\/\/berninabrussels.be\/index.php?rest_route=\/wp\/v2\/product"}],"about":[{"href":"https:\/\/berninabrussels.be\/index.php?rest_route=\/wp\/v2\/types\/product"}],"replies":[{"embeddable":true,"href":"https:\/\/berninabrussels.be\/index.php?rest_route=%2Fwp%2Fv2%2Fcomments&post=645"}],"wp:featuredmedia":[{"embeddable":true,"href":"https:\/\/berninabrussels.be\/index.php?rest_route=\/wp\/v2\/media\/646"}],"wp:attachment":[{"href":"https:\/\/berninabrussels.be\/index.php?rest_route=%2Fwp%2Fv2%2Fmedia&parent=645"}],"wp:term":[{"taxonomy":"product_brand","embeddable":true,"href":"https:\/\/berninabrussels.be\/index.php?rest_route=%2Fwp%2Fv2%2Fproduct_brand&post=645"},{"taxonomy":"product_cat","embeddable":true,"href":"https:\/\/berninabrussels.be\/index.php?rest_route=%2Fwp%2Fv2%2Fproduct_cat&post=645"},{"taxonomy":"product_tag","embeddable":true,"href":"https:\/\/berninabrussels.be\/index.php?rest_route=%2Fwp%2Fv2%2Fproduct_tag&post=645"},{"taxonomy":"giftcard-category","embeddable":true,"href":"https:\/\/berninabrussels.be\/index.php?rest_route=%2Fwp%2Fv2%2Fgiftcard-category&post=645"}],"curies":[{"name":"wp","href":"https:\/\/api.w.org\/{rel}","templated":true}]}}