{"id":643,"date":"2023-05-08T11:38:49","date_gmt":"2023-05-08T09:38:49","guid":{"rendered":"https:\/\/berninabrussels.be\/?post_type=product&#038;p=643"},"modified":"2023-05-08T11:40:01","modified_gmt":"2023-05-08T09:40:01","slug":"guide-fils-decoratifs-l25","status":"publish","type":"product","link":"https:\/\/berninabrussels.be\/?product=guide-fils-decoratifs-l25","title":{"rendered":"Guide fils d\u00e9coratifs L25"},"content":{"rendered":"<h3>Guide pour fil d\u00e9coratif #L25 BERNINA<\/h3>\n<h4>Points de surjet avec des fils \u00e9pais et extensibles<\/h4>\n<div class=\"row irow-xs\">\n<div class=\"col-sm-6\">\n<ul>\n<li><i class=\"fa fa-check fa-fw text-success\"><\/i>\u00a0Pour la piq\u00fbre plus l\u00e2che des fils d\u00e9coratifs<\/li>\n<li><i class=\"fa fa-check fa-fw text-success\"><\/i>\u00a0Id\u00e9al pour piquer des points larges et longs<\/li>\n<li><i class=\"fa fa-check fa-fw text-success\"><\/i>\u00a0Pour les bords d\u00e9coratifs et les piq\u00fbres \u00e0 point plat<\/li>\n<li>\u00a0Compatible avec les surjeteuses L 850\/860\/890<\/li>\n<\/ul>\n<\/div>\n<div class=\"col-sm-6\"><\/div>\n<\/div>\n","protected":false},"excerpt":{"rendered":"<p>Ce guide est id\u00e9al pour coudre des piq\u00fbres larges et des ourlets avec des fils d\u00e9coratifs. La pr\u00e9-tension \u00e9tant d\u00e9riv\u00e9e, aucune ou presque aucune tension n&rsquo;est appliqu\u00e9e au fil d\u00e9coratif.<\/p>\n","protected":false},"featured_media":644,"comment_status":"open","ping_status":"closed","template":"","meta":{"om_disable_all_campaigns":false,"_monsterinsights_skip_tracking":false,"_monsterinsights_sitenote_active":false,"_monsterinsights_sitenote_note":"","_monsterinsights_sitenote_category":0,"_uf_show_specific_survey":0,"_uf_disable_surveys":false},"product_brand":[],"product_cat":[180],"product_tag":[125],"giftcard-category":[],"class_list":{"0":"post-643","1":"product","2":"type-product","3":"status-publish","4":"has-post-thumbnail","6":"product_cat-guide-couture","7":"product_tag-bernina","9":"first","10":"instock","11":"sale","12":"shipping-taxable","13":"purchasable","14":"product-type-simple"},"aioseo_notices":[],"jetpack_sharing_enabled":true,"_links":{"self":[{"href":"https:\/\/berninabrussels.be\/index.php?rest_route=\/wp\/v2\/product\/643","targetHints":{"allow":["GET"]}}],"collection":[{"href":"https:\/\/berninabrussels.be\/index.php?rest_route=\/wp\/v2\/product"}],"about":[{"href":"https:\/\/berninabrussels.be\/index.php?rest_route=\/wp\/v2\/types\/product"}],"replies":[{"embeddable":true,"href":"https:\/\/berninabrussels.be\/index.php?rest_route=%2Fwp%2Fv2%2Fcomments&post=643"}],"wp:featuredmedia":[{"embeddable":true,"href":"https:\/\/berninabrussels.be\/index.php?rest_route=\/wp\/v2\/media\/644"}],"wp:attachment":[{"href":"https:\/\/berninabrussels.be\/index.php?rest_route=%2Fwp%2Fv2%2Fmedia&parent=643"}],"wp:term":[{"taxonomy":"product_brand","embeddable":true,"href":"https:\/\/berninabrussels.be\/index.php?rest_route=%2Fwp%2Fv2%2Fproduct_brand&post=643"},{"taxonomy":"product_cat","embeddable":true,"href":"https:\/\/berninabrussels.be\/index.php?rest_route=%2Fwp%2Fv2%2Fproduct_cat&post=643"},{"taxonomy":"product_tag","embeddable":true,"href":"https:\/\/berninabrussels.be\/index.php?rest_route=%2Fwp%2Fv2%2Fproduct_tag&post=643"},{"taxonomy":"giftcard-category","embeddable":true,"href":"https:\/\/berninabrussels.be\/index.php?rest_route=%2Fwp%2Fv2%2Fgiftcard-category&post=643"}],"curies":[{"name":"wp","href":"https:\/\/api.w.org\/{rel}","templated":true}]}}