{"id":637,"date":"2023-05-08T11:22:56","date_gmt":"2023-05-08T09:22:56","guid":{"rendered":"https:\/\/berninabrussels.be\/?post_type=product&#038;p=637"},"modified":"2025-05-26T10:05:56","modified_gmt":"2025-05-26T08:05:56","slug":"pied-fronceur-l18","status":"publish","type":"product","link":"https:\/\/berninabrussels.be\/?product=pied-fronceur-l18","title":{"rendered":"Pied fronceur L18"},"content":{"rendered":"<h3>Pied pour fronces L18 BERNINA<\/h3>\n<h4>Pour coudre des fronces d\u00e9coratives sans effort<\/h4>\n<div class=\"row irow-xs\">\n<div class=\"col-sm-6\">\n<ul>\n<li><i class=\"fa fa-check fa-fw text-success\"><\/i>\u00a0Pour froncer des couches individuelles de tissu<\/li>\n<li><i class=\"fa fa-check fa-fw text-success\"><\/i>\u00a0Pour froncer et confectionner simultan\u00e9ment un morceau de tissu plat<\/li>\n<li><i class=\"fa fa-check fa-fw text-success\"><\/i>Pour froncer des bandes de tissu<\/li>\n<li><i class=\"fa fa-check fa-fw text-success\"><\/i>\u00a0Compatible avec les surjeteuses L 850 &#8211; L 860<\/li>\n<\/ul>\n<\/div>\n<div class=\"col-sm-6\"><\/div>\n<\/div>\n","protected":false},"excerpt":{"rendered":"<p>Le tissu \u00e0 froncer est gliss\u00e9 sous le guide du fronceur, le tissu qui reste plat repose sur ce dernier. Gr\u00e2ce \u00e0 l\u2018avancement diff\u00e9rentiel, le tissu est \u00e0 la fois fronc\u00e9 et cousu sur le tissu plat.<\/p>\n","protected":false},"featured_media":638,"comment_status":"open","ping_status":"closed","template":"","meta":{"om_disable_all_campaigns":false,"_monsterinsights_skip_tracking":false,"_monsterinsights_sitenote_active":false,"_monsterinsights_sitenote_note":"","_monsterinsights_sitenote_category":0,"_uf_show_specific_survey":0,"_uf_disable_surveys":false},"product_brand":[],"product_cat":[195],"product_tag":[125],"giftcard-category":[],"class_list":{"0":"post-637","1":"product","2":"type-product","3":"status-publish","4":"has-post-thumbnail","6":"product_cat-pied-fronceur","7":"product_tag-bernina","9":"first","10":"instock","11":"sale","12":"shipping-taxable","13":"purchasable","14":"product-type-simple"},"aioseo_notices":[],"jetpack_sharing_enabled":true,"_links":{"self":[{"href":"https:\/\/berninabrussels.be\/index.php?rest_route=\/wp\/v2\/product\/637","targetHints":{"allow":["GET"]}}],"collection":[{"href":"https:\/\/berninabrussels.be\/index.php?rest_route=\/wp\/v2\/product"}],"about":[{"href":"https:\/\/berninabrussels.be\/index.php?rest_route=\/wp\/v2\/types\/product"}],"replies":[{"embeddable":true,"href":"https:\/\/berninabrussels.be\/index.php?rest_route=%2Fwp%2Fv2%2Fcomments&post=637"}],"wp:featuredmedia":[{"embeddable":true,"href":"https:\/\/berninabrussels.be\/index.php?rest_route=\/wp\/v2\/media\/638"}],"wp:attachment":[{"href":"https:\/\/berninabrussels.be\/index.php?rest_route=%2Fwp%2Fv2%2Fmedia&parent=637"}],"wp:term":[{"taxonomy":"product_brand","embeddable":true,"href":"https:\/\/berninabrussels.be\/index.php?rest_route=%2Fwp%2Fv2%2Fproduct_brand&post=637"},{"taxonomy":"product_cat","embeddable":true,"href":"https:\/\/berninabrussels.be\/index.php?rest_route=%2Fwp%2Fv2%2Fproduct_cat&post=637"},{"taxonomy":"product_tag","embeddable":true,"href":"https:\/\/berninabrussels.be\/index.php?rest_route=%2Fwp%2Fv2%2Fproduct_tag&post=637"},{"taxonomy":"giftcard-category","embeddable":true,"href":"https:\/\/berninabrussels.be\/index.php?rest_route=%2Fwp%2Fv2%2Fgiftcard-category&post=637"}],"curies":[{"name":"wp","href":"https:\/\/api.w.org\/{rel}","templated":true}]}}