{"id":62,"date":"2023-05-05T15:00:52","date_gmt":"2023-05-05T13:00:52","guid":{"rendered":"https:\/\/berninabrussels.be\/?post_type=product&#038;p=62"},"modified":"2025-10-11T17:38:26","modified_gmt":"2025-10-11T15:38:26","slug":"machine-a-coudre-bernina-480","status":"publish","type":"product","link":"https:\/\/berninabrussels.be\/?product=machine-a-coudre-bernina-480","title":{"rendered":"MACHINE \u00c0 COUDRE BERNINA 480+pied tirette invisible &#8211; Cours de prise en main offert"},"content":{"rendered":"","protected":false},"excerpt":{"rendered":"<h2><span dir=\"auto\" style=\"vertical-align: inherit;\"><span dir=\"auto\" style=\"vertical-align: inherit;\">D\u00e9couvrez un savoir-faire sup\u00e9rieur avec la Bernina 480<\/span><\/span><\/h2>\n<p><span dir=\"auto\" style=\"vertical-align: inherit;\"><span dir=\"auto\" style=\"vertical-align: inherit;\">La Bernina 480 s&rsquo;impose comme le mod\u00e8le le plus \u00e9l\u00e9gant et le plus avanc\u00e9 de la prestigieuse gamme S\u00e9rie 4, offrant une pr\u00e9cision et une polyvalence in\u00e9gal\u00e9es aux passionn\u00e9s de couture. Avec une largeur de point impressionnante de 9 mm, elle surpasse de loin les 5,5 mm des Bernina 435 et Bernina 475. Que vous souhaitiez embellir des motifs complexes ou r\u00e9aliser des ouvrages complexes, la Bernina 480 garantit des r\u00e9sultats de qualit\u00e9 professionnelle \u00e0 chaque fois.<\/span><\/span><\/p>\n<h2><span dir=\"auto\" style=\"vertical-align: inherit;\"><span dir=\"auto\" style=\"vertical-align: inherit;\">Conception riche en fonctionnalit\u00e9s pour une cr\u00e9ativit\u00e9 fluide<\/span><\/span><\/h2>\n<p><span dir=\"auto\" style=\"vertical-align: inherit;\"><span dir=\"auto\" style=\"vertical-align: inherit;\">La Bernina 480 est con\u00e7ue avec l&rsquo;innovation au c\u0153ur de ses pr\u00e9occupations. Elle est \u00e9quip\u00e9e d&rsquo;un coupe-fil automatique, gage d&rsquo;efficacit\u00e9 et de r\u00e9duction des efforts manuels lors de vos s\u00e9ances de couture. Son \u00e9cran tactile r\u00e9actif vous permet de naviguer facilement dans les r\u00e9glages, offrant une exp\u00e9rience utilisateur conviviale qui convient aussi bien aux couturi\u00e8res d\u00e9butantes qu&rsquo;aux couturi\u00e8res exp\u00e9riment\u00e9es. Outre ces am\u00e9liorations technologiques, le pack comprend une large gamme d&rsquo;accessoires, pour une polyvalence accrue lors de vos projets de couture.<\/span><\/span><\/p>\n<h2><span dir=\"auto\" style=\"vertical-align: inherit;\"><span dir=\"auto\" style=\"vertical-align: inherit;\">Support exceptionnel et qualit\u00e9 assur\u00e9e<\/span><\/span><\/h2>\n<p><span dir=\"auto\" style=\"vertical-align: inherit;\"><span dir=\"auto\" style=\"vertical-align: inherit;\">L&rsquo;achat de la Bernina 480 vous donne \u00e9galement acc\u00e8s \u00e0 des avantages exclusifs. B\u00e9n\u00e9ficiez d&rsquo;une expertise pratique gr\u00e2ce \u00e0 une formation personnalis\u00e9e avec Olivier Bruynincx, responsable de la boutique, pour exploiter pleinement les capacit\u00e9s de votre machine. Cette offre bien pens\u00e9e t\u00e9moigne de l&rsquo;engagement de la marque pour votre r\u00e9ussite et la facilit\u00e9 avec laquelle vous ma\u00eetriserez votre exp\u00e9rience de couture. De plus, b\u00e9n\u00e9ficiez d&rsquo;une garantie compl\u00e8te de 5 ans sur les pi\u00e8ces m\u00e9caniques, vous permettant d&rsquo;investir en toute confiance dans ce chef-d&rsquo;\u0153uvre d&rsquo;excellence.<\/span><\/span><\/p>\n<p><span dir=\"auto\" style=\"vertical-align: inherit;\"><span dir=\"auto\" style=\"vertical-align: inherit;\">La Bernina 480 n&rsquo;est pas seulement une machine \u00e0 coudre\u00a0; c&rsquo;est un investissement en cr\u00e9ativit\u00e9, performance et fiabilit\u00e9. Lib\u00e9rez votre potentiel de couture d\u00e8s aujourd&rsquo;hui avec le mod\u00e8le le plus \u00e9poustouflant de la S\u00e9rie 4.<\/span><\/span><\/p>\n<p>&nbsp;<\/p>\n<div id=\"ctl00_ContentPlaceHolder1_ctl00_ContentPlaceHolder1_RadAjaxPanelItemInfoPanel\" class=\"RadAjaxPanel\">\n<div id=\"ctl00_ContentPlaceHolder1_RadAjaxPanelItemInfo\" class=\"container\">\n<div class=\"container\">\n<div class=\"tabs tabs-border-highlight\">\n<div class=\"tab-content no-border\">\n<div id=\"description\" class=\"tab-pane fade in active\">\n<div class=\"row irow-sm\">\n<div class=\"col-md-12\">\n<div class=\"container\">\n<div class=\"row irow-xs text-center cards cards-inside cards-images\">\n<div class=\"col-sm-4\">\n<div class=\"card card-image\">\n<figure class=\"figure\"><img decoding=\"async\" src=\"https:\/\/www.stecker.be\/Images\/ImageDescriptionArticle\/machines\/bernina\/bernina-480\/fonctionnalites-automatisees-machine-a-coudre-bernina-b480.jpg\" alt=\"Fnctionnalit\u00e9s automatis\u00e9es - Machine \u00e0 coudre Bernina B480 S\u00e9rie 4\" \/><\/figure>\n<div class=\"figure-info\">\n<h3>Les fonctionnalit\u00e9s automatis\u00e9es permettent de gagner du temps<\/h3>\n<div class=\"heading-divider\"><\/div>\n<ul>\n<li>\u00a0Coupe-fil automatique<\/li>\n<li><i class=\"fa fa-square fa-fw text-danger\"><\/i>\u00a0Il suffit d\u2019appuyer sur un bouton pour couper le fil<\/li>\n<li><i class=\"fa fa-square fa-fw text-danger\"><\/i>\u00a0Gagne du temps pour un maximum de cr\u00e9ativit\u00e9<\/li>\n<\/ul>\n<p>Avec le coupe-fil automatique, les fils sont coup\u00e9s automatiquement avant la remont\u00e9e de l\u2019aiguille.<\/p>\n<\/div>\n<\/div>\n<\/div>\n<div class=\"col-sm-4\">\n<div class=\"card card-image\">\n<figure class=\"figure\"><img decoding=\"async\" src=\"https:\/\/www.stecker.be\/Images\/ImageDescriptionArticle\/machines\/bernina\/bernina-480\/espace-travail-machine-a-coudre-bernina-b480.jpg\" alt=\"Espace de travail - Machine \u00e0 coudre Bernina B480 S\u00e9rie 4\" \/><\/figure>\n<div class=\"figure-info\">\n<h3>L\u2019espace n\u00e9cessaire pour votre cr\u00e9ativit\u00e9<\/h3>\n<div class=\"heading-divider\"><\/div>\n<ul>\n<li><i class=\"fa fa-square fa-fw text-danger\"><\/i>\u00a0Plus d&rsquo;espace pour toutes sortes de projets<\/li>\n<li><i class=\"fa fa-square fa-fw text-danger\"><\/i>\u00a0Table rallonge incluse<\/li>\n<li><i class=\"fa fa-square fa-fw text-danger\"><\/i>\u00a0R\u00e9alisez vos projets avec aisance<\/li>\n<\/ul>\n<p>Le bras libre \u00e9tendu dispose de 7 mm \u00e0 droite de l\u2019aiguille et offre suffisamment d&rsquo;espace pour les projets, quilts et tous les autres types de cr\u00e9ations.<\/p>\n<\/div>\n<\/div>\n<\/div>\n<div class=\"col-sm-4\">\n<div class=\"card card-image\">\n<figure class=\"figure\"><img decoding=\"async\" src=\"https:\/\/www.stecker.be\/Images\/ImageDescriptionArticle\/machines\/bernina\/bernina-480\/pression-pied-ajustable-machine-a-coudre-bernina-b480.jpg\" alt=\"Pression du pied ajustable - Machine \u00e0 coudre Bernina B480 S\u00e9rie 4\" \/><\/figure>\n<div class=\"figure-info\">\n<h3>Pression du pied ajustable<\/h3>\n<div class=\"heading-divider\"><\/div>\n<ul>\n<li><i class=\"fa fa-square fa-fw text-danger\"><\/i>\u00a0Votre tissu est fin ? Augmentez la pression<\/li>\n<li><i class=\"fa fa-square fa-fw text-danger\"><\/i>\u00a0Votre mati\u00e8re est \u00e9paisse ? R\u00e9duisez la pression.<\/li>\n<li><i class=\"fa fa-square fa-fw text-danger\"><\/i>\u00a0Piquez une vari\u00e9t\u00e9 de mat\u00e9riaux avec facilit\u00e9<\/li>\n<\/ul>\n<p>Le r\u00e9glage de base peut \u00eatre ajust\u00e9 individuellement, en veillant \u00e0 ce que la pression soit toujours id\u00e9ale pour tous les tissus et les mat\u00e9riaux que vous choisissez.<\/p>\n<\/div>\n<\/div>\n<\/div>\n<\/div>\n<\/div>\n<div class=\"container\">\n<div class=\"row irow-xs text-center cards cards-inside cards-images\">\n<div class=\"col-sm-4\">\n<div class=\"card card-image\">\n<figure class=\"figure\"><img decoding=\"async\" src=\"https:\/\/www.stecker.be\/Images\/ImageDescriptionArticle\/machines\/bernina\/bernina-480\/ecran-tactile-machine-a-coudre-bernina-b480.jpg\" alt=\"Ecran tactile convivial - Machine \u00e0 coudre Bernina B480 S\u00e9rie 4\" \/><\/figure>\n<div class=\"figure-info\">\n<h3>\u00c9cran tactile convivial<\/h3>\n<div class=\"heading-divider\"><\/div>\n<ul>\n<li><i class=\"fa fa-square fa-fw text-danger\"><\/i>\u00a0\u00c9cran tactile couleur moderne<\/li>\n<li><i class=\"fa fa-square fa-fw text-danger\"><\/i>\u00a0Navigation simple, facile d\u2019utilisation<\/li>\n<li><i class=\"fa fa-square fa-fw text-danger\"><\/i>\u00a0Obtenez des conseils directement sur l&rsquo;\u00e9cran en cas de besoin<\/li>\n<\/ul>\n<p>L\u2019assistant de couture vous aide \u00e0 trouver les r\u00e9glages adapt\u00e9s. R\u00e9glez les modifications sugg\u00e9r\u00e9es rapidement gr\u00e2ce au bouton multifonction.<\/p>\n<\/div>\n<\/div>\n<\/div>\n<div class=\"col-sm-4\">\n<div class=\"card card-image\">\n<figure class=\"figure\"><img decoding=\"async\" src=\"https:\/\/www.stecker.be\/Images\/ImageDescriptionArticle\/machines\/bernina\/bernina-480\/couture-mains-libres-machine-a-coudre-bernina-b480.jpg\" alt=\"Couture main libre - Machine \u00e0 coudre Bernina B480 S\u00e9rie 4\" \/><\/figure>\n<div class=\"figure-info\">\n<h3>Les mains libres et en contr\u00f4le<\/h3>\n<div class=\"heading-divider\"><\/div>\n<div><\/div>\n<ul>\n<li><i class=\"fa fa-square fa-fw text-danger\"><\/i>\u00a0Couture \u00e0 main libre gr\u00e2ce \u00e0 un levier situ\u00e9 au niveau des genoux<\/li>\n<li><i class=\"fa fa-square fa-fw text-danger\"><\/i>\u00a0Vos mains guident le tissu \u00e0 tout moment.<\/li>\n<li><i class=\"fa fa-square fa-fw text-danger\"><\/i>\u00a0Rel\u00e8vement\/abaissement simultan\u00e9s du pied-de-biche et des griffes d\u2019entra\u00eenement<\/li>\n<\/ul>\n<p>Le syst\u00e8me mains libres BERNINA vous permet de soulever ou d\u2019abaisser le pied presseur en utilisant uniquement la barre situ\u00e9e au niveau du genou. Vous gardez vos mains libres pour guider vos ouvrages.<\/p>\n<\/div>\n<\/div>\n<\/div>\n<div class=\"col-sm-4\">\n<div class=\"card card-image\">\n<figure class=\"figure\"><img decoding=\"async\" src=\"https:\/\/www.stecker.be\/Images\/ImageDescriptionArticle\/machines\/bernina\/bernina-480\/points-couture-parfaits-machine-a-coudre-bernina-b480.jpg\" alt=\"Des points parfaits tr\u00e8s faciles \u00e0 r\u00e9aliser - Machine \u00e0 coudre Bernina B480 S\u00e9rie 4\" \/><\/figure>\n<div class=\"figure-info\">\n<h3>Des points parfaits tr\u00e8s faciles \u00e0 r\u00e9aliser<\/h3>\n<div class=\"heading-divider\"><\/div>\n<div><\/div>\n<ul>\n<li><i class=\"fa fa-square fa-fw text-danger\"><\/i>\u00a0Cousez des points parfaits d\u2019une largeur de 9 mm<\/li>\n<li><i class=\"fa fa-square fa-fw text-danger\"><\/i>\u00a0La canette Jumbo limite le nombre d&rsquo;interruptions<\/li>\n<li><i class=\"fa fa-square fa-fw text-danger\"><\/i>\u00a0Canette \u00e0 chargement frontal pratique<\/li>\n<\/ul>\n<p>Le crochet BERNINA garantit la r\u00e9gularit\u00e9 et la pr\u00e9cision du point \u00e0 une vitesse maximale de 900 points par minute.<\/p>\n<\/div>\n<\/div>\n<\/div>\n<\/div>\n<\/div>\n<p><center><\/p>\n<div><img decoding=\"async\" src=\"https:\/\/www.stecker.be\/Images\/ImageDescriptionArticle\/machines\/bernina\/bernina-480\/yvonne-reichmuth-machine-a-coudre-bernina-b480.png\" alt=\"Yvonne Reichmut - Bernina B480\" \/><\/div>\n<h3>\u00ab\u00a0La B 480 est une partie essentielle de mon studio.\u00a0\u00bb<\/h3>\n<p><i>Hautement sophistiqu\u00e9e. D\u2019une simplicit\u00e9 incroyable. Comme les magnifiques motifs d\u2019Yvonne, sa B 480 combine habilement des fonctions simples et faciles \u00e0 utiliser avec une technologie innovante qui garantit la perfection de ses points de suture sur tout, du cuir aux tissus d\u00e9licats. Sa machine d\u00e9passe ses attentes. Attendez-vous \u00e0 la m\u00eame exp\u00e9rience.<\/i><\/p>\n<p><b>Yvonne Reichmuth &#8211; \u00ab\u00a0Yvy\u00a0\u00bb<\/b>\u00a0Cr\u00e9atrice de mode suisse<\/p>\n<p><\/center><\/p>\n<section class=\"row page-header text-center\">\n<div class=\"col-sm-12\">\n<h3>Accessoires inclus<\/h3>\n<div class=\"heading-divider\"><\/div>\n<\/div>\n<\/section>\n<div class=\"container\">\n<div class=\"row irow-sm text-center cards cards-inside cards-images\">\n<div class=\"col-md-3 col-sm-6\">\n<div class=\"card card-image\">\n<figure class=\"figure\"><a href=\"https:\/\/www.stecker.be\/fr\/produit=pied-01-zigzag-multi-usage-5-5mm-bernina&amp;id=s8157\"><img decoding=\"async\" src=\"https:\/\/www.stecker.be\/Images\/ImageDescriptionArticle\/accessoires\/bernina\/pieds-de-biche\/pied-pour-points-en-marche-arriere-1-bernina.jpg\" alt=\"Semelle pour les points en marche arri\u00e8re # 1\" \/><\/a><\/figure>\n<div class=\"figure-info\">\n<h4>Pied pour points en marche arri\u00e8re # 1<\/h4>\n<div class=\"heading-divider\"><\/div>\n<p>Le pied pour points en marche arri\u00e8re # 1 est le pied-de-biche id\u00e9al pour coudre d&rsquo;avant en arri\u00e8re les points utilitaires et d&rsquo;ornement.<\/p>\n<\/div>\n<\/div>\n<\/div>\n<div class=\"col-md-3 col-sm-6\">\n<div class=\"card card-image\">\n<figure class=\"figure\"><a href=\"https:\/\/www.stecker.be\/fr\/produit=pied-02-overlock-surjet-bordeur-bernina&amp;id=s7948\"><img decoding=\"async\" src=\"https:\/\/www.stecker.be\/Images\/ImageDescriptionArticle\/accessoires\/bernina\/pieds-de-biche\/pied-pour-surjet-2-bernina.jpg\" alt=\"Pied pour surjet # 2\" \/><\/a><\/figure>\n<div class=\"figure-info\">\n<h4>Pied pour surjet # 2<\/h4>\n<div class=\"heading-divider\"><\/div>\n<p>Pied pour surjet # 2, vous pouvez surfiler simplement les rebords et r\u00e9aliser des ourlets, des cols et des points satin droits de grande qualit\u00e9 sur des tissus \u00e0 mailles.<\/p>\n<\/div>\n<\/div>\n<\/div>\n<div class=\"col-md-3 col-sm-6\">\n<div class=\"card card-image\">\n<figure class=\"figure\"><a href=\"https:\/\/www.stecker.be\/fr\/produit=pied-03a-boutonniere-automatique-bernina&amp;id=s3212\"><img decoding=\"async\" src=\"https:\/\/www.stecker.be\/Images\/ImageDescriptionArticle\/accessoires\/bernina\/pieds-de-biche\/pied-traineau-pour-boutonniere-3a-bernina.jpg\" alt=\"Pied tra\u00eeneau pour boutonni\u00e8re # 3A\" \/><\/a><\/figure>\n<div class=\"figure-info\">\n<h4>Pied tra\u00eeneau pour boutonni\u00e8re # 3A<\/h4>\n<div class=\"heading-divider\"><\/div>\n<p>Selon le mod\u00e8le choisi, le pied tra\u00eeneau pour boutonni\u00e8re # 3A d\u00e9finit, manuellement ou gr\u00e2ce \u00e0 un capteur, la longueur de boutonni\u00e8re souhait\u00e9e, permettant ainsi d&rsquo;obtenir des boutonni\u00e8res parfaitement identiques.<\/p>\n<\/div>\n<\/div>\n<\/div>\n<div class=\"col-md-3 col-sm-6\">\n<div class=\"card card-image\">\n<figure class=\"figure\"><a href=\"https:\/\/www.stecker.be\/fr\/produit=pied-04-fermeture-glissiere-bernina&amp;id=s3161\"><img decoding=\"async\" src=\"https:\/\/www.stecker.be\/Images\/ImageDescriptionArticle\/accessoires\/bernina\/pieds-de-biche\/pied-pour-fermeture-a-glissiere-4-bernina.jpg\" alt=\"Pied pour fermeture \u00e0 glissi\u00e8re # 4\" \/><\/a><\/figure>\n<div class=\"figure-info\">\n<h4>Pied pour fermeture \u00e0 glissi\u00e8re # 4<\/h4>\n<div class=\"heading-divider\"><\/div>\n<p>Gr\u00e2ce \u00e0 sa patte centrale tr\u00e8s \u00e9troite, le pied pour fermeture \u00e0 glissi\u00e8re # 4 s&rsquo;approche tr\u00e8s pr\u00e8s des dents de la fermeture \u00e0 glissi\u00e8re, ce qui permet d&rsquo;obtenir une piq\u00fbre nette.<\/p>\n<\/div>\n<\/div>\n<\/div>\n<\/div>\n<div class=\"row irow-sm text-center cards cards-inside cards-images\">\n<div class=\"col-md-3 col-sm-6\">\n<div class=\"card card-image\">\n<figure class=\"figure\"><a href=\"https:\/\/www.stecker.be\/fr\/produit=pied-05-ourlet-invisible-bernina&amp;id=s58224\"><img decoding=\"async\" src=\"https:\/\/www.stecker.be\/Images\/ImageDescriptionArticle\/accessoires\/bernina\/pieds-de-biche\/pied-pour-points-invisibles-5-bernina.jpg\" alt=\"Pied pour points invisibles # 5\" \/><\/a><\/figure>\n<div class=\"figure-info\">\n<h4>Pied pour points invisibles # 5<\/h4>\n<div class=\"heading-divider\"><\/div>\n<p>Le pied pour points invisibles # 5 est id\u00e9al pour coudre les ourlets invisibles sur tous les tissus. Gr\u00e2ce \u00e0 lui, les points effectu\u00e9s sur l&rsquo;endroit deviennent quasiment invisibles.<\/p>\n<\/div>\n<\/div>\n<\/div>\n<div class=\"col-md-3 col-sm-6\">\n<div class=\"card card-image\">\n<figure class=\"figure\"><img decoding=\"async\" src=\"https:\/\/www.stecker.be\/Images\/ImageDescriptionArticle\/accessoires\/bernina\/table-rallonge-pour-le-bras-libre-bernina.jpg\" alt=\"Table rallonge pour le bras libre\" \/><\/figure>\n<div class=\"figure-info\">\n<h4>Table rallonge pour le bras libre<\/h4>\n<div class=\"heading-divider\"><\/div>\n<p>La table rallonge pour le bras libre BERNINA am\u00e9liore votre confort en agrandissant la surface disponible pour votre ouvrage tout en garantissant l&rsquo;acc\u00e8s au bras libre pendant la couture.<\/p>\n<\/div>\n<\/div>\n<\/div>\n<div class=\"col-md-3 col-sm-6\">\n<div class=\"card card-image\">\n<figure class=\"figure\"><img decoding=\"async\" src=\"https:\/\/www.stecker.be\/Images\/ImageDescriptionArticle\/accessoires\/bernina\/genouillere-bernina-480.jpg\" alt=\"Syst\u00e8me Mains libres FHS \/ Genouill\u00e8re\" \/><\/figure>\n<div class=\"figure-info\">\n<h4>Syst\u00e8me Mains libres FHS \/ Genouill\u00e8re<\/h4>\n<div class=\"heading-divider\"><\/div>\n<p>Le Syst\u00e8me Mains libres FHS \/ levier de pied permet de lever le pied-de-biche et d&rsquo;escamoter les griffes d&rsquo;entra\u00eenement \u00e0 l&rsquo;aide du genou. Il est particuli\u00e8rement conseill\u00e9 pour les tissus d\u00e9licats.<\/p>\n<\/div>\n<\/div>\n<\/div>\n<div class=\"col-md-3 col-sm-6\">\n<div class=\"card card-image\">\n<figure class=\"figure\"><\/figure>\n<div class=\"figure-info\"><\/div>\n<\/div>\n<\/div>\n<\/div>\n<\/div>\n<div class=\"container\">\n<div class=\"row irow-xs cards\">\n<div class=\"col-md-7 col-sm-6\">\n<h4>Rangement des accessoires<\/h4>\n<div class=\"heading-divider\"><\/div>\n<p>Les accessoires standard se pr\u00e9sentent dans un sac en plastique. Ils peuvent \u00eatre rang\u00e9s dans le bo\u00eetier pour accessoires.<\/p>\n<ol>\n<li>Housse en tissu<\/li>\n<li>Coffret d&rsquo;accessoires<\/li>\n<li>P\u00e9dale<\/li>\n<li>C\u00e2ble \u00e9lectrique<\/li>\n<li>Lubrifiant<\/li>\n<\/ol>\n<\/div>\n<div class=\"col-md-5 col-sm-6\">\n<div class=\"card card-image\">\n<figure class=\"figure\"><img decoding=\"async\" src=\"https:\/\/www.stecker.be\/Images\/machines\/bernina\/bernina-480\/accessoires-bernina-480.jpg\" alt=\"Accessoires de la machine \u00e0 coudre Bernina 480\" \/><\/figure>\n<\/div>\n<\/div>\n<\/div>\n<\/div>\n<div class=\"container\">\n<div class=\"row irow-xs cards\">\n<div class=\"col-md-7 col-sm-6\">\n<p>&nbsp;<\/p>\n<ol>\n<li>4 canettes pour crochet B9 (dont une dans le bo\u00eetier de canette)<\/li>\n<li>Kit d&rsquo;aiguilles<\/li>\n<li>Plaquettes d&rsquo;\u00e9quilibrage de la hauteur<\/li>\n<li>D\u00e9couvit<\/li>\n<li>Tournevis rouge<\/li>\n<li>Pinceau<\/li>\n<li>1 disque en mousse<\/li>\n<li>3 disques pour d\u00e9roulement du fil<\/li>\n<\/ol>\n<\/div>\n<div class=\"col-md-5 col-sm-6\">\n<div class=\"card card-image\">\n<figure class=\"figure\"><img decoding=\"async\" src=\"https:\/\/www.stecker.be\/Images\/machines\/bernina\/bernina-480\/accessoires-bernina-480-2.jpg\" alt=\"Accessoires de la machine \u00e0 coudre Bernina 480\" \/><\/figure>\n<\/div>\n<\/div>\n<\/div>\n<\/div>\n<div class=\"elfsight-app-f801e886-a3e7-43d5-bc67-dc82044c56a5\" data-elfsight-app-lazy=\"\">\n<div id=\"eapps-contact-form-f801e886-a3e7-43d5-bc67-dc82044c56a5\" class=\"RootLayout__RootComponent-sc-1doisyz-0 iGDhJF eapps-contact-form-f801e886-a3e7-43d5-bc67-dc82044c56a5-custom-css-hook\" data-app=\"eapps-contact-form\" data-app-version=\"1.33.2\"><\/div>\n<\/div>\n<\/div>\n<\/div>\n<\/div>\n<\/div>\n<\/div>\n<\/div>\n<\/div>\n<\/div>\n<p>&nbsp;<\/p>\n","protected":false},"featured_media":78,"comment_status":"open","ping_status":"closed","template":"","meta":{"om_disable_all_campaigns":false,"_monsterinsights_skip_tracking":false,"_monsterinsights_sitenote_active":false,"_monsterinsights_sitenote_note":"","_monsterinsights_sitenote_category":0,"_uf_show_specific_survey":0,"_uf_disable_surveys":false},"product_brand":[],"product_cat":[40,29,16],"product_tag":[],"giftcard-category":[],"class_list":{"0":"post-62","1":"product","2":"type-product","3":"status-publish","4":"has-post-thumbnail","6":"product_cat-electronique","7":"product_cat-machines","8":"product_cat-machines-menageres","10":"first","11":"instock","12":"sale","13":"shipping-taxable","14":"purchasable","15":"product-type-simple"},"aioseo_notices":[],"jetpack_sharing_enabled":true,"_links":{"self":[{"href":"https:\/\/berninabrussels.be\/index.php?rest_route=\/wp\/v2\/product\/62","targetHints":{"allow":["GET"]}}],"collection":[{"href":"https:\/\/berninabrussels.be\/index.php?rest_route=\/wp\/v2\/product"}],"about":[{"href":"https:\/\/berninabrussels.be\/index.php?rest_route=\/wp\/v2\/types\/product"}],"replies":[{"embeddable":true,"href":"https:\/\/berninabrussels.be\/index.php?rest_route=%2Fwp%2Fv2%2Fcomments&post=62"}],"wp:featuredmedia":[{"embeddable":true,"href":"https:\/\/berninabrussels.be\/index.php?rest_route=\/wp\/v2\/media\/78"}],"wp:attachment":[{"href":"https:\/\/berninabrussels.be\/index.php?rest_route=%2Fwp%2Fv2%2Fmedia&parent=62"}],"wp:term":[{"taxonomy":"product_brand","embeddable":true,"href":"https:\/\/berninabrussels.be\/index.php?rest_route=%2Fwp%2Fv2%2Fproduct_brand&post=62"},{"taxonomy":"product_cat","embeddable":true,"href":"https:\/\/berninabrussels.be\/index.php?rest_route=%2Fwp%2Fv2%2Fproduct_cat&post=62"},{"taxonomy":"product_tag","embeddable":true,"href":"https:\/\/berninabrussels.be\/index.php?rest_route=%2Fwp%2Fv2%2Fproduct_tag&post=62"},{"taxonomy":"giftcard-category","embeddable":true,"href":"https:\/\/berninabrussels.be\/index.php?rest_route=%2Fwp%2Fv2%2Fgiftcard-category&post=62"}],"curies":[{"name":"wp","href":"https:\/\/api.w.org\/{rel}","templated":true}]}}