{"id":617,"date":"2023-05-08T10:44:39","date_gmt":"2023-05-08T08:44:39","guid":{"rendered":"https:\/\/berninabrussels.be\/?post_type=product&#038;p=617"},"modified":"2023-05-08T10:45:55","modified_gmt":"2023-05-08T08:45:55","slug":"ourleur-double-pli-10-36mm-c21","status":"publish","type":"product","link":"https:\/\/berninabrussels.be\/?product=ourleur-double-pli-10-36mm-c21","title":{"rendered":"Ourleur double pli 10\/36mm C21"},"content":{"rendered":"<h3>Ourleur double pli pour biais non pr\u00e9pli\u00e9s 10\/36mm # C21 BERNINA<\/h3>\n<p>L\u2019appareil \u00e0 ganser double pli sert \u00e0 garnir les bords de tissu et les encolures d\u2019un biais. Le ruban non pli\u00e9 est introduit \u00e0 travers le rail de guidage mis en place, doublement rabattu sur les c\u00f4t\u00e9s sup\u00e9rieur et inf\u00e9rieur, puis ousu avec un point de recouvrement ou de cha\u00eenette. Pour un look parfait, il est aussi possible de confectionner soi-m\u00eame le biais.<\/p>\n<p>Des rubans d\u2019une largeur de 36 mm permettent d\u2019obtenir une largeur finie de 10 mm environ.<br \/>\nUn adaptateur est n\u00e9cessaire pour utiliser l\u2019appareil \u00e0 ganser.<\/p>\n","protected":false},"excerpt":{"rendered":"<p>Ourleur double pli pour biais non pr\u00e9pli\u00e9s 10\/36mm # C21 BERNINA L\u2019appareil \u00e0 ganser double pli sert \u00e0 garnir les bords de tissu et les encolures d\u2019un biais. Le ruban non pli\u00e9 est introduit \u00e0 travers le rail de guidage mis en place, doublement rabattu sur les c\u00f4t\u00e9s sup\u00e9rieur et inf\u00e9rieur, puis ousu avec un&hellip;<\/p>\n","protected":false},"featured_media":618,"comment_status":"open","ping_status":"closed","template":"","meta":{"om_disable_all_campaigns":false,"_monsterinsights_skip_tracking":false,"_monsterinsights_sitenote_active":false,"_monsterinsights_sitenote_note":"","_monsterinsights_sitenote_category":0,"_uf_show_specific_survey":0,"_uf_disable_surveys":false},"product_brand":[],"product_cat":[42,44,240,193],"product_tag":[125],"giftcard-category":[],"class_list":{"0":"post-617","1":"product","2":"type-product","3":"status-publish","4":"has-post-thumbnail","6":"product_cat-accesoires","7":"product_cat-machine-a-coudre","8":"product_cat-pieds-presseurs","9":"product_cat-ourleurs","10":"product_tag-bernina","12":"first","13":"instock","14":"shipping-taxable","15":"purchasable","16":"product-type-simple"},"aioseo_notices":[],"jetpack_sharing_enabled":true,"_links":{"self":[{"href":"https:\/\/berninabrussels.be\/index.php?rest_route=\/wp\/v2\/product\/617","targetHints":{"allow":["GET"]}}],"collection":[{"href":"https:\/\/berninabrussels.be\/index.php?rest_route=\/wp\/v2\/product"}],"about":[{"href":"https:\/\/berninabrussels.be\/index.php?rest_route=\/wp\/v2\/types\/product"}],"replies":[{"embeddable":true,"href":"https:\/\/berninabrussels.be\/index.php?rest_route=%2Fwp%2Fv2%2Fcomments&post=617"}],"wp:featuredmedia":[{"embeddable":true,"href":"https:\/\/berninabrussels.be\/index.php?rest_route=\/wp\/v2\/media\/618"}],"wp:attachment":[{"href":"https:\/\/berninabrussels.be\/index.php?rest_route=%2Fwp%2Fv2%2Fmedia&parent=617"}],"wp:term":[{"taxonomy":"product_brand","embeddable":true,"href":"https:\/\/berninabrussels.be\/index.php?rest_route=%2Fwp%2Fv2%2Fproduct_brand&post=617"},{"taxonomy":"product_cat","embeddable":true,"href":"https:\/\/berninabrussels.be\/index.php?rest_route=%2Fwp%2Fv2%2Fproduct_cat&post=617"},{"taxonomy":"product_tag","embeddable":true,"href":"https:\/\/berninabrussels.be\/index.php?rest_route=%2Fwp%2Fv2%2Fproduct_tag&post=617"},{"taxonomy":"giftcard-category","embeddable":true,"href":"https:\/\/berninabrussels.be\/index.php?rest_route=%2Fwp%2Fv2%2Fgiftcard-category&post=617"}],"curies":[{"name":"wp","href":"https:\/\/api.w.org\/{rel}","templated":true}]}}