{"id":613,"date":"2023-05-08T10:40:34","date_gmt":"2023-05-08T08:40:34","guid":{"rendered":"https:\/\/berninabrussels.be\/?post_type=product&#038;p=613"},"modified":"2023-05-08T10:41:44","modified_gmt":"2023-05-08T08:41:44","slug":"pied-pour-points-invisibles-l19","status":"publish","type":"product","link":"https:\/\/berninabrussels.be\/?product=pied-pour-points-invisibles-l19","title":{"rendered":"Pied pour points invisibles L19"},"content":{"rendered":"<h3>Pied pour point invisible #L19 BERNINA<\/h3>\n<h4>Pour confectionner des v\u00eatements particuli\u00e8rement \u00e9l\u00e9gants<\/h4>\n<div class=\"row irow-xs\">\n<div class=\"col-sm-6\">\n<ul>\n<li><i class=\"fa fa-check fa-fw text-success\"><\/i>\u00a0Pour coudre des ourlets invisibles<\/li>\n<li><i class=\"fa fa-check fa-fw text-success\"><\/i>\u00a0Convient pour les ourlets \u00e0 point plat et les techniques de broderie blanche<\/li>\n<li><i class=\"fa fa-check fa-fw text-success\"><\/i>\u00a0Guide r\u00e9glable<\/li>\n<li><i class=\"fa fa-check fa-fw text-success\"><\/i>\u00a0Les guides replient le tissu pendant la couture sans le d\u00e9couper<\/li>\n<li><i class=\"fa fa-check fa-fw text-success\"><\/i>\u00a0Compatible avec les surjeteuses L 850 &#8211; L 860<\/li>\n<\/ul>\n<\/div>\n<div class=\"col-sm-6\"><\/div>\n<\/div>\n","protected":false},"excerpt":{"rendered":"<p>Le guide lat\u00e9ral r\u00e9glable facilite la couture d\u2018ourlets invisibles. Le pied pour points invisibles se pr\u00eate \u00e9galement aux coutures plates au niveau des rebords de plis et \u00e0 la couture blanche.<\/p>\n","protected":false},"featured_media":614,"comment_status":"open","ping_status":"closed","template":"","meta":{"om_disable_all_campaigns":false,"_monsterinsights_skip_tracking":false,"_monsterinsights_sitenote_active":false,"_monsterinsights_sitenote_note":"","_monsterinsights_sitenote_category":0,"_uf_show_specific_survey":0,"_uf_disable_surveys":false},"product_brand":[],"product_cat":[42,44,240,192],"product_tag":[125],"giftcard-category":[],"class_list":{"0":"post-613","1":"product","2":"type-product","3":"status-publish","4":"has-post-thumbnail","6":"product_cat-accesoires","7":"product_cat-machine-a-coudre","8":"product_cat-pieds-presseurs","9":"product_cat-autres","10":"product_tag-bernina","12":"first","13":"instock","14":"sale","15":"shipping-taxable","16":"purchasable","17":"product-type-simple"},"aioseo_notices":[],"jetpack_sharing_enabled":true,"_links":{"self":[{"href":"https:\/\/berninabrussels.be\/index.php?rest_route=\/wp\/v2\/product\/613","targetHints":{"allow":["GET"]}}],"collection":[{"href":"https:\/\/berninabrussels.be\/index.php?rest_route=\/wp\/v2\/product"}],"about":[{"href":"https:\/\/berninabrussels.be\/index.php?rest_route=\/wp\/v2\/types\/product"}],"replies":[{"embeddable":true,"href":"https:\/\/berninabrussels.be\/index.php?rest_route=%2Fwp%2Fv2%2Fcomments&post=613"}],"wp:featuredmedia":[{"embeddable":true,"href":"https:\/\/berninabrussels.be\/index.php?rest_route=\/wp\/v2\/media\/614"}],"wp:attachment":[{"href":"https:\/\/berninabrussels.be\/index.php?rest_route=%2Fwp%2Fv2%2Fmedia&parent=613"}],"wp:term":[{"taxonomy":"product_brand","embeddable":true,"href":"https:\/\/berninabrussels.be\/index.php?rest_route=%2Fwp%2Fv2%2Fproduct_brand&post=613"},{"taxonomy":"product_cat","embeddable":true,"href":"https:\/\/berninabrussels.be\/index.php?rest_route=%2Fwp%2Fv2%2Fproduct_cat&post=613"},{"taxonomy":"product_tag","embeddable":true,"href":"https:\/\/berninabrussels.be\/index.php?rest_route=%2Fwp%2Fv2%2Fproduct_tag&post=613"},{"taxonomy":"giftcard-category","embeddable":true,"href":"https:\/\/berninabrussels.be\/index.php?rest_route=%2Fwp%2Fv2%2Fgiftcard-category&post=613"}],"curies":[{"name":"wp","href":"https:\/\/api.w.org\/{rel}","templated":true}]}}