{"id":611,"date":"2023-05-08T10:39:17","date_gmt":"2023-05-08T08:39:17","guid":{"rendered":"https:\/\/berninabrussels.be\/?post_type=product&#038;p=611"},"modified":"2023-05-08T10:40:16","modified_gmt":"2023-05-08T08:40:16","slug":"pied-pose-elastique-c14","status":"publish","type":"product","link":"https:\/\/berninabrussels.be\/?product=pied-pose-elastique-c14","title":{"rendered":"Pied pose \u00e9lastique C14"},"content":{"rendered":"<h3>Pied pour la couture d&rsquo;\u00e9lastique #C14 BERNINA<\/h3>\n<h4>Pour piquer des \u00e9lastiques comme un professionnel<\/h4>\n<div class=\"row irow-xs\">\n<div class=\"col-sm-6\">\n<ul>\n<li><i class=\"fa fa-check fa-fw text-success\"><\/i>\u00a0Pour les \u00e9lastiques de 5 \u00e0 20 mm de large<\/li>\n<li><i class=\"fa fa-check fa-fw text-success\"><\/i>\u00a0Extensibilit\u00e9 r\u00e9glable de l&rsquo;\u00e9lastique<\/li>\n<li><i class=\"fa fa-check fa-fw text-success\"><\/i>\u00a0Largeur variable de l&rsquo;\u00e9lastique et position par rapport avec les aiguilles<\/li>\n<li><i class=\"fa fa-check fa-fw text-success\"><\/i>\u00a0Id\u00e9al pour la lingerie, les maillots de bain et les v\u00eatements de sport<\/li>\n<li><i class=\"fa fa-check fa-fw text-success\"><\/i>\u00a0Compatible avec la surjeteuse L 890<\/li>\n<\/ul>\n<\/div>\n<div class=\"col-sm-6\"><\/div>\n<\/div>\n","protected":false},"excerpt":{"rendered":"<p>Le pied pour la couture d\u2018\u00e9lastique guide et \u00e9tire l\u2018\u00e9lastique pendant la couture. Id\u00e9al pour la lingerie, les v\u00eatements de sport, les maillots de bain et les tissus destin\u00e9s \u00e0 la d\u00e9coration d\u2018int\u00e9rieur.<\/p>\n","protected":false},"featured_media":612,"comment_status":"open","ping_status":"closed","template":"","meta":{"om_disable_all_campaigns":false,"_monsterinsights_skip_tracking":false,"_monsterinsights_sitenote_active":false,"_monsterinsights_sitenote_note":"","_monsterinsights_sitenote_category":0,"_uf_show_specific_survey":0,"_uf_disable_surveys":false},"product_brand":[],"product_cat":[42,44,240,192],"product_tag":[125],"giftcard-category":[],"class_list":{"0":"post-611","1":"product","2":"type-product","3":"status-publish","4":"has-post-thumbnail","6":"product_cat-accesoires","7":"product_cat-machine-a-coudre","8":"product_cat-pieds-presseurs","9":"product_cat-autres","10":"product_tag-bernina","12":"first","13":"instock","14":"sale","15":"shipping-taxable","16":"purchasable","17":"product-type-simple"},"aioseo_notices":[],"jetpack_sharing_enabled":true,"_links":{"self":[{"href":"https:\/\/berninabrussels.be\/index.php?rest_route=\/wp\/v2\/product\/611","targetHints":{"allow":["GET"]}}],"collection":[{"href":"https:\/\/berninabrussels.be\/index.php?rest_route=\/wp\/v2\/product"}],"about":[{"href":"https:\/\/berninabrussels.be\/index.php?rest_route=\/wp\/v2\/types\/product"}],"replies":[{"embeddable":true,"href":"https:\/\/berninabrussels.be\/index.php?rest_route=%2Fwp%2Fv2%2Fcomments&post=611"}],"wp:featuredmedia":[{"embeddable":true,"href":"https:\/\/berninabrussels.be\/index.php?rest_route=\/wp\/v2\/media\/612"}],"wp:attachment":[{"href":"https:\/\/berninabrussels.be\/index.php?rest_route=%2Fwp%2Fv2%2Fmedia&parent=611"}],"wp:term":[{"taxonomy":"product_brand","embeddable":true,"href":"https:\/\/berninabrussels.be\/index.php?rest_route=%2Fwp%2Fv2%2Fproduct_brand&post=611"},{"taxonomy":"product_cat","embeddable":true,"href":"https:\/\/berninabrussels.be\/index.php?rest_route=%2Fwp%2Fv2%2Fproduct_cat&post=611"},{"taxonomy":"product_tag","embeddable":true,"href":"https:\/\/berninabrussels.be\/index.php?rest_route=%2Fwp%2Fv2%2Fproduct_tag&post=611"},{"taxonomy":"giftcard-category","embeddable":true,"href":"https:\/\/berninabrussels.be\/index.php?rest_route=%2Fwp%2Fv2%2Fgiftcard-category&post=611"}],"curies":[{"name":"wp","href":"https:\/\/api.w.org\/{rel}","templated":true}]}}