{"id":607,"date":"2023-05-08T10:35:01","date_gmt":"2023-05-08T08:35:01","guid":{"rendered":"https:\/\/berninabrussels.be\/?post_type=product&#038;p=607"},"modified":"2023-05-08T10:36:31","modified_gmt":"2023-05-08T08:36:31","slug":"pied-compensateur-point-enveloppant-c12","status":"publish","type":"product","link":"https:\/\/berninabrussels.be\/?product=pied-compensateur-point-enveloppant-c12","title":{"rendered":"Pied compensateur, point enveloppant C12"},"content":{"rendered":"<h3>Pied pour point enveloppant\/d\u2018\u00e9quilibrage C12 BERNINA<\/h3>\n<div class=\"container\">\n<div class=\"row irow-xs cards\">\n<div class=\"col-sm-6\">\n<p>Pour la couture, les ourlets, l\u2018entourage et les points enveloppants ou de cha\u00eenette d\u00e9coratifs le long de couches de tissu d\u2018\u00e9paisseur in\u00e9gale. Les bords lat\u00e9raux \u00e0 ressort du pied guident le tissu lors de la couture de biais pr\u00e9pli\u00e9s, d\u2018un ourlet avec un ruban \u00e9lastique ou pour surpiquer des bordures \u00e9troites.<\/p>\n<\/div>\n<\/div>\n<\/div>\n","protected":false},"excerpt":{"rendered":"<p>Pied pour point enveloppant\/d\u2018\u00e9quilibrage C12 BERNINA Pour la couture, les ourlets, l\u2018entourage et les points enveloppants ou de cha\u00eenette d\u00e9coratifs le long de couches de tissu d\u2018\u00e9paisseur in\u00e9gale. Les bords lat\u00e9raux \u00e0 ressort du pied guident le tissu lors de la couture de biais pr\u00e9pli\u00e9s, d\u2018un ourlet avec un ruban \u00e9lastique ou pour surpiquer des&hellip;<\/p>\n","protected":false},"featured_media":608,"comment_status":"open","ping_status":"closed","template":"","meta":{"om_disable_all_campaigns":false,"_monsterinsights_skip_tracking":false,"_monsterinsights_sitenote_active":false,"_monsterinsights_sitenote_note":"","_monsterinsights_sitenote_category":0,"_uf_show_specific_survey":0,"_uf_disable_surveys":false},"product_brand":[],"product_cat":[42,44,240,192],"product_tag":[125],"giftcard-category":[],"class_list":{"0":"post-607","1":"product","2":"type-product","3":"status-publish","4":"has-post-thumbnail","6":"product_cat-accesoires","7":"product_cat-machine-a-coudre","8":"product_cat-pieds-presseurs","9":"product_cat-autres","10":"product_tag-bernina","12":"first","13":"instock","14":"sale","15":"shipping-taxable","16":"purchasable","17":"product-type-simple"},"aioseo_notices":[],"jetpack_sharing_enabled":true,"_links":{"self":[{"href":"https:\/\/berninabrussels.be\/index.php?rest_route=\/wp\/v2\/product\/607","targetHints":{"allow":["GET"]}}],"collection":[{"href":"https:\/\/berninabrussels.be\/index.php?rest_route=\/wp\/v2\/product"}],"about":[{"href":"https:\/\/berninabrussels.be\/index.php?rest_route=\/wp\/v2\/types\/product"}],"replies":[{"embeddable":true,"href":"https:\/\/berninabrussels.be\/index.php?rest_route=%2Fwp%2Fv2%2Fcomments&post=607"}],"wp:featuredmedia":[{"embeddable":true,"href":"https:\/\/berninabrussels.be\/index.php?rest_route=\/wp\/v2\/media\/608"}],"wp:attachment":[{"href":"https:\/\/berninabrussels.be\/index.php?rest_route=%2Fwp%2Fv2%2Fmedia&parent=607"}],"wp:term":[{"taxonomy":"product_brand","embeddable":true,"href":"https:\/\/berninabrussels.be\/index.php?rest_route=%2Fwp%2Fv2%2Fproduct_brand&post=607"},{"taxonomy":"product_cat","embeddable":true,"href":"https:\/\/berninabrussels.be\/index.php?rest_route=%2Fwp%2Fv2%2Fproduct_cat&post=607"},{"taxonomy":"product_tag","embeddable":true,"href":"https:\/\/berninabrussels.be\/index.php?rest_route=%2Fwp%2Fv2%2Fproduct_tag&post=607"},{"taxonomy":"giftcard-category","embeddable":true,"href":"https:\/\/berninabrussels.be\/index.php?rest_route=%2Fwp%2Fv2%2Fgiftcard-category&post=607"}],"curies":[{"name":"wp","href":"https:\/\/api.w.org\/{rel}","templated":true}]}}