{"id":602,"date":"2023-05-08T10:30:19","date_gmt":"2023-05-08T08:30:19","guid":{"rendered":"https:\/\/berninabrussels.be\/?post_type=product&#038;p=602"},"modified":"2023-05-08T10:31:50","modified_gmt":"2023-05-08T08:31:50","slug":"pied-de-biche-standard-transparent-l27","status":"publish","type":"product","link":"https:\/\/berninabrussels.be\/?product=pied-de-biche-standard-transparent-l27","title":{"rendered":"Pied de biche standard transparent L27"},"content":{"rendered":"<h3>Pied pour surjet transparent #L27 BERNINA<\/h3>\n<h4>Pour une visibilit\u00e9 totale des coutures de surjet<\/h4>\n<div class=\"row irow-xs\">\n<div class=\"col-sm-6\">\n<ul>\n<li><i class=\"fa fa-check fa-fw text-success\"><\/i>\u00a0Facilite les projets de couture quotidiens<\/li>\n<li><i class=\"fa fa-check fa-fw text-success\"><\/i>\u00a0Accentue la pr\u00e9cision de la couture<\/li>\n<li><i class=\"fa fa-check fa-fw text-success\"><\/i>\u00a0Les rep\u00e8res servent de guide pratique<\/li>\n<li><i class=\"fa fa-check fa-fw text-success\"><\/i>\u00a0Guide pour ruban de jusqu&rsquo;\u00e0 8 mm de large<\/li>\n<li><i class=\"fa fa-check fa-fw text-success\"><\/i>\u00a0Compatible avec les surjeteuses L 850 &#8211; L 860<\/li>\n<\/ul>\n<\/div>\n<div class=\"col-sm-6\"><\/div>\n<\/div>\n","protected":false},"excerpt":{"rendered":"<p>Le pied-de-biche standard transparent convient pour les travaux de couture g\u00e9n\u00e9raux et offre une tr\u00e8s bonne visibilit\u00e9 sur la couture et le tissu pour des coutures de pr\u00e9cision, par ex. dans les angles et les arrondis<\/p>\n","protected":false},"featured_media":603,"comment_status":"open","ping_status":"closed","template":"","meta":{"om_disable_all_campaigns":false,"_monsterinsights_skip_tracking":false,"_monsterinsights_sitenote_active":false,"_monsterinsights_sitenote_note":"","_monsterinsights_sitenote_category":0,"_uf_show_specific_survey":0,"_uf_disable_surveys":false},"product_brand":[],"product_cat":[117],"product_tag":[125],"giftcard-category":[],"class_list":{"0":"post-602","1":"product","2":"type-product","3":"status-publish","4":"has-post-thumbnail","6":"product_cat-pieds-surjeteuse","7":"product_tag-bernina","9":"first","10":"instock","11":"sale","12":"shipping-taxable","13":"purchasable","14":"product-type-simple"},"aioseo_notices":[],"jetpack_sharing_enabled":true,"_links":{"self":[{"href":"https:\/\/berninabrussels.be\/index.php?rest_route=\/wp\/v2\/product\/602","targetHints":{"allow":["GET"]}}],"collection":[{"href":"https:\/\/berninabrussels.be\/index.php?rest_route=\/wp\/v2\/product"}],"about":[{"href":"https:\/\/berninabrussels.be\/index.php?rest_route=\/wp\/v2\/types\/product"}],"replies":[{"embeddable":true,"href":"https:\/\/berninabrussels.be\/index.php?rest_route=%2Fwp%2Fv2%2Fcomments&post=602"}],"wp:featuredmedia":[{"embeddable":true,"href":"https:\/\/berninabrussels.be\/index.php?rest_route=\/wp\/v2\/media\/603"}],"wp:attachment":[{"href":"https:\/\/berninabrussels.be\/index.php?rest_route=%2Fwp%2Fv2%2Fmedia&parent=602"}],"wp:term":[{"taxonomy":"product_brand","embeddable":true,"href":"https:\/\/berninabrussels.be\/index.php?rest_route=%2Fwp%2Fv2%2Fproduct_brand&post=602"},{"taxonomy":"product_cat","embeddable":true,"href":"https:\/\/berninabrussels.be\/index.php?rest_route=%2Fwp%2Fv2%2Fproduct_cat&post=602"},{"taxonomy":"product_tag","embeddable":true,"href":"https:\/\/berninabrussels.be\/index.php?rest_route=%2Fwp%2Fv2%2Fproduct_tag&post=602"},{"taxonomy":"giftcard-category","embeddable":true,"href":"https:\/\/berninabrussels.be\/index.php?rest_route=%2Fwp%2Fv2%2Fgiftcard-category&post=602"}],"curies":[{"name":"wp","href":"https:\/\/api.w.org\/{rel}","templated":true}]}}