{"id":598,"date":"2023-05-08T10:18:54","date_gmt":"2023-05-08T08:18:54","guid":{"rendered":"https:\/\/berninabrussels.be\/?post_type=product&#038;p=598"},"modified":"2023-05-08T10:23:51","modified_gmt":"2023-05-08T08:23:51","slug":"pied-ruler-reglable-avec-fente-72s","status":"publish","type":"product","link":"https:\/\/berninabrussels.be\/?product=pied-ruler-reglable-avec-fente-72s","title":{"rendered":"Pied Ruler r\u00e9glable avec fente 72S"},"content":{"rendered":"<h3>Pied Ruler r\u00e9glable avec fente 72S BERNINA<\/h3>\n<h4>D\u00e9cuplez votre efficacit\u00e9<\/h4>\n<div class=\"row irow-xs\">\n<div class=\"col-sm-6\">\n<ul>\n<li><i class=\"fa fa-check fa-fw text-success\"><\/i>\u00a0Plus besoin de couper le fil<\/li>\n<li><i class=\"fa fa-check fa-fw text-success\"><\/i>\u00a0Pour quilter avec des r\u00e8gles d&rsquo;1\/4 de pouce<\/li>\n<li><i class=\"fa fa-check fa-fw text-success\"><\/i>\u00a0Pour le quilt \u00e0 mains libres<\/li>\n<li><i class=\"fa fa-check fa-fw text-success\"><\/i>\u00a0\u00c0 associer avec les inserts pour la couture de cordons<\/li>\n<li><i class=\"fa fa-check fa-fw text-success\"><\/i>\u00a0Pour les machines d&rsquo;une largeur de point de 5,5 mm et 9 mm<\/li>\n<\/ul>\n<\/div>\n<div class=\"col-sm-6\"><\/div>\n<\/div>\n","protected":false},"excerpt":{"rendered":"<p><b>Remarque importante :\u00a0<\/b>Si votre machine ne dispose pas de la mise \u00e0 jour pour reconna\u00eetre le pied #72, il est tout de m\u00eame possible de l&rsquo;utiliser en s\u00e9lectionnant le\u00a0<b>pied 26<\/b><\/p>\n","protected":false},"featured_media":599,"comment_status":"open","ping_status":"closed","template":"","meta":{"om_disable_all_campaigns":false,"_monsterinsights_skip_tracking":false,"_monsterinsights_sitenote_active":false,"_monsterinsights_sitenote_note":"","_monsterinsights_sitenote_category":0,"_uf_show_specific_survey":0,"_uf_disable_surveys":false},"product_brand":[],"product_cat":[42,44,240,192],"product_tag":[125],"giftcard-category":[],"class_list":{"0":"post-598","1":"product","2":"type-product","3":"status-publish","4":"has-post-thumbnail","6":"product_cat-accesoires","7":"product_cat-machine-a-coudre","8":"product_cat-pieds-presseurs","9":"product_cat-autres","10":"product_tag-bernina","12":"first","13":"instock","14":"sale","15":"shipping-taxable","16":"purchasable","17":"product-type-simple"},"aioseo_notices":[],"jetpack_sharing_enabled":true,"_links":{"self":[{"href":"https:\/\/berninabrussels.be\/index.php?rest_route=\/wp\/v2\/product\/598","targetHints":{"allow":["GET"]}}],"collection":[{"href":"https:\/\/berninabrussels.be\/index.php?rest_route=\/wp\/v2\/product"}],"about":[{"href":"https:\/\/berninabrussels.be\/index.php?rest_route=\/wp\/v2\/types\/product"}],"replies":[{"embeddable":true,"href":"https:\/\/berninabrussels.be\/index.php?rest_route=%2Fwp%2Fv2%2Fcomments&post=598"}],"wp:featuredmedia":[{"embeddable":true,"href":"https:\/\/berninabrussels.be\/index.php?rest_route=\/wp\/v2\/media\/599"}],"wp:attachment":[{"href":"https:\/\/berninabrussels.be\/index.php?rest_route=%2Fwp%2Fv2%2Fmedia&parent=598"}],"wp:term":[{"taxonomy":"product_brand","embeddable":true,"href":"https:\/\/berninabrussels.be\/index.php?rest_route=%2Fwp%2Fv2%2Fproduct_brand&post=598"},{"taxonomy":"product_cat","embeddable":true,"href":"https:\/\/berninabrussels.be\/index.php?rest_route=%2Fwp%2Fv2%2Fproduct_cat&post=598"},{"taxonomy":"product_tag","embeddable":true,"href":"https:\/\/berninabrussels.be\/index.php?rest_route=%2Fwp%2Fv2%2Fproduct_tag&post=598"},{"taxonomy":"giftcard-category","embeddable":true,"href":"https:\/\/berninabrussels.be\/index.php?rest_route=%2Fwp%2Fv2%2Fgiftcard-category&post=598"}],"curies":[{"name":"wp","href":"https:\/\/api.w.org\/{rel}","templated":true}]}}