{"id":596,"date":"2023-05-08T10:04:42","date_gmt":"2023-05-08T08:04:42","guid":{"rendered":"https:\/\/berninabrussels.be\/?post_type=product&#038;p=596"},"modified":"2023-05-08T10:06:34","modified_gmt":"2023-05-08T08:06:34","slug":"pied-pour-ruche-fronceur-l24","status":"publish","type":"product","link":"https:\/\/berninabrussels.be\/?product=pied-pour-ruche-fronceur-l24","title":{"rendered":"Pied pour ruch\u00e9 fronceur L24"},"content":{"rendered":"<h3>Pied pour ruch\u00e9 #L24 BERNINA<\/h3>\n<h4>Froncer des tissus doux l\u00e9gers<\/h4>\n<div class=\"row irow-xs\">\n<div class=\"col-sm-6\">\n<ul>\n<li><i class=\"fa fa-check fa-fw text-success\"><\/i>\u00a0Pour coudre des rubans jusqu&rsquo;\u00e0 une largeur de 12 mm<\/li>\n<li><i class=\"fa fa-check fa-fw text-success\"><\/i>\u00a0Pour les tissus l\u00e9gers \u00e0 une seule couche<\/li>\n<li><i class=\"fa fa-check fa-fw text-success\"><\/i>\u00a0Pour tous les points de surjet<\/li>\n<li><i class=\"fa fa-check fa-fw text-success\"><\/i>\u00a0Compatible avec les surjeteuses L 850 &#8211; L 860<\/li>\n<\/ul>\n<\/div>\n<div class=\"col-sm-6\"><\/div>\n<\/div>\n<div class=\"container\">\n<div class=\"row irow-xs cards\">\n<div class=\"col-sm-6\">\n<h4>Pour froncer ou assembler<\/h4>\n<p>Le pied pour ruch\u00e9 #L24 est id\u00e9al pour froncer des tissus l\u00e9gers et souples \u00e0 une seule couche. Son guide pour ruban permet de coudre des rubans jusqu&rsquo;\u00e0 12 mm de largeur. Le pied-de-biche convient pour tous les points de surjet.<\/p>\n<p>Conseil : pour froncer des couches uniques de tissus d\u00e9licats tout en les cousant simultan\u00e9ment avec un morceau de tissu plat, utilisez le pied pour fronces.<\/p>\n<\/div>\n<\/div>\n<\/div>\n","protected":false},"excerpt":{"rendered":"<p>Pied pour ruch\u00e9 #L24 BERNINA Froncer des tissus doux l\u00e9gers \u00a0Pour coudre des rubans jusqu&rsquo;\u00e0 une largeur de 12 mm \u00a0Pour les tissus l\u00e9gers \u00e0 une seule couche \u00a0Pour tous les points de surjet \u00a0Compatible avec les surjeteuses L 850 &#8211; L 860 Pour froncer ou assembler Le pied pour ruch\u00e9 #L24 est id\u00e9al pour&hellip;<\/p>\n","protected":false},"featured_media":597,"comment_status":"open","ping_status":"closed","template":"","meta":{"om_disable_all_campaigns":false,"_monsterinsights_skip_tracking":false,"_monsterinsights_sitenote_active":false,"_monsterinsights_sitenote_note":"","_monsterinsights_sitenote_category":0,"_uf_show_specific_survey":0,"_uf_disable_surveys":false},"product_brand":[],"product_cat":[42,44,240,192],"product_tag":[125],"giftcard-category":[],"class_list":{"0":"post-596","1":"product","2":"type-product","3":"status-publish","4":"has-post-thumbnail","6":"product_cat-accesoires","7":"product_cat-machine-a-coudre","8":"product_cat-pieds-presseurs","9":"product_cat-autres","10":"product_tag-bernina","12":"first","13":"instock","14":"shipping-taxable","15":"purchasable","16":"product-type-simple"},"aioseo_notices":[],"jetpack_sharing_enabled":true,"_links":{"self":[{"href":"https:\/\/berninabrussels.be\/index.php?rest_route=\/wp\/v2\/product\/596","targetHints":{"allow":["GET"]}}],"collection":[{"href":"https:\/\/berninabrussels.be\/index.php?rest_route=\/wp\/v2\/product"}],"about":[{"href":"https:\/\/berninabrussels.be\/index.php?rest_route=\/wp\/v2\/types\/product"}],"replies":[{"embeddable":true,"href":"https:\/\/berninabrussels.be\/index.php?rest_route=%2Fwp%2Fv2%2Fcomments&post=596"}],"wp:featuredmedia":[{"embeddable":true,"href":"https:\/\/berninabrussels.be\/index.php?rest_route=\/wp\/v2\/media\/597"}],"wp:attachment":[{"href":"https:\/\/berninabrussels.be\/index.php?rest_route=%2Fwp%2Fv2%2Fmedia&parent=596"}],"wp:term":[{"taxonomy":"product_brand","embeddable":true,"href":"https:\/\/berninabrussels.be\/index.php?rest_route=%2Fwp%2Fv2%2Fproduct_brand&post=596"},{"taxonomy":"product_cat","embeddable":true,"href":"https:\/\/berninabrussels.be\/index.php?rest_route=%2Fwp%2Fv2%2Fproduct_cat&post=596"},{"taxonomy":"product_tag","embeddable":true,"href":"https:\/\/berninabrussels.be\/index.php?rest_route=%2Fwp%2Fv2%2Fproduct_tag&post=596"},{"taxonomy":"giftcard-category","embeddable":true,"href":"https:\/\/berninabrussels.be\/index.php?rest_route=%2Fwp%2Fv2%2Fgiftcard-category&post=596"}],"curies":[{"name":"wp","href":"https:\/\/api.w.org\/{rel}","templated":true}]}}