{"id":591,"date":"2023-05-08T09:59:55","date_gmt":"2023-05-08T07:59:55","guid":{"rendered":"https:\/\/berninabrussels.be\/?post_type=product&#038;p=591"},"modified":"2023-05-08T10:01:15","modified_gmt":"2023-05-08T08:01:15","slug":"pied-pour-courbe-transparent-c23","status":"publish","type":"product","link":"https:\/\/berninabrussels.be\/?product=pied-pour-courbe-transparent-c23","title":{"rendered":"Pied pour courbe transparent C23"},"content":{"rendered":"<h3>Pied pour courbe C23 BERNINA<\/h3>\n<ul>\n<li><i class=\"fa fa-check fa-fw text-success\"><\/i>\u00a0Guidage facile pour les courbes<\/li>\n<li><i class=\"fa fa-check fa-fw text-success\"><\/i>\u00a0Pied Transparent pour une meilleure visibilit\u00e9 sur le tissu<\/li>\n<li><i class=\"fa fa-check fa-fw text-success\"><\/i>\u00a0Facilite l&rsquo;entra\u00eenement du tissu<\/li>\n<li><i class=\"fa fa-check fa-fw text-success\"><\/i>\u00a0Pour tous les points de surjet et points enveloppants<\/li>\n<\/ul>\n<div class=\"container\">\n<div class=\"row irow-xs cards\">\n<div class=\"col-sm-6\">\n<h4>Pour coudre facilement de petites formes et courbes arrondies<\/h4>\n<p>Le design \u00e9troit et court du pied transparent permet la couture man\u0153uvrable de petites formes et courbes arrondies<\/p>\n<p>Pour permettre un travail pr\u00e9cis, le couteau peut \u00eatre d\u00e9sactiv\u00e9 pour les petites courbes et pour le point de surjet \u00e9troit \u00e0 3 fils (RN)<br \/>\nVous obtiendrez de petites courbes parfaites avec des points \u00e9troits et une longueur de point courte<\/p>\n<\/div>\n<\/div>\n<\/div>\n","protected":false},"excerpt":{"rendered":"<p>Pied pour courbe C23 BERNINA \u00a0Guidage facile pour les courbes \u00a0Pied Transparent pour une meilleure visibilit\u00e9 sur le tissu \u00a0Facilite l&rsquo;entra\u00eenement du tissu \u00a0Pour tous les points de surjet et points enveloppants Pour coudre facilement de petites formes et courbes arrondies Le design \u00e9troit et court du pied transparent permet la couture man\u0153uvrable de petites&hellip;<\/p>\n","protected":false},"featured_media":592,"comment_status":"open","ping_status":"closed","template":"","meta":{"om_disable_all_campaigns":false,"_monsterinsights_skip_tracking":false,"_monsterinsights_sitenote_active":false,"_monsterinsights_sitenote_note":"","_monsterinsights_sitenote_category":0,"_uf_show_specific_survey":0,"_uf_disable_surveys":false},"product_brand":[],"product_cat":[42,44,240,192],"product_tag":[125],"giftcard-category":[],"class_list":{"0":"post-591","1":"product","2":"type-product","3":"status-publish","4":"has-post-thumbnail","6":"product_cat-accesoires","7":"product_cat-machine-a-coudre","8":"product_cat-pieds-presseurs","9":"product_cat-autres","10":"product_tag-bernina","12":"first","13":"instock","14":"shipping-taxable","15":"purchasable","16":"product-type-simple"},"aioseo_notices":[],"jetpack_sharing_enabled":true,"_links":{"self":[{"href":"https:\/\/berninabrussels.be\/index.php?rest_route=\/wp\/v2\/product\/591","targetHints":{"allow":["GET"]}}],"collection":[{"href":"https:\/\/berninabrussels.be\/index.php?rest_route=\/wp\/v2\/product"}],"about":[{"href":"https:\/\/berninabrussels.be\/index.php?rest_route=\/wp\/v2\/types\/product"}],"replies":[{"embeddable":true,"href":"https:\/\/berninabrussels.be\/index.php?rest_route=%2Fwp%2Fv2%2Fcomments&post=591"}],"wp:featuredmedia":[{"embeddable":true,"href":"https:\/\/berninabrussels.be\/index.php?rest_route=\/wp\/v2\/media\/592"}],"wp:attachment":[{"href":"https:\/\/berninabrussels.be\/index.php?rest_route=%2Fwp%2Fv2%2Fmedia&parent=591"}],"wp:term":[{"taxonomy":"product_brand","embeddable":true,"href":"https:\/\/berninabrussels.be\/index.php?rest_route=%2Fwp%2Fv2%2Fproduct_brand&post=591"},{"taxonomy":"product_cat","embeddable":true,"href":"https:\/\/berninabrussels.be\/index.php?rest_route=%2Fwp%2Fv2%2Fproduct_cat&post=591"},{"taxonomy":"product_tag","embeddable":true,"href":"https:\/\/berninabrussels.be\/index.php?rest_route=%2Fwp%2Fv2%2Fproduct_tag&post=591"},{"taxonomy":"giftcard-category","embeddable":true,"href":"https:\/\/berninabrussels.be\/index.php?rest_route=%2Fwp%2Fv2%2Fgiftcard-category&post=591"}],"curies":[{"name":"wp","href":"https:\/\/api.w.org\/{rel}","templated":true}]}}