{"id":587,"date":"2023-05-08T09:56:33","date_gmt":"2023-05-08T07:56:33","guid":{"rendered":"https:\/\/berninabrussels.be\/?post_type=product&#038;p=587"},"modified":"2023-05-08T09:57:42","modified_gmt":"2023-05-08T07:57:42","slug":"support-daccessoires-superieur","status":"publish","type":"product","link":"https:\/\/berninabrussels.be\/?product=support-daccessoires-superieur","title":{"rendered":"Support d&rsquo;accessoires sup\u00e9rieur"},"content":{"rendered":"<h3>Support d&rsquo;accessoires sup\u00e9rieur BERNINA<\/h3>\n<h4>Pour fixer des accessoires au support du pied-de-biche<\/h4>\n<div class=\"row irow-xs\">\n<div class=\"col-sm-6\">\n<ul>\n<li><i class=\"fa fa-check fa-fw text-success\"><\/i>\u00a0Par exemple, le Guide pour ruban r\u00e9glable<\/li>\n<li><i class=\"fa fa-check fa-fw text-success\"><\/i>\u00a0Reste attach\u00e9 en permanence<\/li>\n<li><i class=\"fa fa-check fa-fw text-success\"><\/i>\u00a0Compatible avec la surjeteuse L850, L860, L890<\/li>\n<\/ul>\n<\/div>\n<div class=\"col-sm-6\"><\/div>\n<\/div>\n<div class=\"row irow-xs cards\">\n<div class=\"col-sm-6\">\n<p>Vous avez besoin du support sup\u00e9rieur pour accessoires, par exemple, pour monter le Guide pour ruban r\u00e9glable. Une fois en place, le Guide pour ruban r\u00e9glable peut rester install\u00e9 sur la machine.<\/p>\n<\/div>\n<\/div>\n","protected":false},"excerpt":{"rendered":"<p>Support d&rsquo;accessoires sup\u00e9rieur BERNINA Pour fixer des accessoires au support du pied-de-biche \u00a0Par exemple, le Guide pour ruban r\u00e9glable \u00a0Reste attach\u00e9 en permanence \u00a0Compatible avec la surjeteuse L850, L860, L890 Vous avez besoin du support sup\u00e9rieur pour accessoires, par exemple, pour monter le Guide pour ruban r\u00e9glable. Une fois en place, le Guide pour ruban&hellip;<\/p>\n","protected":false},"featured_media":588,"comment_status":"open","ping_status":"closed","template":"","meta":{"om_disable_all_campaigns":false,"_monsterinsights_skip_tracking":false,"_monsterinsights_sitenote_active":false,"_monsterinsights_sitenote_note":"","_monsterinsights_sitenote_category":0,"_uf_show_specific_survey":0,"_uf_disable_surveys":false},"product_brand":[],"product_cat":[42,44,240,194],"product_tag":[125],"giftcard-category":[],"class_list":{"0":"post-587","1":"product","2":"type-product","3":"status-publish","4":"has-post-thumbnail","6":"product_cat-accesoires","7":"product_cat-machine-a-coudre","8":"product_cat-pieds-presseurs","9":"product_cat-pied-ourleur","10":"product_tag-bernina","12":"first","13":"instock","14":"shipping-taxable","15":"purchasable","16":"product-type-simple"},"aioseo_notices":[],"jetpack_sharing_enabled":true,"_links":{"self":[{"href":"https:\/\/berninabrussels.be\/index.php?rest_route=\/wp\/v2\/product\/587","targetHints":{"allow":["GET"]}}],"collection":[{"href":"https:\/\/berninabrussels.be\/index.php?rest_route=\/wp\/v2\/product"}],"about":[{"href":"https:\/\/berninabrussels.be\/index.php?rest_route=\/wp\/v2\/types\/product"}],"replies":[{"embeddable":true,"href":"https:\/\/berninabrussels.be\/index.php?rest_route=%2Fwp%2Fv2%2Fcomments&post=587"}],"wp:featuredmedia":[{"embeddable":true,"href":"https:\/\/berninabrussels.be\/index.php?rest_route=\/wp\/v2\/media\/588"}],"wp:attachment":[{"href":"https:\/\/berninabrussels.be\/index.php?rest_route=%2Fwp%2Fv2%2Fmedia&parent=587"}],"wp:term":[{"taxonomy":"product_brand","embeddable":true,"href":"https:\/\/berninabrussels.be\/index.php?rest_route=%2Fwp%2Fv2%2Fproduct_brand&post=587"},{"taxonomy":"product_cat","embeddable":true,"href":"https:\/\/berninabrussels.be\/index.php?rest_route=%2Fwp%2Fv2%2Fproduct_cat&post=587"},{"taxonomy":"product_tag","embeddable":true,"href":"https:\/\/berninabrussels.be\/index.php?rest_route=%2Fwp%2Fv2%2Fproduct_tag&post=587"},{"taxonomy":"giftcard-category","embeddable":true,"href":"https:\/\/berninabrussels.be\/index.php?rest_route=%2Fwp%2Fv2%2Fgiftcard-category&post=587"}],"curies":[{"name":"wp","href":"https:\/\/api.w.org\/{rel}","templated":true}]}}