{"id":585,"date":"2023-05-08T09:53:14","date_gmt":"2023-05-08T07:53:14","guid":{"rendered":"https:\/\/berninabrussels.be\/?post_type=product&#038;p=585"},"modified":"2023-05-08T09:54:47","modified_gmt":"2023-05-08T07:54:47","slug":"guide-ruban-reglable-10-a-60mm","status":"publish","type":"product","link":"https:\/\/berninabrussels.be\/?product=guide-ruban-reglable-10-a-60mm","title":{"rendered":"Guide-ruban r\u00e9glable 10 \u00e0 60mm"},"content":{"rendered":"<h3>Guide-ruban r\u00e9glable BERNINA<\/h3>\n<h4>Positionnement pr\u00e9cis des rubans<\/h4>\n<div class=\"row irow-xs\">\n<div class=\"col-sm-6\">\n<ul>\n<li><i class=\"fa fa-check fa-fw text-success\"><\/i>\u00a0Pour rubans 10 \u00e0 60 mm de large<\/li>\n<li><i class=\"fa fa-check fa-fw text-success\"><\/i>\u00a0Pour tous les points de surjet, les points enveloppants et les points combin\u00e9s<\/li>\n<li><i class=\"fa fa-check fa-fw text-success\"><\/i>Support d&rsquo;accessoires sup\u00e9rieur requis<\/li>\n<li><i class=\"fa fa-check fa-fw text-success\"><\/i>\u00a0Compatible avec la surjeteuse L850, L860, L890<\/li>\n<\/ul>\n<\/div>\n<div class=\"col-sm-6\"><\/div>\n<\/div>\n<div class=\"row irow-xs cards\">\n<div class=\"col-sm-6\">\n<h4>Coudre des rubans avec pr\u00e9cision<\/h4>\n<p>Avec le Guide pour ruban r\u00e9glable, vous pouvez ins\u00e9rer des rubans avec pr\u00e9cision sur le tissu. Le Guide convient pour les rubans d&rsquo;une largeur de 10 \u00e0 60 mm et pour tous les points de surjet, points enveloppants et points combin\u00e9s.<\/p>\n<\/div>\n<\/div>\n","protected":false},"excerpt":{"rendered":"<p>Guide-ruban r\u00e9glable BERNINA Positionnement pr\u00e9cis des rubans \u00a0Pour rubans 10 \u00e0 60 mm de large \u00a0Pour tous les points de surjet, les points enveloppants et les points combin\u00e9s Support d&rsquo;accessoires sup\u00e9rieur requis \u00a0Compatible avec la surjeteuse L850, L860, L890 Coudre des rubans avec pr\u00e9cision Avec le Guide pour ruban r\u00e9glable, vous pouvez ins\u00e9rer des rubans&hellip;<\/p>\n","protected":false},"featured_media":586,"comment_status":"open","ping_status":"closed","template":"","meta":{"om_disable_all_campaigns":false,"_monsterinsights_skip_tracking":false,"_monsterinsights_sitenote_active":false,"_monsterinsights_sitenote_note":"","_monsterinsights_sitenote_category":0,"_uf_show_specific_survey":0,"_uf_disable_surveys":false},"product_brand":[],"product_cat":[180],"product_tag":[125],"giftcard-category":[],"class_list":{"0":"post-585","1":"product","2":"type-product","3":"status-publish","4":"has-post-thumbnail","6":"product_cat-guide-couture","7":"product_tag-bernina","9":"first","10":"instock","11":"shipping-taxable","12":"purchasable","13":"product-type-simple"},"aioseo_notices":[],"jetpack_sharing_enabled":true,"_links":{"self":[{"href":"https:\/\/berninabrussels.be\/index.php?rest_route=\/wp\/v2\/product\/585","targetHints":{"allow":["GET"]}}],"collection":[{"href":"https:\/\/berninabrussels.be\/index.php?rest_route=\/wp\/v2\/product"}],"about":[{"href":"https:\/\/berninabrussels.be\/index.php?rest_route=\/wp\/v2\/types\/product"}],"replies":[{"embeddable":true,"href":"https:\/\/berninabrussels.be\/index.php?rest_route=%2Fwp%2Fv2%2Fcomments&post=585"}],"wp:featuredmedia":[{"embeddable":true,"href":"https:\/\/berninabrussels.be\/index.php?rest_route=\/wp\/v2\/media\/586"}],"wp:attachment":[{"href":"https:\/\/berninabrussels.be\/index.php?rest_route=%2Fwp%2Fv2%2Fmedia&parent=585"}],"wp:term":[{"taxonomy":"product_brand","embeddable":true,"href":"https:\/\/berninabrussels.be\/index.php?rest_route=%2Fwp%2Fv2%2Fproduct_brand&post=585"},{"taxonomy":"product_cat","embeddable":true,"href":"https:\/\/berninabrussels.be\/index.php?rest_route=%2Fwp%2Fv2%2Fproduct_cat&post=585"},{"taxonomy":"product_tag","embeddable":true,"href":"https:\/\/berninabrussels.be\/index.php?rest_route=%2Fwp%2Fv2%2Fproduct_tag&post=585"},{"taxonomy":"giftcard-category","embeddable":true,"href":"https:\/\/berninabrussels.be\/index.php?rest_route=%2Fwp%2Fv2%2Fgiftcard-category&post=585"}],"curies":[{"name":"wp","href":"https:\/\/api.w.org\/{rel}","templated":true}]}}