{"id":583,"date":"2023-05-08T09:51:28","date_gmt":"2023-05-08T07:51:28","guid":{"rendered":"https:\/\/berninabrussels.be\/?post_type=product&#038;p=583"},"modified":"2023-05-08T09:52:58","modified_gmt":"2023-05-08T07:52:58","slug":"pied-pour-passepoils-xl-6-a-10-mm","status":"publish","type":"product","link":"https:\/\/berninabrussels.be\/?product=pied-pour-passepoils-xl-6-a-10-mm","title":{"rendered":"Pied pour passepoils XL 6 \u00e0 10 mm"},"content":{"rendered":"<h3>Pied pour passepoils XL BERNINA<\/h3>\n<h4>Production et couture de passepoils<\/h4>\n<div class=\"row irow-xs\">\n<div class=\"col-sm-6\">\n<ul>\n<li><i class=\"fa fa-check fa-fw text-success\"><\/i>\u00a0Passepoils de 6 \u00e0 10 mm de diam\u00e8tre<\/li>\n<li><i class=\"fa fa-check fa-fw text-success\"><\/i>\u00a0Pour points de surjet \u00e0 3 et 4 fils<\/li>\n<li><i class=\"fa fa-check fa-fw text-success\"><\/i>\u00a0Avec r\u00e9glage de la hauteur et rainure de guidage<\/li>\n<li><i class=\"fa fa-check fa-fw text-success\"><\/i>\u00a0Compatible avec la surjeteuse L850, L860, L890<\/li>\n<\/ul>\n<\/div>\n<div class=\"col-sm-6\"><\/div>\n<\/div>\n<div class=\"row irow-xs cards\">\n<div class=\"col-sm-6\">\n<h4>Pour les grands passepoils<\/h4>\n<p>Le pied pour passepoils XL vous permet de produire et de coudre des passepoils de 6 \u00e0 10 mm de diam\u00e8tre.Il convient pour les points de surjet \u00e0 3\/4 fils. Ajustez le levier de compensation de hauteur en appuyant sur le loquet pour qu&rsquo;il corresponde au diam\u00e8tre de votre passepoil.<\/p>\n<\/div>\n<\/div>\n","protected":false},"excerpt":{"rendered":"<p>Pied pour passepoils XL BERNINA Production et couture de passepoils \u00a0Passepoils de 6 \u00e0 10 mm de diam\u00e8tre \u00a0Pour points de surjet \u00e0 3 et 4 fils \u00a0Avec r\u00e9glage de la hauteur et rainure de guidage \u00a0Compatible avec la surjeteuse L850, L860, L890 Pour les grands passepoils Le pied pour passepoils XL vous permet de&hellip;<\/p>\n","protected":false},"featured_media":584,"comment_status":"open","ping_status":"closed","template":"","meta":{"om_disable_all_campaigns":false,"_monsterinsights_skip_tracking":false,"_monsterinsights_sitenote_active":false,"_monsterinsights_sitenote_note":"","_monsterinsights_sitenote_category":0,"_uf_show_specific_survey":0,"_uf_disable_surveys":false},"product_brand":[],"product_cat":[42,44,240,192],"product_tag":[125],"giftcard-category":[],"class_list":{"0":"post-583","1":"product","2":"type-product","3":"status-publish","4":"has-post-thumbnail","6":"product_cat-accesoires","7":"product_cat-machine-a-coudre","8":"product_cat-pieds-presseurs","9":"product_cat-autres","10":"product_tag-bernina","12":"first","13":"instock","14":"shipping-taxable","15":"purchasable","16":"product-type-simple"},"aioseo_notices":[],"jetpack_sharing_enabled":true,"_links":{"self":[{"href":"https:\/\/berninabrussels.be\/index.php?rest_route=\/wp\/v2\/product\/583","targetHints":{"allow":["GET"]}}],"collection":[{"href":"https:\/\/berninabrussels.be\/index.php?rest_route=\/wp\/v2\/product"}],"about":[{"href":"https:\/\/berninabrussels.be\/index.php?rest_route=\/wp\/v2\/types\/product"}],"replies":[{"embeddable":true,"href":"https:\/\/berninabrussels.be\/index.php?rest_route=%2Fwp%2Fv2%2Fcomments&post=583"}],"wp:featuredmedia":[{"embeddable":true,"href":"https:\/\/berninabrussels.be\/index.php?rest_route=\/wp\/v2\/media\/584"}],"wp:attachment":[{"href":"https:\/\/berninabrussels.be\/index.php?rest_route=%2Fwp%2Fv2%2Fmedia&parent=583"}],"wp:term":[{"taxonomy":"product_brand","embeddable":true,"href":"https:\/\/berninabrussels.be\/index.php?rest_route=%2Fwp%2Fv2%2Fproduct_brand&post=583"},{"taxonomy":"product_cat","embeddable":true,"href":"https:\/\/berninabrussels.be\/index.php?rest_route=%2Fwp%2Fv2%2Fproduct_cat&post=583"},{"taxonomy":"product_tag","embeddable":true,"href":"https:\/\/berninabrussels.be\/index.php?rest_route=%2Fwp%2Fv2%2Fproduct_tag&post=583"},{"taxonomy":"giftcard-category","embeddable":true,"href":"https:\/\/berninabrussels.be\/index.php?rest_route=%2Fwp%2Fv2%2Fgiftcard-category&post=583"}],"curies":[{"name":"wp","href":"https:\/\/api.w.org\/{rel}","templated":true}]}}