{"id":581,"date":"2023-05-08T09:49:04","date_gmt":"2023-05-08T07:49:04","guid":{"rendered":"https:\/\/berninabrussels.be\/?post_type=product&#038;p=581"},"modified":"2023-05-08T09:51:11","modified_gmt":"2023-05-08T07:51:11","slug":"plaquette-dequilibrage-de-la-hauteur-ol-cs","status":"publish","type":"product","link":"https:\/\/berninabrussels.be\/?product=plaquette-dequilibrage-de-la-hauteur-ol-cs","title":{"rendered":"Plaquette d&rsquo;\u00e9quilibrage de la hauteur OL\/CS"},"content":{"rendered":"<h3>\u00c9quilibrage de la hauteur OL\/CS BERNINA<\/h3>\n<h4>Aide \u00e0 la couture sur les coutures<\/h4>\n<div class=\"row irow-xs\">\n<div class=\"col-sm-6\">\n<ul>\n<li><i class=\"fa fa-check fa-fw text-success\"><\/i>\u00a0Surpiquez facilement les coutures crois\u00e9es<\/li>\n<li><i class=\"fa fa-check fa-fw text-success\"><\/i>\u00a0Surpiq\u00fbres de diff\u00e9rentes hauteurs<\/li>\n<li><i class=\"fa fa-check fa-fw text-success\"><\/i>\u00a0Avec rep\u00e8res et guides pratiques<\/li>\n<li><i class=\"fa fa-check fa-fw text-success\"><\/i>\u00a0Pour tous les points de surjet, les points enveloppants et les points combin\u00e9s<\/li>\n<\/ul>\n<h4>Pour froncer ou assembler<\/h4>\n<p>L&rsquo;\u00e9quilibrage de la hauteur OL\/CS facile la couture sur les coutures transversales et les bordures de diff\u00e9rentes hauteurs. Avec des hauteurs de 1,5 et 3 mm, vous pouvez coudre des tissus fins aux surpiq\u00fbres de mat\u00e9riaux lourds et rigides ; en cousant, vous poussez l&rsquo;outil de compensation de la hauteur vers l&rsquo;arri\u00e8re sous le pied-de-biche gr\u00e2ce au transport du tissu.<\/p>\n<\/div>\n<div class=\"col-sm-6\"><\/div>\n<\/div>\n","protected":false},"excerpt":{"rendered":"<p>\u00c9quilibrage de la hauteur OL\/CS BERNINA Aide \u00e0 la couture sur les coutures \u00a0Surpiquez facilement les coutures crois\u00e9es \u00a0Surpiq\u00fbres de diff\u00e9rentes hauteurs \u00a0Avec rep\u00e8res et guides pratiques \u00a0Pour tous les points de surjet, les points enveloppants et les points combin\u00e9s Pour froncer ou assembler L&rsquo;\u00e9quilibrage de la hauteur OL\/CS facile la couture sur les coutures&hellip;<\/p>\n","protected":false},"featured_media":582,"comment_status":"open","ping_status":"closed","template":"","meta":{"om_disable_all_campaigns":false,"_monsterinsights_skip_tracking":false,"_monsterinsights_sitenote_active":false,"_monsterinsights_sitenote_note":"","_monsterinsights_sitenote_category":0,"_uf_show_specific_survey":0,"_uf_disable_surveys":false},"product_brand":[],"product_cat":[42,44,240,192],"product_tag":[125],"giftcard-category":[],"class_list":{"0":"post-581","1":"product","2":"type-product","3":"status-publish","4":"has-post-thumbnail","6":"product_cat-accesoires","7":"product_cat-machine-a-coudre","8":"product_cat-pieds-presseurs","9":"product_cat-autres","10":"product_tag-bernina","12":"first","13":"instock","14":"shipping-taxable","15":"purchasable","16":"product-type-simple"},"aioseo_notices":[],"jetpack_sharing_enabled":true,"_links":{"self":[{"href":"https:\/\/berninabrussels.be\/index.php?rest_route=\/wp\/v2\/product\/581","targetHints":{"allow":["GET"]}}],"collection":[{"href":"https:\/\/berninabrussels.be\/index.php?rest_route=\/wp\/v2\/product"}],"about":[{"href":"https:\/\/berninabrussels.be\/index.php?rest_route=\/wp\/v2\/types\/product"}],"replies":[{"embeddable":true,"href":"https:\/\/berninabrussels.be\/index.php?rest_route=%2Fwp%2Fv2%2Fcomments&post=581"}],"wp:featuredmedia":[{"embeddable":true,"href":"https:\/\/berninabrussels.be\/index.php?rest_route=\/wp\/v2\/media\/582"}],"wp:attachment":[{"href":"https:\/\/berninabrussels.be\/index.php?rest_route=%2Fwp%2Fv2%2Fmedia&parent=581"}],"wp:term":[{"taxonomy":"product_brand","embeddable":true,"href":"https:\/\/berninabrussels.be\/index.php?rest_route=%2Fwp%2Fv2%2Fproduct_brand&post=581"},{"taxonomy":"product_cat","embeddable":true,"href":"https:\/\/berninabrussels.be\/index.php?rest_route=%2Fwp%2Fv2%2Fproduct_cat&post=581"},{"taxonomy":"product_tag","embeddable":true,"href":"https:\/\/berninabrussels.be\/index.php?rest_route=%2Fwp%2Fv2%2Fproduct_tag&post=581"},{"taxonomy":"giftcard-category","embeddable":true,"href":"https:\/\/berninabrussels.be\/index.php?rest_route=%2Fwp%2Fv2%2Fgiftcard-category&post=581"}],"curies":[{"name":"wp","href":"https:\/\/api.w.org\/{rel}","templated":true}]}}