{"id":559,"date":"2023-05-08T09:02:13","date_gmt":"2023-05-08T07:02:13","guid":{"rendered":"https:\/\/berninabrussels.be\/?post_type=product&#038;p=559"},"modified":"2023-05-17T11:07:56","modified_gmt":"2023-05-17T09:07:56","slug":"pied-patchwork-37-2","status":"publish","type":"product","link":"https:\/\/berninabrussels.be\/?product=pied-patchwork-37-2","title":{"rendered":"Pied patchwork 37"},"content":{"rendered":"<h3>Pied 37 patchwork\u00a0BERNINA<\/h3>\n<p align=\"left\">Le pied pour patchwork est con\u00e7u pour les points droits et est parfait pour coudre avec des marges de couture d&rsquo;une largeur de 3 ou 6 mm.<\/p>\n<p align=\"left\">Le pied pour patchwork est \u00e9galement \u00e9quip\u00e9 de trois rep\u00e8res lat\u00e9raux plac\u00e9s \u00e0 des intervalles identiques. Ceux-ci ont pour vocation de faciliter l&rsquo;orientation, par exemple lors de l&rsquo;insertion de pi\u00e8ces angulaires pour le patchwork.<\/p>\n<p align=\"left\">Le pied pour patchwork vous simplifie incroyablement la t\u00e2che : c&rsquo;est l&rsquo;outil de pr\u00e9dilection pour les patchworks et ouvrages de pr\u00e9cision<\/p>\n","protected":false},"excerpt":{"rendered":"<p>Pied 37 patchwork\u00a0BERNINA Le pied pour patchwork est con\u00e7u pour les points droits et est parfait pour coudre avec des marges de couture d&rsquo;une largeur de 3 ou 6 mm. Le pied pour patchwork est \u00e9galement \u00e9quip\u00e9 de trois rep\u00e8res lat\u00e9raux plac\u00e9s \u00e0 des intervalles identiques. Ceux-ci ont pour vocation de faciliter l&rsquo;orientation, par exemple&hellip;<\/p>\n","protected":false},"featured_media":2553,"comment_status":"open","ping_status":"closed","template":"","meta":{"om_disable_all_campaigns":false,"_monsterinsights_skip_tracking":false,"_monsterinsights_sitenote_active":false,"_monsterinsights_sitenote_note":"","_monsterinsights_sitenote_category":0,"_uf_show_specific_survey":0,"_uf_disable_surveys":false},"product_brand":[],"product_cat":[206],"product_tag":[125],"giftcard-category":[],"class_list":{"0":"post-559","1":"product","2":"type-product","3":"status-publish","4":"has-post-thumbnail","6":"product_cat-pied-patchwork","7":"product_tag-bernina","9":"first","10":"instock","11":"sale","12":"shipping-taxable","13":"purchasable","14":"product-type-simple"},"aioseo_notices":[],"jetpack_sharing_enabled":true,"_links":{"self":[{"href":"https:\/\/berninabrussels.be\/index.php?rest_route=\/wp\/v2\/product\/559","targetHints":{"allow":["GET"]}}],"collection":[{"href":"https:\/\/berninabrussels.be\/index.php?rest_route=\/wp\/v2\/product"}],"about":[{"href":"https:\/\/berninabrussels.be\/index.php?rest_route=\/wp\/v2\/types\/product"}],"replies":[{"embeddable":true,"href":"https:\/\/berninabrussels.be\/index.php?rest_route=%2Fwp%2Fv2%2Fcomments&post=559"}],"wp:featuredmedia":[{"embeddable":true,"href":"https:\/\/berninabrussels.be\/index.php?rest_route=\/wp\/v2\/media\/2553"}],"wp:attachment":[{"href":"https:\/\/berninabrussels.be\/index.php?rest_route=%2Fwp%2Fv2%2Fmedia&parent=559"}],"wp:term":[{"taxonomy":"product_brand","embeddable":true,"href":"https:\/\/berninabrussels.be\/index.php?rest_route=%2Fwp%2Fv2%2Fproduct_brand&post=559"},{"taxonomy":"product_cat","embeddable":true,"href":"https:\/\/berninabrussels.be\/index.php?rest_route=%2Fwp%2Fv2%2Fproduct_cat&post=559"},{"taxonomy":"product_tag","embeddable":true,"href":"https:\/\/berninabrussels.be\/index.php?rest_route=%2Fwp%2Fv2%2Fproduct_tag&post=559"},{"taxonomy":"giftcard-category","embeddable":true,"href":"https:\/\/berninabrussels.be\/index.php?rest_route=%2Fwp%2Fv2%2Fgiftcard-category&post=559"}],"curies":[{"name":"wp","href":"https:\/\/api.w.org\/{rel}","templated":true}]}}