{"id":543,"date":"2023-05-07T19:20:49","date_gmt":"2023-05-07T17:20:49","guid":{"rendered":"https:\/\/berninabrussels.be\/?post_type=product&#038;p=543"},"modified":"2023-05-17T10:46:42","modified_gmt":"2023-05-17T08:46:42","slug":"pied-a-rouleaux-roulant-51-2","status":"publish","type":"product","link":"https:\/\/berninabrussels.be\/?product=pied-a-rouleaux-roulant-51-2","title":{"rendered":"Pied \u00e0 rouleaux, roulant 51"},"content":{"rendered":"<h3>Pied 51 \u00e0 rouleaux, roulant\u00a0BERNINA<\/h3>\n<p>Le pied roulant est le pied sp\u00e9cifiquement con\u00e7u pour coudre des mat\u00e9riaux difficiles. Les trois roulettes plac\u00e9es sous le pied lui permette d&rsquo;avancer facilement sur des tissus collants comme le cuir ou le vinyle ainsi que sur les tissus dont la surface est fortement structur\u00e9e<\/p>\n","protected":false},"excerpt":{"rendered":"<p>Pied 51 \u00e0 rouleaux, roulant\u00a0BERNINA Le pied roulant est le pied sp\u00e9cifiquement con\u00e7u pour coudre des mat\u00e9riaux difficiles. Les trois roulettes plac\u00e9es sous le pied lui permette d&rsquo;avancer facilement sur des tissus collants comme le cuir ou le vinyle ainsi que sur les tissus dont la surface est fortement structur\u00e9e<\/p>\n","protected":false},"featured_media":2519,"comment_status":"open","ping_status":"closed","template":"","meta":{"om_disable_all_campaigns":false,"_monsterinsights_skip_tracking":false,"_monsterinsights_sitenote_active":false,"_monsterinsights_sitenote_note":"","_monsterinsights_sitenote_category":0,"_uf_show_specific_survey":0,"_uf_disable_surveys":false},"product_brand":[],"product_cat":[42,44,240,209],"product_tag":[125],"giftcard-category":[],"class_list":{"0":"post-543","1":"product","2":"type-product","3":"status-publish","4":"has-post-thumbnail","6":"product_cat-accesoires","7":"product_cat-machine-a-coudre","8":"product_cat-pieds-presseurs","9":"product_cat-pied-a-rouleaux","10":"product_tag-bernina","12":"first","13":"instock","14":"sale","15":"shipping-taxable","16":"purchasable","17":"product-type-simple"},"aioseo_notices":[],"jetpack_sharing_enabled":true,"_links":{"self":[{"href":"https:\/\/berninabrussels.be\/index.php?rest_route=\/wp\/v2\/product\/543","targetHints":{"allow":["GET"]}}],"collection":[{"href":"https:\/\/berninabrussels.be\/index.php?rest_route=\/wp\/v2\/product"}],"about":[{"href":"https:\/\/berninabrussels.be\/index.php?rest_route=\/wp\/v2\/types\/product"}],"replies":[{"embeddable":true,"href":"https:\/\/berninabrussels.be\/index.php?rest_route=%2Fwp%2Fv2%2Fcomments&post=543"}],"wp:featuredmedia":[{"embeddable":true,"href":"https:\/\/berninabrussels.be\/index.php?rest_route=\/wp\/v2\/media\/2519"}],"wp:attachment":[{"href":"https:\/\/berninabrussels.be\/index.php?rest_route=%2Fwp%2Fv2%2Fmedia&parent=543"}],"wp:term":[{"taxonomy":"product_brand","embeddable":true,"href":"https:\/\/berninabrussels.be\/index.php?rest_route=%2Fwp%2Fv2%2Fproduct_brand&post=543"},{"taxonomy":"product_cat","embeddable":true,"href":"https:\/\/berninabrussels.be\/index.php?rest_route=%2Fwp%2Fv2%2Fproduct_cat&post=543"},{"taxonomy":"product_tag","embeddable":true,"href":"https:\/\/berninabrussels.be\/index.php?rest_route=%2Fwp%2Fv2%2Fproduct_tag&post=543"},{"taxonomy":"giftcard-category","embeddable":true,"href":"https:\/\/berninabrussels.be\/index.php?rest_route=%2Fwp%2Fv2%2Fgiftcard-category&post=543"}],"curies":[{"name":"wp","href":"https:\/\/api.w.org\/{rel}","templated":true}]}}