{"id":541,"date":"2023-05-07T19:18:33","date_gmt":"2023-05-07T17:18:33","guid":{"rendered":"https:\/\/berninabrussels.be\/?post_type=product&#038;p=541"},"modified":"2023-05-07T19:20:17","modified_gmt":"2023-05-07T17:20:17","slug":"pied-ourleur-plat-picot-tricot-2mm-68","status":"publish","type":"product","link":"https:\/\/berninabrussels.be\/?product=pied-ourleur-plat-picot-tricot-2mm-68","title":{"rendered":"Pied ourleur plat picot, tricot 2mm 68"},"content":{"rendered":"<h3>Pied 68 ourleur plat picot, tricot 2mm tissus fins\u00a0BERNINA<\/h3>\n<p align=\"left\">L&rsquo;ourleur coquille et tricot, 2 mm est le pied-de-biche id\u00e9al pour ourler des tissus souples comme le jersey pour t-shirt et le tissu pour sous-v\u00eatements.<\/p>\n<p align=\"left\">Un ergot entra\u00eene le bord du tissu et le replie deux fois simultan\u00e9ment. Ainsi se forme un ourlet \u00e9troit et solide. Selon le genre de point s\u00e9lectionn\u00e9, on peut ainsi obtenir un ourlet coquille. Son guide est plus profond et plus rond que ceux des ourleurs classiques, ce qui lui permet de r\u00e9aliser des ourlets d\u00e9coratifs, finement roul\u00e9s.<\/p>\n","protected":false},"excerpt":{"rendered":"<p>Pied 68 ourleur plat picot, tricot 2mm tissus fins\u00a0BERNINA L&rsquo;ourleur coquille et tricot, 2 mm est le pied-de-biche id\u00e9al pour ourler des tissus souples comme le jersey pour t-shirt et le tissu pour sous-v\u00eatements. Un ergot entra\u00eene le bord du tissu et le replie deux fois simultan\u00e9ment. Ainsi se forme un ourlet \u00e9troit et solide.&hellip;<\/p>\n","protected":false},"featured_media":542,"comment_status":"open","ping_status":"closed","template":"","meta":{"om_disable_all_campaigns":false,"_monsterinsights_skip_tracking":false,"_monsterinsights_sitenote_active":false,"_monsterinsights_sitenote_note":"","_monsterinsights_sitenote_category":0,"_uf_show_specific_survey":0,"_uf_disable_surveys":false},"product_brand":[],"product_cat":[42,44,240,194],"product_tag":[125],"giftcard-category":[],"class_list":{"0":"post-541","1":"product","2":"type-product","3":"status-publish","4":"has-post-thumbnail","6":"product_cat-accesoires","7":"product_cat-machine-a-coudre","8":"product_cat-pieds-presseurs","9":"product_cat-pied-ourleur","10":"product_tag-bernina","12":"first","13":"instock","14":"sale","15":"shipping-taxable","16":"purchasable","17":"product-type-simple"},"aioseo_notices":[],"jetpack_sharing_enabled":true,"_links":{"self":[{"href":"https:\/\/berninabrussels.be\/index.php?rest_route=\/wp\/v2\/product\/541","targetHints":{"allow":["GET"]}}],"collection":[{"href":"https:\/\/berninabrussels.be\/index.php?rest_route=\/wp\/v2\/product"}],"about":[{"href":"https:\/\/berninabrussels.be\/index.php?rest_route=\/wp\/v2\/types\/product"}],"replies":[{"embeddable":true,"href":"https:\/\/berninabrussels.be\/index.php?rest_route=%2Fwp%2Fv2%2Fcomments&post=541"}],"wp:featuredmedia":[{"embeddable":true,"href":"https:\/\/berninabrussels.be\/index.php?rest_route=\/wp\/v2\/media\/542"}],"wp:attachment":[{"href":"https:\/\/berninabrussels.be\/index.php?rest_route=%2Fwp%2Fv2%2Fmedia&parent=541"}],"wp:term":[{"taxonomy":"product_brand","embeddable":true,"href":"https:\/\/berninabrussels.be\/index.php?rest_route=%2Fwp%2Fv2%2Fproduct_brand&post=541"},{"taxonomy":"product_cat","embeddable":true,"href":"https:\/\/berninabrussels.be\/index.php?rest_route=%2Fwp%2Fv2%2Fproduct_cat&post=541"},{"taxonomy":"product_tag","embeddable":true,"href":"https:\/\/berninabrussels.be\/index.php?rest_route=%2Fwp%2Fv2%2Fproduct_tag&post=541"},{"taxonomy":"giftcard-category","embeddable":true,"href":"https:\/\/berninabrussels.be\/index.php?rest_route=%2Fwp%2Fv2%2Fgiftcard-category&post=541"}],"curies":[{"name":"wp","href":"https:\/\/api.w.org\/{rel}","templated":true}]}}