{"id":530,"date":"2023-05-07T19:06:10","date_gmt":"2023-05-07T17:06:10","guid":{"rendered":"https:\/\/berninabrussels.be\/?post_type=product&#038;p=530"},"modified":"2023-05-17T10:50:48","modified_gmt":"2023-05-17T08:50:48","slug":"pied-zigzag-teflon-9mm-52","status":"publish","type":"product","link":"https:\/\/berninabrussels.be\/?product=pied-zigzag-teflon-9mm-52","title":{"rendered":"Pied Zigzag t\u00e9flon 9mm 52"},"content":{"rendered":"<h3>Pied 52 ZZ Zigzag anti-adh\u00e9rents, t\u00e9flon\u00a0BERNINA<\/h3>\n<p align=\"left\">Ce pied est id\u00e9alement indiqu\u00e9 pour l&rsquo;ex\u00e9cution de toute couture utilitaire au point droit ou point zigzag. (sauf les boutonni\u00e8res ou les points satins)<\/p>\n<p align=\"left\">Ce pied est dot\u00e9 d\u2019un rev\u00eatement sp\u00e9cial au niveau de sa semelle, vous pouvez dor\u00e9navant travailler des mati\u00e8res tr\u00e8s contraignantes au niveau de l\u2018entra\u00eenement, comme le cuir, la mousse, le vinyle, les su\u00e9dines et les mati\u00e8res imperm\u00e9ables.<\/p>\n","protected":false},"excerpt":{"rendered":"<p>Pied 52 ZZ Zigzag anti-adh\u00e9rents, t\u00e9flon\u00a0BERNINA Ce pied est id\u00e9alement indiqu\u00e9 pour l&rsquo;ex\u00e9cution de toute couture utilitaire au point droit ou point zigzag. (sauf les boutonni\u00e8res ou les points satins) Ce pied est dot\u00e9 d\u2019un rev\u00eatement sp\u00e9cial au niveau de sa semelle, vous pouvez dor\u00e9navant travailler des mati\u00e8res tr\u00e8s contraignantes au niveau de l\u2018entra\u00eenement, comme&hellip;<\/p>\n","protected":false},"featured_media":2527,"comment_status":"open","ping_status":"closed","template":"","meta":{"om_disable_all_campaigns":false,"_monsterinsights_skip_tracking":false,"_monsterinsights_sitenote_active":false,"_monsterinsights_sitenote_note":"","_monsterinsights_sitenote_category":0,"_uf_show_specific_survey":0,"_uf_disable_surveys":false},"product_brand":[],"product_cat":[42,44,240,189],"product_tag":[125],"giftcard-category":[],"class_list":{"0":"post-530","1":"product","2":"type-product","3":"status-publish","4":"has-post-thumbnail","6":"product_cat-accesoires","7":"product_cat-machine-a-coudre","8":"product_cat-pieds-presseurs","9":"product_cat-pied-zig-zag","10":"product_tag-bernina","12":"first","13":"instock","14":"sale","15":"shipping-taxable","16":"purchasable","17":"product-type-simple"},"aioseo_notices":[],"jetpack_sharing_enabled":true,"_links":{"self":[{"href":"https:\/\/berninabrussels.be\/index.php?rest_route=\/wp\/v2\/product\/530","targetHints":{"allow":["GET"]}}],"collection":[{"href":"https:\/\/berninabrussels.be\/index.php?rest_route=\/wp\/v2\/product"}],"about":[{"href":"https:\/\/berninabrussels.be\/index.php?rest_route=\/wp\/v2\/types\/product"}],"replies":[{"embeddable":true,"href":"https:\/\/berninabrussels.be\/index.php?rest_route=%2Fwp%2Fv2%2Fcomments&post=530"}],"wp:featuredmedia":[{"embeddable":true,"href":"https:\/\/berninabrussels.be\/index.php?rest_route=\/wp\/v2\/media\/2527"}],"wp:attachment":[{"href":"https:\/\/berninabrussels.be\/index.php?rest_route=%2Fwp%2Fv2%2Fmedia&parent=530"}],"wp:term":[{"taxonomy":"product_brand","embeddable":true,"href":"https:\/\/berninabrussels.be\/index.php?rest_route=%2Fwp%2Fv2%2Fproduct_brand&post=530"},{"taxonomy":"product_cat","embeddable":true,"href":"https:\/\/berninabrussels.be\/index.php?rest_route=%2Fwp%2Fv2%2Fproduct_cat&post=530"},{"taxonomy":"product_tag","embeddable":true,"href":"https:\/\/berninabrussels.be\/index.php?rest_route=%2Fwp%2Fv2%2Fproduct_tag&post=530"},{"taxonomy":"giftcard-category","embeddable":true,"href":"https:\/\/berninabrussels.be\/index.php?rest_route=%2Fwp%2Fv2%2Fgiftcard-category&post=530"}],"curies":[{"name":"wp","href":"https:\/\/api.w.org\/{rel}","templated":true}]}}