{"id":522,"date":"2023-05-07T18:53:35","date_gmt":"2023-05-07T16:53:35","guid":{"rendered":"https:\/\/berninabrussels.be\/?post_type=product&#038;p=522"},"modified":"2023-05-07T18:55:20","modified_gmt":"2023-05-07T16:55:20","slug":"pied-satin-application-metal-ferme-6","status":"publish","type":"product","link":"https:\/\/berninabrussels.be\/?product=pied-satin-application-metal-ferme-6","title":{"rendered":"Pied satin, application m\u00e9tal ferm\u00e9 6"},"content":{"rendered":"<h3>Pied 6 satin, bourdon \u00e0 broder, appliqu\u00e9 m\u00e9tal ferm\u00e9 BERNINA<\/h3>\n<p align=\"left\">Id\u00e9al pour les applications et les travaux n\u00e9cesissant une parfaite visibilit\u00e9 sur chaque piq\u00fbre. Utilis\u00e9 avec le point d\u2019\u00e9pine ou le point coquille, vous ma\u00eetriserez les applications de motifs avec effet de surfilage \u00e0 la main.<\/p>\n<p align=\"left\">Le pied pour broderie est l&rsquo;outil id\u00e9al pour r\u00e9aliser des coutures au point satin droit et toute autre sorte de combinaisons de points \u00e9pais gr\u00e2ce \u00e0 l&rsquo;espace g\u00e9n\u00e9reux sous le pied permet.<\/p>\n<p align=\"left\">Ce pied est de plus \u00e9quip\u00e9 d&rsquo;une ouverture au centre de l&rsquo;avant du pied permettant de faire passer un fil de renfort ou un fil \u00e9lastique.<\/p>\n<p>&nbsp;<\/p>\n","protected":false},"excerpt":{"rendered":"<p>Pied 6 satin, bourdon \u00e0 broder, appliqu\u00e9 m\u00e9tal ferm\u00e9 BERNINA Id\u00e9al pour les applications et les travaux n\u00e9cesissant une parfaite visibilit\u00e9 sur chaque piq\u00fbre. Utilis\u00e9 avec le point d\u2019\u00e9pine ou le point coquille, vous ma\u00eetriserez les applications de motifs avec effet de surfilage \u00e0 la main. Le pied pour broderie est l&rsquo;outil id\u00e9al pour r\u00e9aliser&hellip;<\/p>\n","protected":false},"featured_media":523,"comment_status":"open","ping_status":"closed","template":"","meta":{"om_disable_all_campaigns":false,"_monsterinsights_skip_tracking":false,"_monsterinsights_sitenote_active":false,"_monsterinsights_sitenote_note":"","_monsterinsights_sitenote_category":0,"_uf_show_specific_survey":0,"_uf_disable_surveys":false},"product_brand":[],"product_cat":[198],"product_tag":[125],"giftcard-category":[],"class_list":{"0":"post-522","1":"product","2":"type-product","3":"status-publish","4":"has-post-thumbnail","6":"product_cat-pied-satin","7":"product_tag-bernina","9":"first","10":"instock","11":"sale","12":"shipping-taxable","13":"purchasable","14":"product-type-simple"},"aioseo_notices":[],"jetpack_sharing_enabled":true,"_links":{"self":[{"href":"https:\/\/berninabrussels.be\/index.php?rest_route=\/wp\/v2\/product\/522","targetHints":{"allow":["GET"]}}],"collection":[{"href":"https:\/\/berninabrussels.be\/index.php?rest_route=\/wp\/v2\/product"}],"about":[{"href":"https:\/\/berninabrussels.be\/index.php?rest_route=\/wp\/v2\/types\/product"}],"replies":[{"embeddable":true,"href":"https:\/\/berninabrussels.be\/index.php?rest_route=%2Fwp%2Fv2%2Fcomments&post=522"}],"wp:featuredmedia":[{"embeddable":true,"href":"https:\/\/berninabrussels.be\/index.php?rest_route=\/wp\/v2\/media\/523"}],"wp:attachment":[{"href":"https:\/\/berninabrussels.be\/index.php?rest_route=%2Fwp%2Fv2%2Fmedia&parent=522"}],"wp:term":[{"taxonomy":"product_brand","embeddable":true,"href":"https:\/\/berninabrussels.be\/index.php?rest_route=%2Fwp%2Fv2%2Fproduct_brand&post=522"},{"taxonomy":"product_cat","embeddable":true,"href":"https:\/\/berninabrussels.be\/index.php?rest_route=%2Fwp%2Fv2%2Fproduct_cat&post=522"},{"taxonomy":"product_tag","embeddable":true,"href":"https:\/\/berninabrussels.be\/index.php?rest_route=%2Fwp%2Fv2%2Fproduct_tag&post=522"},{"taxonomy":"giftcard-category","embeddable":true,"href":"https:\/\/berninabrussels.be\/index.php?rest_route=%2Fwp%2Fv2%2Fgiftcard-category&post=522"}],"curies":[{"name":"wp","href":"https:\/\/api.w.org\/{rel}","templated":true}]}}