{"id":518,"date":"2023-05-07T18:49:25","date_gmt":"2023-05-07T16:49:25","guid":{"rendered":"https:\/\/berninabrussels.be\/?post_type=product&#038;p=518"},"modified":"2023-05-07T18:51:07","modified_gmt":"2023-05-07T16:51:07","slug":"pied-ourleur-plat-point-droit-2mm-62","status":"publish","type":"product","link":"https:\/\/berninabrussels.be\/?product=pied-ourleur-plat-point-droit-2mm-62","title":{"rendered":"Pied ourleur plat point droit 2mm 62"},"content":{"rendered":"<h3>Pied 62 ourleur plat\u00a0point droit 2 mm tissus fins\u00a0BERNINA<\/h3>\n<p>Ce pied est particuli\u00e8rement adapt\u00e9 pour les tissus d\u00e9licats. L&rsquo;ourleur dirige le tissu vers l&rsquo;ergot qui se charge de le replier deux fois. Cette op\u00e9ration permet d&rsquo;\u00e9viter un effilochage ult\u00e9rieur du tissu. Un ourlet roul\u00e9 est ainsi cr\u00e9\u00e9. ce pied est pour les tissus fins<\/p>\n","protected":false},"excerpt":{"rendered":"<p>Pied 62 ourleur plat\u00a0point droit 2 mm tissus fins\u00a0BERNINA Ce pied est particuli\u00e8rement adapt\u00e9 pour les tissus d\u00e9licats. L&rsquo;ourleur dirige le tissu vers l&rsquo;ergot qui se charge de le replier deux fois. Cette op\u00e9ration permet d&rsquo;\u00e9viter un effilochage ult\u00e9rieur du tissu. Un ourlet roul\u00e9 est ainsi cr\u00e9\u00e9. ce pied est pour les tissus fins<\/p>\n","protected":false},"featured_media":519,"comment_status":"open","ping_status":"closed","template":"","meta":{"om_disable_all_campaigns":false,"_monsterinsights_skip_tracking":false,"_monsterinsights_sitenote_active":false,"_monsterinsights_sitenote_note":"","_monsterinsights_sitenote_category":0,"_uf_show_specific_survey":0,"_uf_disable_surveys":false},"product_brand":[],"product_cat":[42,44,240,194],"product_tag":[125],"giftcard-category":[],"class_list":{"0":"post-518","1":"product","2":"type-product","3":"status-publish","4":"has-post-thumbnail","6":"product_cat-accesoires","7":"product_cat-machine-a-coudre","8":"product_cat-pieds-presseurs","9":"product_cat-pied-ourleur","10":"product_tag-bernina","12":"first","13":"instock","14":"sale","15":"shipping-taxable","16":"purchasable","17":"product-type-simple"},"aioseo_notices":[],"jetpack_sharing_enabled":true,"_links":{"self":[{"href":"https:\/\/berninabrussels.be\/index.php?rest_route=\/wp\/v2\/product\/518","targetHints":{"allow":["GET"]}}],"collection":[{"href":"https:\/\/berninabrussels.be\/index.php?rest_route=\/wp\/v2\/product"}],"about":[{"href":"https:\/\/berninabrussels.be\/index.php?rest_route=\/wp\/v2\/types\/product"}],"replies":[{"embeddable":true,"href":"https:\/\/berninabrussels.be\/index.php?rest_route=%2Fwp%2Fv2%2Fcomments&post=518"}],"wp:featuredmedia":[{"embeddable":true,"href":"https:\/\/berninabrussels.be\/index.php?rest_route=\/wp\/v2\/media\/519"}],"wp:attachment":[{"href":"https:\/\/berninabrussels.be\/index.php?rest_route=%2Fwp%2Fv2%2Fmedia&parent=518"}],"wp:term":[{"taxonomy":"product_brand","embeddable":true,"href":"https:\/\/berninabrussels.be\/index.php?rest_route=%2Fwp%2Fv2%2Fproduct_brand&post=518"},{"taxonomy":"product_cat","embeddable":true,"href":"https:\/\/berninabrussels.be\/index.php?rest_route=%2Fwp%2Fv2%2Fproduct_cat&post=518"},{"taxonomy":"product_tag","embeddable":true,"href":"https:\/\/berninabrussels.be\/index.php?rest_route=%2Fwp%2Fv2%2Fproduct_tag&post=518"},{"taxonomy":"giftcard-category","embeddable":true,"href":"https:\/\/berninabrussels.be\/index.php?rest_route=%2Fwp%2Fv2%2Fgiftcard-category&post=518"}],"curies":[{"name":"wp","href":"https:\/\/api.w.org\/{rel}","templated":true}]}}