{"id":516,"date":"2023-05-07T18:47:05","date_gmt":"2023-05-07T16:47:05","guid":{"rendered":"https:\/\/berninabrussels.be\/?post_type=product&#038;p=516"},"modified":"2023-05-07T18:49:11","modified_gmt":"2023-05-07T16:49:11","slug":"pied-a-broder-a-repriser-26","status":"publish","type":"product","link":"https:\/\/berninabrussels.be\/?product=pied-a-broder-a-repriser-26","title":{"rendered":"Pied \u00e0 broder, \u00e0 repriser 26"},"content":{"rendered":"<h3>Pied 26 \u00e0 broder, \u00e0 repriser BERNINA<\/h3>\n<p align=\"left\">La forme sp\u00e9cifique du pied pour broderie (en forme de goutte) fait de ce pied un pied id\u00e9al pour maintenir le tissu, permettant ainsi d&rsquo;obtenir de magnifiques ouvrages de broderie.<\/p>\n<p align=\"left\">Le pied pour broderie est \u00e9galement \u00e9quip\u00e9 d&rsquo;un ressort vertical. Celui-ci appuie sur le tissu pendant la couture et emp\u00eache ainsi qu&rsquo;il n&rsquo;ondule.<\/p>\n<p align=\"left\">Il s&rsquo;utilise pour la broderie avec le module de broderie ainsi que pour le reprisage des tissus fins.<\/p>\n","protected":false},"excerpt":{"rendered":"<p>Pied 26 \u00e0 broder, \u00e0 repriser BERNINA La forme sp\u00e9cifique du pied pour broderie (en forme de goutte) fait de ce pied un pied id\u00e9al pour maintenir le tissu, permettant ainsi d&rsquo;obtenir de magnifiques ouvrages de broderie. Le pied pour broderie est \u00e9galement \u00e9quip\u00e9 d&rsquo;un ressort vertical. Celui-ci appuie sur le tissu pendant la couture&hellip;<\/p>\n","protected":false},"featured_media":517,"comment_status":"open","ping_status":"closed","template":"","meta":{"om_disable_all_campaigns":false,"_monsterinsights_skip_tracking":false,"_monsterinsights_sitenote_active":false,"_monsterinsights_sitenote_note":"","_monsterinsights_sitenote_category":0,"_uf_show_specific_survey":0,"_uf_disable_surveys":false},"product_brand":[],"product_cat":[42,44,240,156],"product_tag":[125],"giftcard-category":[],"class_list":{"0":"post-516","1":"product","2":"type-product","3":"status-publish","4":"has-post-thumbnail","6":"product_cat-accesoires","7":"product_cat-machine-a-coudre","8":"product_cat-pieds-presseurs","9":"product_cat-pieds-broderie","10":"product_tag-bernina","12":"first","13":"instock","14":"sale","15":"shipping-taxable","16":"purchasable","17":"product-type-simple"},"aioseo_notices":[],"jetpack_sharing_enabled":true,"_links":{"self":[{"href":"https:\/\/berninabrussels.be\/index.php?rest_route=\/wp\/v2\/product\/516","targetHints":{"allow":["GET"]}}],"collection":[{"href":"https:\/\/berninabrussels.be\/index.php?rest_route=\/wp\/v2\/product"}],"about":[{"href":"https:\/\/berninabrussels.be\/index.php?rest_route=\/wp\/v2\/types\/product"}],"replies":[{"embeddable":true,"href":"https:\/\/berninabrussels.be\/index.php?rest_route=%2Fwp%2Fv2%2Fcomments&post=516"}],"wp:featuredmedia":[{"embeddable":true,"href":"https:\/\/berninabrussels.be\/index.php?rest_route=\/wp\/v2\/media\/517"}],"wp:attachment":[{"href":"https:\/\/berninabrussels.be\/index.php?rest_route=%2Fwp%2Fv2%2Fmedia&parent=516"}],"wp:term":[{"taxonomy":"product_brand","embeddable":true,"href":"https:\/\/berninabrussels.be\/index.php?rest_route=%2Fwp%2Fv2%2Fproduct_brand&post=516"},{"taxonomy":"product_cat","embeddable":true,"href":"https:\/\/berninabrussels.be\/index.php?rest_route=%2Fwp%2Fv2%2Fproduct_cat&post=516"},{"taxonomy":"product_tag","embeddable":true,"href":"https:\/\/berninabrussels.be\/index.php?rest_route=%2Fwp%2Fv2%2Fproduct_tag&post=516"},{"taxonomy":"giftcard-category","embeddable":true,"href":"https:\/\/berninabrussels.be\/index.php?rest_route=%2Fwp%2Fv2%2Fgiftcard-category&post=516"}],"curies":[{"name":"wp","href":"https:\/\/api.w.org\/{rel}","templated":true}]}}