{"id":51,"date":"2023-05-05T14:47:47","date_gmt":"2023-05-05T12:47:47","guid":{"rendered":"https:\/\/berninabrussels.be\/?post_type=product&#038;p=51"},"modified":"2025-10-11T17:30:52","modified_gmt":"2025-10-11T15:30:52","slug":"machine-a-coudre-bernina-475-qe","status":"publish","type":"product","link":"https:\/\/berninabrussels.be\/?product=machine-a-coudre-bernina-475-qe","title":{"rendered":"MACHINE \u00c0 COUDRE BERNINA 475 QE +pied tirette inisible (49\u20ac)+ Cours de prise en main offert"},"content":{"rendered":"<div id=\"ctl00_ContentPlaceHolder1_ctl00_ContentPlaceHolder1_RadAjaxPanelItemInfoPanel\" class=\"RadAjaxPanel\">\n<div id=\"ctl00_ContentPlaceHolder1_RadAjaxPanelItemInfo\" class=\"container\">\n<div class=\"container\">\n<div class=\"tabs tabs-border-highlight\">\n<div class=\"tab-content no-border\">\n<div id=\"description\" class=\"tab-pane fade in active\">\n<div class=\"row irow-sm\">\n<div class=\"col-md-12\">\n<div class=\"container\">\n<div class=\"row irow-xs text-center cards cards-inside cards-images\">\n<div class=\"col-sm-4\">\n<div class=\"card card-image\">\n<figure class=\"figure\"><img data-recalc-dims=\"1\" decoding=\"async\" src=\"https:\/\/i0.wp.com\/www.stecker.be\/Images\/ImageDescriptionArticle\/machines\/bernina\/bernina-475qe\/fonctionnalites-automatisees-machine-a-coudre-bernina-b475qe.jpg?w=1140&#038;ssl=1\" alt=\"Fonctionnalit\u00e9s automatis\u00e9es - Machine \u00e0 coudre Bernina B475 QE S\u00e9rie 4\" \/><\/figure>\n<div class=\"figure-info\">\n<h3>Les fonctionnalit\u00e9s automatis\u00e9es permettent de gagner du temps<\/h3>\n<div class=\"heading-divider\"><\/div>\n<ul>\n<li><i class=\"fa fa-square fa-fw text-danger\"><\/i>\u00a0Coupe-fil automatique<\/li>\n<li><i class=\"fa fa-square fa-fw text-danger\"><\/i>\u00a0Il suffit d&rsquo;appuyer sur un bouton pour couper le fil<\/li>\n<li><i class=\"fa fa-square fa-fw text-danger\"><\/i>\u00a0Gagne du temps pour un maximum de cr\u00e9ativit\u00e9<\/li>\n<\/ul>\n<p>Avec le coupe-fil automatique, les fils sont coup\u00e9s automatiquement avant la remont\u00e9e de l&rsquo;aiguille.<\/p>\n<\/div>\n<\/div>\n<\/div>\n<div class=\"col-sm-4\">\n<div class=\"card card-image\">\n<figure class=\"figure\"><img data-recalc-dims=\"1\" decoding=\"async\" src=\"https:\/\/i0.wp.com\/www.stecker.be\/Images\/ImageDescriptionArticle\/machines\/bernina\/bernina-475qe\/couture-mains-libres-machine-a-coudre-bernina-b475qe.jpg?w=1140&#038;ssl=1\" alt=\"Couture mains libres - Machine \u00e0 coudre Bernina B435 S\u00e9rie 4\" \/><\/figure>\n<div class=\"figure-info\">\n<h3>Les mains libres et en contr\u00f4le<\/h3>\n<div class=\"heading-divider\"><\/div>\n<div><\/div>\n<ul>\n<li><i class=\"fa fa-square fa-fw text-danger\"><\/i>\u00a0Couture \u00e0 main libre gr\u00e2ce \u00e0 un levier situ\u00e9 au niveau des genoux<\/li>\n<li><i class=\"fa fa-square fa-fw text-danger\"><\/i>\u00a0Vos mains guident le tissu \u00e0 tout moment.<\/li>\n<li><i class=\"fa fa-square fa-fw text-danger\"><\/i>\u00a0Rel\u00e8vement\/abaissement simultan\u00e9s du pied-de-biche et des griffes d&rsquo;entra\u00eenement.<\/li>\n<\/ul>\n<p>Le syst\u00e8me mains libres BERNINA vous permet de soulever ou d\u2019abaisser le pied presseur en utilisant uniquement la barre situ\u00e9e au niveau du genou. Vous gardez vos mains libres pour guider vos ouvrages.<\/p>\n<\/div>\n<\/div>\n<\/div>\n<div class=\"col-sm-4\">\n<div class=\"card card-image\">\n<figure class=\"figure\"><img data-recalc-dims=\"1\" decoding=\"async\" src=\"https:\/\/i0.wp.com\/www.stecker.be\/Images\/ImageDescriptionArticle\/machines\/bernina\/bernina-475qe\/canette-jumbo-machine-a-coudre-bernina-b475qe.jpg?w=1140&#038;ssl=1\" alt=\"Points de couture - Machine \u00e0 coudre Bernina B475 QE S\u00e9rie 4\" \/><\/figure>\n<div class=\"figure-info\">\n<h3>Des points parfaits tr\u00e8s faciles \u00e0 r\u00e9aliser<\/h3>\n<div class=\"heading-divider\"><\/div>\n<div><\/div>\n<ul>\n<li><i class=\"fa fa-square fa-fw text-danger\"><\/i>\u00a0Cousez des points parfaits d\u2019une largeur de 5,5 mm<\/li>\n<li><i class=\"fa fa-square fa-fw text-danger\"><\/i>\u00a0La canette Jumbo limite le nombre d&rsquo;interruptions<\/li>\n<li><i class=\"fa fa-square fa-fw text-danger\"><\/i>\u00a0Canette \u00e0 chargement frontal pratique<\/li>\n<\/ul>\n<p>Le crochet BERNINA garantit la r\u00e9gularit\u00e9 et la pr\u00e9cision du point \u00e0 une vitesse maximale de 900 points par minute.<\/p>\n<\/div>\n<\/div>\n<\/div>\n<\/div>\n<\/div>\n<div class=\"container\">\n<div class=\"row irow-xs text-center cards cards-inside cards-images\">\n<div class=\"col-sm-4\">\n<div class=\"card card-image\">\n<figure class=\"figure\"><img data-recalc-dims=\"1\" decoding=\"async\" src=\"https:\/\/i0.wp.com\/www.stecker.be\/Images\/ImageDescriptionArticle\/machines\/bernina\/bernina-475qe\/pression-pied-ajustable-machine-a-coudre-bernina-b475qe.jpg?w=1140&#038;ssl=1\" alt=\"Espace de travailet table rallonge - Machine \u00e0 coudre Bernina B435 S\u00e9rie 4\" \/><\/figure>\n<div class=\"figure-info\">\n<h3>Pression du pied ajustable<\/h3>\n<div class=\"heading-divider\"><\/div>\n<ul>\n<li><i class=\"fa fa-square fa-fw text-danger\"><\/i>\u00a0Votre tissu est fin? Augmentez la pression<\/li>\n<li><i class=\"fa fa-square fa-fw text-danger\"><\/i>\u00a0Votre mati\u00e8re est \u00e9paisse? R\u00e9duisez la pression<\/li>\n<li><i class=\"fa fa-square fa-fw text-danger\"><\/i>\u00a0Piquez une vari\u00e9t\u00e9 de mat\u00e9riaux avec facilit\u00e9<\/li>\n<\/ul>\n<p>Le r\u00e9glage de base peut \u00eatre ajust\u00e9 individuellement, en veillant \u00e0 ce que la pression soit toujours id\u00e9ale pour tous les tissus et les mat\u00e9riaux que vous choisissez.<\/p>\n<\/div>\n<\/div>\n<\/div>\n<div class=\"col-sm-4\">\n<div class=\"card card-image\">\n<figure class=\"figure\"><img data-recalc-dims=\"1\" decoding=\"async\" src=\"https:\/\/i0.wp.com\/www.stecker.be\/Images\/ImageDescriptionArticle\/machines\/bernina\/bernina-475qe\/pied-patchwork-37-machine-a-coudre-bernina-b475-qe.jpg?w=1140&#038;ssl=1\" alt=\"Pied pour patchwork 37 - Machine \u00e0 coudre Bernina B475 QE S\u00e9rie 4\" \/><\/figure>\n<div class=\"figure-info\">\n<h3>Pied pour patchwork #37<\/h3>\n<div class=\"heading-divider\"><\/div>\n<ul>\n<li><i class=\"fa fa-square fa-fw text-danger\"><\/i>\u00a0Con\u00e7u pour le point droit<\/li>\n<li><i class=\"fa fa-square fa-fw text-danger\"><\/i>\u00a0Id\u00e9al pour coudre des surplus d\u2019\u00bc de pouce<\/li>\n<li><i class=\"fa fa-square fa-fw text-danger\"><\/i>\u00a0Plus d\u2019assurance pour les amatrices de patchwork exp\u00e9riment\u00e9es<\/li>\n<\/ul>\n<p>Chaque quilteuse appr\u00e9cie le pied pour patchwork #37 pour son alimentation et ses points en piquant des blocs de patchwork d&rsquo;une pr\u00e9cision parfaite.<\/p>\n<\/div>\n<\/div>\n<\/div>\n<div class=\"col-sm-4\">\n<div class=\"card card-image\">\n<figure class=\"figure\"><img data-recalc-dims=\"1\" decoding=\"async\" src=\"https:\/\/i0.wp.com\/www.stecker.be\/Images\/ImageDescriptionArticle\/machines\/bernina\/bernina-475qe\/ecran-tactile-machine-a-coudre-bernina-b475qe.jpg?w=1140&#038;ssl=1\" alt=\"Ecran tactile convivial - Machine \u00e0 coudre Bernina B475 QE S\u00e9rie 4\" \/><\/figure>\n<div class=\"figure-info\">\n<h3>\u00c9cran tactile convivial<\/h3>\n<div class=\"heading-divider\"><\/div>\n<ul>\n<li><i class=\"fa fa-square fa-fw text-danger\"><\/i>\u00a0\u00c9cran tactile couleur moderne<\/li>\n<li><i class=\"fa fa-square fa-fw text-danger\"><\/i>\u00a0Navigation simple, facile d\u2019utilisation<\/li>\n<li><i class=\"fa fa-square fa-fw text-danger\"><\/i>\u00a0Obtenez des conseils directement sur l&rsquo;\u00e9cran en cas de besoin<\/li>\n<\/ul>\n<p>L\u2019assistant de couture vous aide \u00e0 trouver les r\u00e9glages adapt\u00e9s. R\u00e9glez les modifications sugg\u00e9r\u00e9es rapidement gr\u00e2ce au bouton multifonction.<\/p>\n<\/div>\n<\/div>\n<\/div>\n<\/div>\n<\/div>\n<p><center><\/p>\n<div><img data-recalc-dims=\"1\" decoding=\"async\" src=\"https:\/\/i0.wp.com\/www.stecker.be\/Images\/ImageDescriptionArticle\/machines\/bernina\/bernina-475qe\/tiffany-pratt-machine-a-coudre-bernina-b475qe.png?w=1140&#038;ssl=1\" alt=\"Tiffany Pratt - Bernina B475 QE\" \/><\/div>\n<h3>\u00ab\u00a0Vous n\u2019avez pas besoin de coudre parfaitement, la machine fera des merveilles.\u00a0\u00bb<\/h3>\n<p><em>Talentueuse. Dynamique. Cr\u00e9ative. Audacieuse. Une cr\u00e9atrice comme Tiffany compte sur la B 475 QE pour leur performance, leur manipulation facile, leur rapidit\u00e9 et leur magie. Jour apr\u00e8s jour. Et sa BERNINA ne la laisse jamais tomber. Elle adore cela, et vous adorerez aussi.<\/em><\/p>\n<p><b>Tiffany Pratt<\/b>\u00a0Cr\u00e9atrice et couturi\u00e8re<\/p>\n<p><\/center><\/p>\n<section class=\"row page-header text-center\">\n<div class=\"col-sm-12\">\n<h3>Accessoires inclus<\/h3>\n<div class=\"heading-divider\"><\/div>\n<\/div>\n<\/section>\n<div class=\"container\">\n<div class=\"row irow-sm text-center cards cards-inside cards-images\">\n<div class=\"col-md-3 col-sm-6\">\n<div class=\"card card-image\">\n<figure class=\"figure\"><a href=\"https:\/\/www.stecker.be\/fr\/produit=pied-01-zigzag-multi-usage-5-5mm-bernina&amp;id=s8157\"><img data-recalc-dims=\"1\" decoding=\"async\" src=\"https:\/\/i0.wp.com\/www.stecker.be\/Images\/ImageDescriptionArticle\/accessoires\/bernina\/pieds-de-biche\/pied-pour-points-en-marche-arriere-1-bernina.jpg?w=1140&#038;ssl=1\" alt=\"Semelle pour les points en marche arri\u00e8re # 1\" \/><\/a><\/figure>\n<div class=\"figure-info\">\n<h4>Pied pour points en marche arri\u00e8re # 1<\/h4>\n<div class=\"heading-divider\"><\/div>\n<p>Le pied pour points en marche arri\u00e8re # 1 est le pied-de-biche id\u00e9al pour coudre d&rsquo;avant en arri\u00e8re les points utilitaires et d&rsquo;ornement.<\/p>\n<\/div>\n<\/div>\n<\/div>\n<div class=\"col-md-3 col-sm-6\">\n<div class=\"card card-image\">\n<figure class=\"figure\"><a href=\"https:\/\/www.stecker.be\/fr\/produit=pied-02-overlock-surjet-bordeur-bernina&amp;id=s7948\"><img data-recalc-dims=\"1\" decoding=\"async\" src=\"https:\/\/i0.wp.com\/www.stecker.be\/Images\/ImageDescriptionArticle\/accessoires\/bernina\/pieds-de-biche\/pied-pour-surjet-2-bernina.jpg?w=1140&#038;ssl=1\" alt=\"Pied pour surjet # 2\" \/><\/a><\/figure>\n<div class=\"figure-info\">\n<h4>Pied pour surjet # 2<\/h4>\n<div class=\"heading-divider\"><\/div>\n<p>Pied pour surjet # 2, vous pouvez surfiler simplement les rebords et r\u00e9aliser des ourlets, des cols et des points satin droits de grande qualit\u00e9 sur des tissus \u00e0 mailles.<\/p>\n<\/div>\n<\/div>\n<\/div>\n<div class=\"col-md-3 col-sm-6\">\n<div class=\"card card-image\">\n<figure class=\"figure\"><a href=\"https:\/\/www.stecker.be\/fr\/produit=pied-03a-boutonniere-automatique-bernina&amp;id=s3212\"><img data-recalc-dims=\"1\" decoding=\"async\" src=\"https:\/\/i0.wp.com\/www.stecker.be\/Images\/ImageDescriptionArticle\/accessoires\/bernina\/pieds-de-biche\/pied-traineau-pour-boutonniere-3a-bernina.jpg?w=1140&#038;ssl=1\" alt=\"Pied tra\u00eeneau pour boutonni\u00e8re # 3A\" \/><\/a><\/figure>\n<div class=\"figure-info\">\n<h4>Pied tra\u00eeneau pour boutonni\u00e8re # 3A<\/h4>\n<div class=\"heading-divider\"><\/div>\n<p>Selon le mod\u00e8le choisi, le pied tra\u00eeneau pour boutonni\u00e8re # 3A d\u00e9finit, manuellement ou gr\u00e2ce \u00e0 un capteur, la longueur de boutonni\u00e8re souhait\u00e9e, permettant ainsi d&rsquo;obtenir des boutonni\u00e8res parfaitement identiques.<\/p>\n<\/div>\n<\/div>\n<\/div>\n<div class=\"col-md-3 col-sm-6\">\n<div class=\"card card-image\">\n<figure class=\"figure\"><a href=\"https:\/\/www.stecker.be\/fr\/produit=pied-04-fermeture-glissiere-bernina&amp;id=s3161\"><img data-recalc-dims=\"1\" decoding=\"async\" src=\"https:\/\/i0.wp.com\/www.stecker.be\/Images\/ImageDescriptionArticle\/accessoires\/bernina\/pieds-de-biche\/pied-pour-fermeture-a-glissiere-4-bernina.jpg?w=1140&#038;ssl=1\" alt=\"Pied pour fermeture \u00e0 glissi\u00e8re # 4\" \/><\/a><\/figure>\n<div class=\"figure-info\">\n<h4>Pied pour fermeture \u00e0 glissi\u00e8re # 4<\/h4>\n<div class=\"heading-divider\"><\/div>\n<p>Gr\u00e2ce \u00e0 sa patte centrale tr\u00e8s \u00e9troite, le pied pour fermeture \u00e0 glissi\u00e8re # 4 s&rsquo;approche tr\u00e8s pr\u00e8s des dents de la fermeture \u00e0 glissi\u00e8re, ce qui permet d&rsquo;obtenir une piq\u00fbre nette.<\/p>\n<\/div>\n<\/div>\n<\/div>\n<\/div>\n<div class=\"row irow-sm text-center cards cards-inside cards-images\">\n<div class=\"col-md-3 col-sm-6\">\n<div class=\"card card-image\">\n<figure class=\"figure\"><a href=\"https:\/\/www.stecker.be\/fr\/produit=pied-05-ourlet-invisible-bernina&amp;id=s58224\"><img data-recalc-dims=\"1\" decoding=\"async\" src=\"https:\/\/i0.wp.com\/www.stecker.be\/Images\/ImageDescriptionArticle\/accessoires\/bernina\/pieds-de-biche\/pied-pour-points-invisibles-5-bernina.jpg?w=1140&#038;ssl=1\" alt=\"Pied pour points invisibles # 5\" \/><\/a><\/figure>\n<div class=\"figure-info\">\n<h4>Pied pour points invisibles # 5<\/h4>\n<div class=\"heading-divider\"><\/div>\n<p>Le pied pour points invisibles # 5 est id\u00e9al pour coudre les ourlets invisibles sur tous les tissus. Gr\u00e2ce \u00e0 lui, les points effectu\u00e9s sur l&rsquo;endroit deviennent quasiment invisibles.<\/p>\n<\/div>\n<\/div>\n<\/div>\n<div class=\"col-md-3 col-sm-6\">\n<div class=\"card card-image\">\n<figure class=\"figure\"><a href=\"https:\/\/www.stecker.be\/fr\/produit=pied-37-patchwork-bernina&amp;id=s5923\"><img data-recalc-dims=\"1\" decoding=\"async\" src=\"https:\/\/i0.wp.com\/www.stecker.be\/Images\/ImageDescriptionArticle\/accessoires\/bernina\/pieds-de-biche\/pied-pour-le-patchwork-37-bernina.jpg?w=1140&#038;ssl=1\" alt=\"Pied pour le patchwork #37\" \/><\/a><\/figure>\n<div class=\"figure-info\">\n<h4>Pied pour le patchwork #37<\/h4>\n<div class=\"heading-divider\"><\/div>\n<p>Le pied pour patchwork # 37 est \u00e9quip\u00e9 d&rsquo;une vaste surface de contact lui conf\u00e9rant une adh\u00e9rence optimale. C&rsquo;est l&rsquo;outil id\u00e9al pour r\u00e9aliser des patchworks et ouvrages de pr\u00e9cision.<\/p>\n<\/div>\n<\/div>\n<\/div>\n<div class=\"col-md-3 col-sm-6\">\n<div class=\"card card-image\">\n<figure class=\"figure\"><img data-recalc-dims=\"1\" decoding=\"async\" src=\"https:\/\/i0.wp.com\/www.stecker.be\/Images\/ImageDescriptionArticle\/accessoires\/bernina\/table-rallonge-pour-le-bras-libre-bernina.jpg?w=1140&#038;ssl=1\" alt=\"Table rallonge pour le bras libre\" \/><\/figure>\n<div class=\"figure-info\">\n<h4>Table rallonge pour le bras libre<\/h4>\n<div class=\"heading-divider\"><\/div>\n<p>La table rallonge pour le bras libre BERNINA am\u00e9liore votre confort en agrandissant la surface disponible pour votre ouvrage tout en garantissant l&rsquo;acc\u00e8s au bras libre pendant la couture.<\/p>\n<\/div>\n<\/div>\n<\/div>\n<div class=\"col-md-3 col-sm-6\">\n<div class=\"card card-image\">\n<figure class=\"figure\"><img data-recalc-dims=\"1\" decoding=\"async\" src=\"https:\/\/i0.wp.com\/www.stecker.be\/Images\/ImageDescriptionArticle\/accessoires\/bernina\/genouillere-bernina-480.jpg?w=1140&#038;ssl=1\" alt=\"Syst\u00e8me Mains libres FHS \/ Genouill\u00e8re\" \/><\/figure>\n<div class=\"figure-info\">\n<h4>Syst\u00e8me Mains libres FHS \/ Genouill\u00e8re<\/h4>\n<div class=\"heading-divider\"><\/div>\n<p>Le Syst\u00e8me Mains libres FHS \/ levier de pied permet de lever le pied-de-biche et d&rsquo;escamoter les griffes d&rsquo;entra\u00eenement \u00e0 l&rsquo;aide du genou. Il est particuli\u00e8rement conseill\u00e9 pour les tissus d\u00e9licats.<\/p>\n<\/div>\n<\/div>\n<\/div>\n<\/div>\n<\/div>\n<div class=\"container\">\n<div class=\"row irow-xs cards\">\n<div class=\"col-md-7 col-sm-6\">\n<h4>Rangement des accessoires<\/h4>\n<div class=\"heading-divider\"><\/div>\n<p>Les accessoires standard se pr\u00e9sentent dans un sac en plastique. Ils peuvent \u00eatre rang\u00e9s dans le bo\u00eetier pour accessoires.<\/p>\n<ol>\n<li>Housse en tissu<\/li>\n<li>Coffret d&rsquo;accessoires<\/li>\n<li>P\u00e9dale<\/li>\n<li>C\u00e2ble \u00e9lectrique<\/li>\n<li>Lubrifiant<\/li>\n<\/ol>\n<\/div>\n<div class=\"col-md-5 col-sm-6\">\n<div class=\"card card-image\">\n<figure class=\"figure\"><img data-recalc-dims=\"1\" decoding=\"async\" src=\"https:\/\/i0.wp.com\/www.stecker.be\/Images\/machines\/bernina\/bernina-475\/accessoires-bernina-475.jpg?w=1140&#038;ssl=1\" alt=\"Accessoires de la machine \u00e0 coudre Bernina 475 QE\" \/><\/figure>\n<\/div>\n<\/div>\n<\/div>\n<\/div>\n<div class=\"container\">\n<div class=\"row irow-xs cards\">\n<div class=\"col-md-7 col-sm-6\">\n<p>&nbsp;<\/p>\n<ol>\n<li>4 canettes pour crochet B9 (dont une dans le bo\u00eetier de canette)<\/li>\n<li>Kit d&rsquo;aiguilles<\/li>\n<li>Plaquettes d&rsquo;\u00e9quilibrage de la hauteur<\/li>\n<li>D\u00e9couvit<\/li>\n<li>Tournevis rouge<\/li>\n<li>Pinceau<\/li>\n<li>1 disque en mousse<\/li>\n<li>3 disques pour d\u00e9roulement du fil<\/li>\n<\/ol>\n<\/div>\n<div class=\"col-md-5 col-sm-6\">\n<div class=\"card card-image\">\n<figure class=\"figure\"><img data-recalc-dims=\"1\" decoding=\"async\" src=\"https:\/\/i0.wp.com\/www.stecker.be\/Images\/machines\/bernina\/bernina-475\/accessoires-bernina-475-2.jpg?w=1140&#038;ssl=1\" alt=\"Accessoires de la machine \u00e0 coudre Bernina 475 QE\" \/><\/figure>\n<\/div>\n<\/div>\n<\/div>\n<\/div>\n<div class=\"elfsight-app-f801e886-a3e7-43d5-bc67-dc82044c56a5\" data-elfsight-app-lazy=\"\">\n<div id=\"eapps-contact-form-f801e886-a3e7-43d5-bc67-dc82044c56a5\" class=\"RootLayout__RootComponent-sc-1doisyz-0 iGDhJF eapps-contact-form-f801e886-a3e7-43d5-bc67-dc82044c56a5-custom-css-hook\" data-app=\"eapps-contact-form\" data-app-version=\"1.33.2\"><\/div>\n<\/div>\n<\/div>\n<\/div>\n<\/div>\n<\/div>\n<\/div>\n<\/div>\n<\/div>\n<\/div>\n","protected":false},"excerpt":{"rendered":"<h2>D\u00e9couvrez une couture de pr\u00e9cision avec la Bernina S\u00e9rie 4<\/h2>\n<p>La Bernina 475, deuxi\u00e8me de la s\u00e9rie 4, est sp\u00e9cialement con\u00e7ue pour les passionn\u00e9s de couture qui recherchent un outil v\u00e9ritablement performant. Avec des fonctionnalit\u00e9s qui surpassent son pr\u00e9d\u00e9cesseur, la Bernina 435, ce mod\u00e8le offre un m\u00e9lange parfait d&rsquo;innovation, de qualit\u00e9 et de prix accessible, tout en rendant votre exp\u00e9rience de couture plus agr\u00e9able et efficace.<\/p>\n<h2>Des fonctionnalit\u00e9s avanc\u00e9es pour vous simplifier la vie<\/h2>\n<p>Ce mod\u00e8le va bien au-del\u00e0 de la Bernina 435 en ajoutant des points suppl\u00e9mentaires pour davantage de cr\u00e9ativit\u00e9. Mais ce n&rsquo;est pas tout : gr\u00e2ce \u00e0 son coupe-fil int\u00e9gr\u00e9, vous pouvez dire adieu aux finitions manuelles fastidieuses. Vous retrouverez les fonctionnalit\u00e9s appr\u00e9ci\u00e9es de la s\u00e9rie, comme le syst\u00e8me de canette Jumbo, connu pour sa capacit\u00e9 et sa fluidit\u00e9 exceptionnelles. L&rsquo;\u00e9cran tactile intuitif de la Bernina S\u00e9rie 4 vous assure une prise en main rapide pour acc\u00e9der \u00e0 des fonctions supr\u00eamement efficaces.<\/p>\n<h2>Des avantages exclusifs pour une exp\u00e9rience in\u00e9gal\u00e9e<\/h2>\n<p>En choisissant cette Bernina chez Bernina Bruxelles, vous b\u00e9n\u00e9ficiez d&rsquo;une offre promotionnelle int\u00e9ressante, avec un pied pour fermeture \u00e0 glissi\u00e8re invisible inclus. De plus, pour vous accompagner dans la prise en main de votre nouvelle machine, un cours priv\u00e9 est offert, dispens\u00e9 par Olivier Bruynincx, le g\u00e9rant exp\u00e9riment\u00e9 de la boutique. Ce service sur rendez-vous garantit un accompagnement personnalis\u00e9, pour que vous puissiez ma\u00eetriser toutes les fonctionnalit\u00e9s de votre nouvelle Bernina rapidement et efficacement.<\/p>\n<h2>Profitez de cette opportunit\u00e9 exceptionnelle<\/h2>\n<p>La Bernina deuxi\u00e8me de la s\u00e9rie 4 est bien plus qu&rsquo;une simple machine \u00e0 coudre. C&rsquo;est une alli\u00e9e de confiance pour toutes vos cr\u00e9ations, qu&rsquo;elles soient simples ou sophistiqu\u00e9es. Ne manquez pas cette merveille technologique \u00e0 un prix promo imbattable et assurez-vous d&rsquo;optimiser chacune de vos coutures avec pr\u00e9cision et innovation.<\/p>\n<p>&nbsp;<\/p>\n","protected":false},"featured_media":61,"comment_status":"open","ping_status":"closed","template":"","meta":{"om_disable_all_campaigns":false,"_monsterinsights_skip_tracking":false,"_monsterinsights_sitenote_active":false,"_monsterinsights_sitenote_note":"","_monsterinsights_sitenote_category":0,"_uf_show_specific_survey":0,"_uf_disable_surveys":false},"product_brand":[],"product_cat":[40,29,16],"product_tag":[],"giftcard-category":[],"class_list":{"0":"post-51","1":"product","2":"type-product","3":"status-publish","4":"has-post-thumbnail","6":"product_cat-electronique","7":"product_cat-machines","8":"product_cat-machines-menageres","10":"first","11":"instock","12":"sale","13":"shipping-taxable","14":"purchasable","15":"product-type-simple"},"aioseo_notices":[],"jetpack_sharing_enabled":true,"_links":{"self":[{"href":"https:\/\/berninabrussels.be\/index.php?rest_route=\/wp\/v2\/product\/51","targetHints":{"allow":["GET"]}}],"collection":[{"href":"https:\/\/berninabrussels.be\/index.php?rest_route=\/wp\/v2\/product"}],"about":[{"href":"https:\/\/berninabrussels.be\/index.php?rest_route=\/wp\/v2\/types\/product"}],"replies":[{"embeddable":true,"href":"https:\/\/berninabrussels.be\/index.php?rest_route=%2Fwp%2Fv2%2Fcomments&post=51"}],"wp:featuredmedia":[{"embeddable":true,"href":"https:\/\/berninabrussels.be\/index.php?rest_route=\/wp\/v2\/media\/61"}],"wp:attachment":[{"href":"https:\/\/berninabrussels.be\/index.php?rest_route=%2Fwp%2Fv2%2Fmedia&parent=51"}],"wp:term":[{"taxonomy":"product_brand","embeddable":true,"href":"https:\/\/berninabrussels.be\/index.php?rest_route=%2Fwp%2Fv2%2Fproduct_brand&post=51"},{"taxonomy":"product_cat","embeddable":true,"href":"https:\/\/berninabrussels.be\/index.php?rest_route=%2Fwp%2Fv2%2Fproduct_cat&post=51"},{"taxonomy":"product_tag","embeddable":true,"href":"https:\/\/berninabrussels.be\/index.php?rest_route=%2Fwp%2Fv2%2Fproduct_tag&post=51"},{"taxonomy":"giftcard-category","embeddable":true,"href":"https:\/\/berninabrussels.be\/index.php?rest_route=%2Fwp%2Fv2%2Fgiftcard-category&post=51"}],"curies":[{"name":"wp","href":"https:\/\/api.w.org\/{rel}","templated":true}]}}