{"id":508,"date":"2023-05-07T18:18:48","date_gmt":"2023-05-07T16:18:48","guid":{"rendered":"https:\/\/berninabrussels.be\/?post_type=product&#038;p=508"},"modified":"2023-05-17T11:24:28","modified_gmt":"2023-05-17T09:24:28","slug":"pied-passepoil-double-7-8-mm-perles-60","status":"publish","type":"product","link":"https:\/\/berninabrussels.be\/?product=pied-passepoil-double-7-8-mm-perles-60","title":{"rendered":"Pied passepoil double ( 7 &#8211; 8 mm ), perles 60"},"content":{"rendered":"<h3>Pied 60 passepoil double (7-8mm), perles (4mm) 2 rainures\u00a0BERNINA<\/h3>\n<p align=\"left\">Le pied double pour cordon permet de coudre simultan\u00e9ment deux cordons de 7 \u00e0 8 mm de diam\u00e8tre positionn\u00e9s parall\u00e8lement.<\/p>\n<p align=\"left\">Les deux rainures du pied double pour cordon guident parfaitement les cordons, permettant ainsi une piq\u00fbre pr\u00e9cise. Le r\u00e9sultat est magnifique car le cordon est appliqu\u00e9 avec une r\u00e9gularit\u00e9 impressionnante. Le pied double pour cordon s&rsquo;av\u00e8re \u00e9galement parfait pour coudre les passepoils.<\/p>\n","protected":false},"excerpt":{"rendered":"<p>Pied 60 passepoil double (7-8mm), perles (4mm) 2 rainures\u00a0BERNINA Le pied double pour cordon permet de coudre simultan\u00e9ment deux cordons de 7 \u00e0 8 mm de diam\u00e8tre positionn\u00e9s parall\u00e8lement. Les deux rainures du pied double pour cordon guident parfaitement les cordons, permettant ainsi une piq\u00fbre pr\u00e9cise. Le r\u00e9sultat est magnifique car le cordon est appliqu\u00e9&hellip;<\/p>\n","protected":false},"featured_media":2559,"comment_status":"open","ping_status":"closed","template":"","meta":{"om_disable_all_campaigns":false,"_monsterinsights_skip_tracking":false,"_monsterinsights_sitenote_active":false,"_monsterinsights_sitenote_note":"","_monsterinsights_sitenote_category":0,"_uf_show_specific_survey":0,"_uf_disable_surveys":false},"product_brand":[],"product_cat":[205],"product_tag":[125],"giftcard-category":[],"class_list":{"0":"post-508","1":"product","2":"type-product","3":"status-publish","4":"has-post-thumbnail","6":"product_cat-pied-passe-poil","7":"product_tag-bernina","9":"first","10":"instock","11":"sale","12":"shipping-taxable","13":"purchasable","14":"product-type-simple"},"aioseo_notices":[],"jetpack_sharing_enabled":true,"_links":{"self":[{"href":"https:\/\/berninabrussels.be\/index.php?rest_route=\/wp\/v2\/product\/508","targetHints":{"allow":["GET"]}}],"collection":[{"href":"https:\/\/berninabrussels.be\/index.php?rest_route=\/wp\/v2\/product"}],"about":[{"href":"https:\/\/berninabrussels.be\/index.php?rest_route=\/wp\/v2\/types\/product"}],"replies":[{"embeddable":true,"href":"https:\/\/berninabrussels.be\/index.php?rest_route=%2Fwp%2Fv2%2Fcomments&post=508"}],"wp:featuredmedia":[{"embeddable":true,"href":"https:\/\/berninabrussels.be\/index.php?rest_route=\/wp\/v2\/media\/2559"}],"wp:attachment":[{"href":"https:\/\/berninabrussels.be\/index.php?rest_route=%2Fwp%2Fv2%2Fmedia&parent=508"}],"wp:term":[{"taxonomy":"product_brand","embeddable":true,"href":"https:\/\/berninabrussels.be\/index.php?rest_route=%2Fwp%2Fv2%2Fproduct_brand&post=508"},{"taxonomy":"product_cat","embeddable":true,"href":"https:\/\/berninabrussels.be\/index.php?rest_route=%2Fwp%2Fv2%2Fproduct_cat&post=508"},{"taxonomy":"product_tag","embeddable":true,"href":"https:\/\/berninabrussels.be\/index.php?rest_route=%2Fwp%2Fv2%2Fproduct_tag&post=508"},{"taxonomy":"giftcard-category","embeddable":true,"href":"https:\/\/berninabrussels.be\/index.php?rest_route=%2Fwp%2Fv2%2Fgiftcard-category&post=508"}],"curies":[{"name":"wp","href":"https:\/\/api.w.org\/{rel}","templated":true}]}}