{"id":502,"date":"2023-05-07T18:11:22","date_gmt":"2023-05-07T16:11:22","guid":{"rendered":"https:\/\/berninabrussels.be\/?post_type=product&#038;p=502"},"modified":"2023-05-07T18:13:17","modified_gmt":"2023-05-07T16:13:17","slug":"pied-patchwork-et-son-guide-97","status":"publish","type":"product","link":"https:\/\/berninabrussels.be\/?product=pied-patchwork-et-son-guide-97","title":{"rendered":"Pied patchwork et son guide 97"},"content":{"rendered":"<h3>Pied 97 patchwork\u00a0BERNINA et son guide<\/h3>\n<p align=\"left\">Le pied pour patchwork est con\u00e7u pour les points droits et est parfait pour coudre avec des marges de couture d&rsquo;une largeur de 3 ou 6 mm. Il poss\u00e8de un guide qui est positionn\u00e9 directement sur le bord du tissu ou sur la ligne de couture. Vous obtenez lors de la piq\u00fbre des lignes droites et des \u00e9carts r\u00e9guliers.<\/p>\n<p align=\"left\">Le pied pour patchwork est \u00e9galement \u00e9quip\u00e9 de trois rep\u00e8res lat\u00e9raux plac\u00e9s \u00e0 des intervalles identiques. Ceux-ci ont pour vocation de faciliter l&rsquo;orientation, par exemple lors de l&rsquo;insertion de pi\u00e8ces angulaires pour le patchwork.<\/p>\n<p align=\"left\">Le pied pour patchwork vous simplifie incroyablement la t\u00e2che : c&rsquo;est l&rsquo;outil de pr\u00e9dilection pour les patchworks et ouvrages de pr\u00e9cision.<\/p>\n<p align=\"left\">Remarque : Pour toutes les machines avec releveur de pied-de-biche manuel, lorsque vous utilisez l&rsquo;un des pieds de patchwork optionnels avec guides et que vous cousez avec l&rsquo;aiguille r\u00e9gl\u00e9e sur arr\u00eat en position basse. Nous vous remommandons de relever le pied-de-biche aussi haut que possible pour pivoter. Le support d&rsquo;aigulle peut tocuher le guide sur le pied-de-biche lorsque le pied est relev\u00e9 \u00e0 la position extra haute. Le pied pourrait \u00eatre d\u00e9log\u00e9, ce qui ab\u00eemerait l&rsquo;aiguille et\/ou le pied.<\/p>\n","protected":false},"excerpt":{"rendered":"<p>Pied 97 patchwork\u00a0BERNINA et son guide Le pied pour patchwork est con\u00e7u pour les points droits et est parfait pour coudre avec des marges de couture d&rsquo;une largeur de 3 ou 6 mm. Il poss\u00e8de un guide qui est positionn\u00e9 directement sur le bord du tissu ou sur la ligne de couture. Vous obtenez lors&hellip;<\/p>\n","protected":false},"featured_media":503,"comment_status":"open","ping_status":"closed","template":"","meta":{"om_disable_all_campaigns":false,"_monsterinsights_skip_tracking":false,"_monsterinsights_sitenote_active":false,"_monsterinsights_sitenote_note":"","_monsterinsights_sitenote_category":0,"_uf_show_specific_survey":0,"_uf_disable_surveys":false},"product_brand":[],"product_cat":[206],"product_tag":[125],"giftcard-category":[],"class_list":{"0":"post-502","1":"product","2":"type-product","3":"status-publish","4":"has-post-thumbnail","6":"product_cat-pied-patchwork","7":"product_tag-bernina","9":"first","10":"instock","11":"sale","12":"shipping-taxable","13":"purchasable","14":"product-type-simple"},"aioseo_notices":[],"jetpack_sharing_enabled":true,"_links":{"self":[{"href":"https:\/\/berninabrussels.be\/index.php?rest_route=\/wp\/v2\/product\/502","targetHints":{"allow":["GET"]}}],"collection":[{"href":"https:\/\/berninabrussels.be\/index.php?rest_route=\/wp\/v2\/product"}],"about":[{"href":"https:\/\/berninabrussels.be\/index.php?rest_route=\/wp\/v2\/types\/product"}],"replies":[{"embeddable":true,"href":"https:\/\/berninabrussels.be\/index.php?rest_route=%2Fwp%2Fv2%2Fcomments&post=502"}],"wp:featuredmedia":[{"embeddable":true,"href":"https:\/\/berninabrussels.be\/index.php?rest_route=\/wp\/v2\/media\/503"}],"wp:attachment":[{"href":"https:\/\/berninabrussels.be\/index.php?rest_route=%2Fwp%2Fv2%2Fmedia&parent=502"}],"wp:term":[{"taxonomy":"product_brand","embeddable":true,"href":"https:\/\/berninabrussels.be\/index.php?rest_route=%2Fwp%2Fv2%2Fproduct_brand&post=502"},{"taxonomy":"product_cat","embeddable":true,"href":"https:\/\/berninabrussels.be\/index.php?rest_route=%2Fwp%2Fv2%2Fproduct_cat&post=502"},{"taxonomy":"product_tag","embeddable":true,"href":"https:\/\/berninabrussels.be\/index.php?rest_route=%2Fwp%2Fv2%2Fproduct_tag&post=502"},{"taxonomy":"giftcard-category","embeddable":true,"href":"https:\/\/berninabrussels.be\/index.php?rest_route=%2Fwp%2Fv2%2Fgiftcard-category&post=502"}],"curies":[{"name":"wp","href":"https:\/\/api.w.org\/{rel}","templated":true}]}}