{"id":498,"date":"2023-05-07T18:06:43","date_gmt":"2023-05-07T16:06:43","guid":{"rendered":"https:\/\/berninabrussels.be\/?post_type=product&#038;p=498"},"modified":"2023-05-07T18:08:23","modified_gmt":"2023-05-07T16:08:23","slug":"pied-satin-application-transparent-39c","status":"publish","type":"product","link":"https:\/\/berninabrussels.be\/?product=pied-satin-application-transparent-39c","title":{"rendered":"Pied satin, application transparent 39C"},"content":{"rendered":"<h3>Pied 39C satin, application transparent ferm\u00e9\u00a0BERNINA<\/h3>\n<p align=\"left\">Le pied pour broderie avec semelle transparente est un mod\u00e8le multi-usage. Ce pied-de-biche est parfait pour r\u00e9aliser des points d\u00e9coratifs rapproch\u00e9s, des points satin droits, des appliqu\u00e9s ainsi que festons \u00e0 jours. Autre avantage : l&rsquo;ouverture plac\u00e9e sous le pied.<\/p>\n<p align=\"left\">Il permet de glisser et de recouvrir un fil ou un ruban.<\/p>\n<p align=\"left\">Impeccable pour coudre des applications en un rien de temps.<\/p>\n","protected":false},"excerpt":{"rendered":"<p>Pied 39C satin, application transparent ferm\u00e9\u00a0BERNINA Le pied pour broderie avec semelle transparente est un mod\u00e8le multi-usage. Ce pied-de-biche est parfait pour r\u00e9aliser des points d\u00e9coratifs rapproch\u00e9s, des points satin droits, des appliqu\u00e9s ainsi que festons \u00e0 jours. Autre avantage : l&rsquo;ouverture plac\u00e9e sous le pied. Il permet de glisser et de recouvrir un fil&hellip;<\/p>\n","protected":false},"featured_media":499,"comment_status":"open","ping_status":"closed","template":"","meta":{"om_disable_all_campaigns":false,"_monsterinsights_skip_tracking":false,"_monsterinsights_sitenote_active":false,"_monsterinsights_sitenote_note":"","_monsterinsights_sitenote_category":0,"_uf_show_specific_survey":0,"_uf_disable_surveys":false},"product_brand":[],"product_cat":[198],"product_tag":[125],"giftcard-category":[],"class_list":{"0":"post-498","1":"product","2":"type-product","3":"status-publish","4":"has-post-thumbnail","6":"product_cat-pied-satin","7":"product_tag-bernina","9":"first","10":"instock","11":"sale","12":"shipping-taxable","13":"purchasable","14":"product-type-simple"},"aioseo_notices":[],"jetpack_sharing_enabled":true,"_links":{"self":[{"href":"https:\/\/berninabrussels.be\/index.php?rest_route=\/wp\/v2\/product\/498","targetHints":{"allow":["GET"]}}],"collection":[{"href":"https:\/\/berninabrussels.be\/index.php?rest_route=\/wp\/v2\/product"}],"about":[{"href":"https:\/\/berninabrussels.be\/index.php?rest_route=\/wp\/v2\/types\/product"}],"replies":[{"embeddable":true,"href":"https:\/\/berninabrussels.be\/index.php?rest_route=%2Fwp%2Fv2%2Fcomments&post=498"}],"wp:featuredmedia":[{"embeddable":true,"href":"https:\/\/berninabrussels.be\/index.php?rest_route=\/wp\/v2\/media\/499"}],"wp:attachment":[{"href":"https:\/\/berninabrussels.be\/index.php?rest_route=%2Fwp%2Fv2%2Fmedia&parent=498"}],"wp:term":[{"taxonomy":"product_brand","embeddable":true,"href":"https:\/\/berninabrussels.be\/index.php?rest_route=%2Fwp%2Fv2%2Fproduct_brand&post=498"},{"taxonomy":"product_cat","embeddable":true,"href":"https:\/\/berninabrussels.be\/index.php?rest_route=%2Fwp%2Fv2%2Fproduct_cat&post=498"},{"taxonomy":"product_tag","embeddable":true,"href":"https:\/\/berninabrussels.be\/index.php?rest_route=%2Fwp%2Fv2%2Fproduct_tag&post=498"},{"taxonomy":"giftcard-category","embeddable":true,"href":"https:\/\/berninabrussels.be\/index.php?rest_route=%2Fwp%2Fv2%2Fgiftcard-category&post=498"}],"curies":[{"name":"wp","href":"https:\/\/api.w.org\/{rel}","templated":true}]}}