{"id":472,"date":"2023-05-07T17:28:07","date_gmt":"2023-05-07T15:28:07","guid":{"rendered":"https:\/\/berninabrussels.be\/?post_type=product&#038;p=472"},"modified":"2023-05-17T11:05:53","modified_gmt":"2023-05-17T09:05:53","slug":"pied-surpiqure-bordures-etroites-10","status":"publish","type":"product","link":"https:\/\/berninabrussels.be\/?product=pied-surpiqure-bordures-etroites-10","title":{"rendered":"Pied surpiq\u00fbre, bordures \u00e9troites 10"},"content":{"rendered":"<h3>Pied 10 surpiq\u00fbre pr\u00e8s du bord, bordures \u00e9troites\u00a0BERNINA<\/h3>\n<p align=\"left\">Le pied pour bordure \u00e9troite, s&rsquo;av\u00e9rera un outil tr\u00e8s pratique pour vous aider \u00e0 coudre des rebords finis de fa\u00e7on r\u00e9guli\u00e8re et en lignes parfaitement droites.<\/p>\n<p align=\"left\">Il est particuli\u00e8rement adapt\u00e9 pour coudre dentelles et rubans.<\/p>\n<p align=\"left\">Son guide m\u00e9tallique situ\u00e9 au centre du pied vous permet de r\u00e9aliser en un tour de main des coutures et des ourlets exactement parall\u00e8les aux bords.<\/p>\n","protected":false},"excerpt":{"rendered":"<p>Pied 10 surpiq\u00fbre pr\u00e8s du bord, bordures \u00e9troites\u00a0BERNINA Le pied pour bordure \u00e9troite, s&rsquo;av\u00e9rera un outil tr\u00e8s pratique pour vous aider \u00e0 coudre des rebords finis de fa\u00e7on r\u00e9guli\u00e8re et en lignes parfaitement droites. Il est particuli\u00e8rement adapt\u00e9 pour coudre dentelles et rubans. Son guide m\u00e9tallique situ\u00e9 au centre du pied vous permet de r\u00e9aliser&hellip;<\/p>\n","protected":false},"featured_media":2551,"comment_status":"open","ping_status":"closed","template":"","meta":{"om_disable_all_campaigns":false,"_monsterinsights_skip_tracking":false,"_monsterinsights_sitenote_active":false,"_monsterinsights_sitenote_note":"","_monsterinsights_sitenote_category":0,"_uf_show_specific_survey":0,"_uf_disable_surveys":false},"product_brand":[],"product_cat":[199],"product_tag":[125],"giftcard-category":[],"class_list":{"0":"post-472","1":"product","2":"type-product","3":"status-publish","4":"has-post-thumbnail","6":"product_cat-pied-surpiqure","7":"product_tag-bernina","9":"first","10":"instock","11":"sale","12":"shipping-taxable","13":"purchasable","14":"product-type-simple"},"aioseo_notices":[],"jetpack_sharing_enabled":true,"_links":{"self":[{"href":"https:\/\/berninabrussels.be\/index.php?rest_route=\/wp\/v2\/product\/472","targetHints":{"allow":["GET"]}}],"collection":[{"href":"https:\/\/berninabrussels.be\/index.php?rest_route=\/wp\/v2\/product"}],"about":[{"href":"https:\/\/berninabrussels.be\/index.php?rest_route=\/wp\/v2\/types\/product"}],"replies":[{"embeddable":true,"href":"https:\/\/berninabrussels.be\/index.php?rest_route=%2Fwp%2Fv2%2Fcomments&post=472"}],"wp:featuredmedia":[{"embeddable":true,"href":"https:\/\/berninabrussels.be\/index.php?rest_route=\/wp\/v2\/media\/2551"}],"wp:attachment":[{"href":"https:\/\/berninabrussels.be\/index.php?rest_route=%2Fwp%2Fv2%2Fmedia&parent=472"}],"wp:term":[{"taxonomy":"product_brand","embeddable":true,"href":"https:\/\/berninabrussels.be\/index.php?rest_route=%2Fwp%2Fv2%2Fproduct_brand&post=472"},{"taxonomy":"product_cat","embeddable":true,"href":"https:\/\/berninabrussels.be\/index.php?rest_route=%2Fwp%2Fv2%2Fproduct_cat&post=472"},{"taxonomy":"product_tag","embeddable":true,"href":"https:\/\/berninabrussels.be\/index.php?rest_route=%2Fwp%2Fv2%2Fproduct_tag&post=472"},{"taxonomy":"giftcard-category","embeddable":true,"href":"https:\/\/berninabrussels.be\/index.php?rest_route=%2Fwp%2Fv2%2Fgiftcard-category&post=472"}],"curies":[{"name":"wp","href":"https:\/\/api.w.org\/{rel}","templated":true}]}}