{"id":468,"date":"2023-05-07T17:22:30","date_gmt":"2023-05-07T15:22:30","guid":{"rendered":"https:\/\/berninabrussels.be\/?post_type=product&#038;p=468"},"modified":"2023-05-07T17:24:38","modified_gmt":"2023-05-07T15:24:38","slug":"pied-overlock-surjet-bordeur-2","status":"publish","type":"product","link":"https:\/\/berninabrussels.be\/?product=pied-overlock-surjet-bordeur-2","title":{"rendered":"Pied overlock, surjet, bordeur 2"},"content":{"rendered":"<h3>Pied 02 overlock, surjet, bordeur BERNINA<\/h3>\n<p align=\"left\">Le pied s\u2019utilise pour les points de surfilage piqu\u00e9s au bord pour \u00e9viter que le tissu s\u2019\u00e9tire ou se plisse. Le petit guide m\u00e9tallique situ\u00e9 sur le bord du pied emp\u00eache le bord du tissu\u00a0 de plisser. Il est recommand\u00e9 pour de nombreux points de surjet.<\/p>\n<p align=\"left\">Les points sont form\u00e9s sur le c\u00f4t\u00e9 int\u00e9rieur en passant par-dessus la tige, lib\u00e9rant ainsi une quantit\u00e9 de fil plus importante pour le point. Le rebord reste bien plat. Le point est \u00e9lastique.<\/p>\n","protected":false},"excerpt":{"rendered":"<p>Pied 02 overlock, surjet, bordeur BERNINA Le pied s\u2019utilise pour les points de surfilage piqu\u00e9s au bord pour \u00e9viter que le tissu s\u2019\u00e9tire ou se plisse. Le petit guide m\u00e9tallique situ\u00e9 sur le bord du pied emp\u00eache le bord du tissu\u00a0 de plisser. Il est recommand\u00e9 pour de nombreux points de surjet. Les points sont&hellip;<\/p>\n","protected":false},"featured_media":469,"comment_status":"open","ping_status":"closed","template":"","meta":{"om_disable_all_campaigns":false,"_monsterinsights_skip_tracking":false,"_monsterinsights_sitenote_active":false,"_monsterinsights_sitenote_note":"","_monsterinsights_sitenote_category":0,"_uf_show_specific_survey":0,"_uf_disable_surveys":false},"product_brand":[],"product_cat":[201],"product_tag":[125],"giftcard-category":[],"class_list":{"0":"post-468","1":"product","2":"type-product","3":"status-publish","4":"has-post-thumbnail","6":"product_cat-pied-overlock","7":"product_tag-bernina","9":"first","10":"instock","11":"sale","12":"shipping-taxable","13":"purchasable","14":"product-type-simple"},"aioseo_notices":[],"jetpack_sharing_enabled":true,"_links":{"self":[{"href":"https:\/\/berninabrussels.be\/index.php?rest_route=\/wp\/v2\/product\/468","targetHints":{"allow":["GET"]}}],"collection":[{"href":"https:\/\/berninabrussels.be\/index.php?rest_route=\/wp\/v2\/product"}],"about":[{"href":"https:\/\/berninabrussels.be\/index.php?rest_route=\/wp\/v2\/types\/product"}],"replies":[{"embeddable":true,"href":"https:\/\/berninabrussels.be\/index.php?rest_route=%2Fwp%2Fv2%2Fcomments&post=468"}],"wp:featuredmedia":[{"embeddable":true,"href":"https:\/\/berninabrussels.be\/index.php?rest_route=\/wp\/v2\/media\/469"}],"wp:attachment":[{"href":"https:\/\/berninabrussels.be\/index.php?rest_route=%2Fwp%2Fv2%2Fmedia&parent=468"}],"wp:term":[{"taxonomy":"product_brand","embeddable":true,"href":"https:\/\/berninabrussels.be\/index.php?rest_route=%2Fwp%2Fv2%2Fproduct_brand&post=468"},{"taxonomy":"product_cat","embeddable":true,"href":"https:\/\/berninabrussels.be\/index.php?rest_route=%2Fwp%2Fv2%2Fproduct_cat&post=468"},{"taxonomy":"product_tag","embeddable":true,"href":"https:\/\/berninabrussels.be\/index.php?rest_route=%2Fwp%2Fv2%2Fproduct_tag&post=468"},{"taxonomy":"giftcard-category","embeddable":true,"href":"https:\/\/berninabrussels.be\/index.php?rest_route=%2Fwp%2Fv2%2Fgiftcard-category&post=468"}],"curies":[{"name":"wp","href":"https:\/\/api.w.org\/{rel}","templated":true}]}}