{"id":448,"date":"2023-05-07T15:52:33","date_gmt":"2023-05-07T13:52:33","guid":{"rendered":"https:\/\/berninabrussels.be\/?post_type=product&#038;p=448"},"modified":"2023-05-07T15:55:22","modified_gmt":"2023-05-07T13:55:22","slug":"pied-avec-coupelle-glissante-74","status":"publish","type":"product","link":"https:\/\/berninabrussels.be\/?product=pied-avec-coupelle-glissante-74","title":{"rendered":"Pied avec coupelle glissante 74"},"content":{"rendered":"<h3>Pied avec coupelle glissante 74 BERNINA<\/h3>\n<h4>Id\u00e9al pour le quilt \u00e0 mains libres<\/h4>\n<div class=\"container\">\n<div class=\"row irow-xs cards\">\n<div class=\"col-sm-6\">\n<p>Quilter autour d&rsquo;un \u00e9l\u00e9ment relev\u00e9 et volumineux de votre quilt n&rsquo;a jamais \u00e9t\u00e9 aussi facile gr\u00e2ce au pied avec coupelle glissante #74. Il glisse d\u00e9licatement sur les bords relev\u00e9s ou irr\u00e9guliers des d\u00e9corations et des appliqu\u00e9s. La coupelle transparente permet de voir clairement les aiguilles et le tissu pour que vous ma\u00eetrisiez mieux le processus cr\u00e9atif.<\/p>\n<ul>\n<li><i class=\"fa fa-check fa-fw text-success\"><\/i>\u00a0Visibilit\u00e9 totale sur le tissu<\/li>\n<li><i class=\"fa fa-check fa-fw text-success\"><\/i>\u00a0Ajustez la hauteur du pied selon le tissu<\/li>\n<li><i class=\"fa fa-check fa-fw text-success\"><\/i>\u00a0Rep\u00e8res int\u00e9rieurs pour un positionnement id\u00e9al<\/li>\n<li><i class=\"fa fa-check fa-fw text-success\"><\/i>\u00a0Glisse sur les coutures \u00e9paisses<\/li>\n<\/ul>\n<\/div>\n<\/div>\n<\/div>\n","protected":false},"excerpt":{"rendered":"<p>Pied avec coupelle glissante 74 BERNINA Id\u00e9al pour le quilt \u00e0 mains libres Quilter autour d&rsquo;un \u00e9l\u00e9ment relev\u00e9 et volumineux de votre quilt n&rsquo;a jamais \u00e9t\u00e9 aussi facile gr\u00e2ce au pied avec coupelle glissante #74. Il glisse d\u00e9licatement sur les bords relev\u00e9s ou irr\u00e9guliers des d\u00e9corations et des appliqu\u00e9s. La coupelle transparente permet de voir&hellip;<\/p>\n","protected":false},"featured_media":449,"comment_status":"open","ping_status":"closed","template":"","meta":{"om_disable_all_campaigns":false,"_monsterinsights_skip_tracking":false,"_monsterinsights_sitenote_active":false,"_monsterinsights_sitenote_note":"","_monsterinsights_sitenote_category":0,"_uf_show_specific_survey":0,"_uf_disable_surveys":false},"product_brand":[],"product_cat":[42,44,240,192],"product_tag":[125],"giftcard-category":[],"class_list":{"0":"post-448","1":"product","2":"type-product","3":"status-publish","4":"has-post-thumbnail","6":"product_cat-accesoires","7":"product_cat-machine-a-coudre","8":"product_cat-pieds-presseurs","9":"product_cat-autres","10":"product_tag-bernina","12":"first","13":"instock","14":"sale","15":"shipping-taxable","16":"purchasable","17":"product-type-simple"},"aioseo_notices":[],"jetpack_sharing_enabled":true,"_links":{"self":[{"href":"https:\/\/berninabrussels.be\/index.php?rest_route=\/wp\/v2\/product\/448","targetHints":{"allow":["GET"]}}],"collection":[{"href":"https:\/\/berninabrussels.be\/index.php?rest_route=\/wp\/v2\/product"}],"about":[{"href":"https:\/\/berninabrussels.be\/index.php?rest_route=\/wp\/v2\/types\/product"}],"replies":[{"embeddable":true,"href":"https:\/\/berninabrussels.be\/index.php?rest_route=%2Fwp%2Fv2%2Fcomments&post=448"}],"wp:featuredmedia":[{"embeddable":true,"href":"https:\/\/berninabrussels.be\/index.php?rest_route=\/wp\/v2\/media\/449"}],"wp:attachment":[{"href":"https:\/\/berninabrussels.be\/index.php?rest_route=%2Fwp%2Fv2%2Fmedia&parent=448"}],"wp:term":[{"taxonomy":"product_brand","embeddable":true,"href":"https:\/\/berninabrussels.be\/index.php?rest_route=%2Fwp%2Fv2%2Fproduct_brand&post=448"},{"taxonomy":"product_cat","embeddable":true,"href":"https:\/\/berninabrussels.be\/index.php?rest_route=%2Fwp%2Fv2%2Fproduct_cat&post=448"},{"taxonomy":"product_tag","embeddable":true,"href":"https:\/\/berninabrussels.be\/index.php?rest_route=%2Fwp%2Fv2%2Fproduct_tag&post=448"},{"taxonomy":"giftcard-category","embeddable":true,"href":"https:\/\/berninabrussels.be\/index.php?rest_route=%2Fwp%2Fv2%2Fgiftcard-category&post=448"}],"curies":[{"name":"wp","href":"https:\/\/api.w.org\/{rel}","templated":true}]}}