{"id":446,"date":"2023-05-07T15:50:08","date_gmt":"2023-05-07T13:50:08","guid":{"rendered":"https:\/\/berninabrussels.be\/?post_type=product&#038;p=446"},"modified":"2023-05-07T15:52:19","modified_gmt":"2023-05-07T13:52:19","slug":"pied-feremeture-glissiere-teflon-54","status":"publish","type":"product","link":"https:\/\/berninabrussels.be\/?product=pied-feremeture-glissiere-teflon-54","title":{"rendered":"Pied fermeture glissi\u00e8re t\u00e9flon 54"},"content":{"rendered":"<h3>Pied 54 fermeture glissi\u00e8re anti-adh\u00e9rents, t\u00e9flon (r\u00e9glable) BERNINA<\/h3>\n<p align=\"left\">Le pied pour fermeture \u00e0 glissi\u00e8re avec guide est l&rsquo;outil id\u00e9al pour coudre des fermetures \u00e0 glissi\u00e8re comme une professionnelle. Il ressemble au pied pour fermeture \u00e0 glissi\u00e8re traditionnel, mais est \u00e9quip\u00e9 d&rsquo;un guide suppl\u00e9mentaire.<\/p>\n<p align=\"left\">Ce guide r\u00e9glable, ondul\u00e9, positionn\u00e9 sur la partie sup\u00e9rieure du pied, oriente le tissu de fa\u00e7on optimale au-dessus des rang\u00e9es de dents de la fermeture \u00e0 glissi\u00e8re.<\/p>\n","protected":false},"excerpt":{"rendered":"<p>Pied 54 fermeture glissi\u00e8re anti-adh\u00e9rents, t\u00e9flon (r\u00e9glable) BERNINA Le pied pour fermeture \u00e0 glissi\u00e8re avec guide est l&rsquo;outil id\u00e9al pour coudre des fermetures \u00e0 glissi\u00e8re comme une professionnelle. Il ressemble au pied pour fermeture \u00e0 glissi\u00e8re traditionnel, mais est \u00e9quip\u00e9 d&rsquo;un guide suppl\u00e9mentaire. Ce guide r\u00e9glable, ondul\u00e9, positionn\u00e9 sur la partie sup\u00e9rieure du pied, oriente&hellip;<\/p>\n","protected":false},"featured_media":447,"comment_status":"open","ping_status":"closed","template":"","meta":{"om_disable_all_campaigns":false,"_monsterinsights_skip_tracking":false,"_monsterinsights_sitenote_active":false,"_monsterinsights_sitenote_note":"","_monsterinsights_sitenote_category":0,"_uf_show_specific_survey":0,"_uf_disable_surveys":false},"product_brand":[],"product_cat":[42,44,240,191],"product_tag":[125],"giftcard-category":[],"class_list":{"0":"post-446","1":"product","2":"type-product","3":"status-publish","4":"has-post-thumbnail","6":"product_cat-accesoires","7":"product_cat-machine-a-coudre","8":"product_cat-pieds-presseurs","9":"product_cat-pied-fermeture-a-glissiere","10":"product_tag-bernina","12":"first","13":"instock","14":"sale","15":"shipping-taxable","16":"purchasable","17":"product-type-simple"},"aioseo_notices":[],"jetpack_sharing_enabled":true,"_links":{"self":[{"href":"https:\/\/berninabrussels.be\/index.php?rest_route=\/wp\/v2\/product\/446","targetHints":{"allow":["GET"]}}],"collection":[{"href":"https:\/\/berninabrussels.be\/index.php?rest_route=\/wp\/v2\/product"}],"about":[{"href":"https:\/\/berninabrussels.be\/index.php?rest_route=\/wp\/v2\/types\/product"}],"replies":[{"embeddable":true,"href":"https:\/\/berninabrussels.be\/index.php?rest_route=%2Fwp%2Fv2%2Fcomments&post=446"}],"wp:featuredmedia":[{"embeddable":true,"href":"https:\/\/berninabrussels.be\/index.php?rest_route=\/wp\/v2\/media\/447"}],"wp:attachment":[{"href":"https:\/\/berninabrussels.be\/index.php?rest_route=%2Fwp%2Fv2%2Fmedia&parent=446"}],"wp:term":[{"taxonomy":"product_brand","embeddable":true,"href":"https:\/\/berninabrussels.be\/index.php?rest_route=%2Fwp%2Fv2%2Fproduct_brand&post=446"},{"taxonomy":"product_cat","embeddable":true,"href":"https:\/\/berninabrussels.be\/index.php?rest_route=%2Fwp%2Fv2%2Fproduct_cat&post=446"},{"taxonomy":"product_tag","embeddable":true,"href":"https:\/\/berninabrussels.be\/index.php?rest_route=%2Fwp%2Fv2%2Fproduct_tag&post=446"},{"taxonomy":"giftcard-category","embeddable":true,"href":"https:\/\/berninabrussels.be\/index.php?rest_route=%2Fwp%2Fv2%2Fgiftcard-category&post=446"}],"curies":[{"name":"wp","href":"https:\/\/api.w.org\/{rel}","templated":true}]}}