{"id":442,"date":"2023-05-07T15:42:03","date_gmt":"2023-05-07T13:42:03","guid":{"rendered":"https:\/\/berninabrussels.be\/?post_type=product&#038;p=442"},"modified":"2025-05-26T08:59:21","modified_gmt":"2025-05-26T06:59:21","slug":"pied-a-broder-15","status":"publish","type":"product","link":"https:\/\/berninabrussels.be\/?product=pied-a-broder-15","title":{"rendered":"Pied \u00e0 broder 15"},"content":{"rendered":"<h3>Pied 15 \u00e0 broder, broderie\u00a0BERNINA<\/h3>\n<p align=\"left\">Avec son m\u00e9canisme oscillant, le pied pour broderie #15 est parfait pour repriser et r\u00e9aliser des broderies \u00e0 mains libres avec ou sans le module de broderie BERNINA.<\/p>\n<p align=\"left\">Le ressort vertical du pied-de-biche appuie sur le tissu et emp\u00eache ainsi qu&rsquo;il ne se soul\u00e8ve lors de la piq\u00fbre. Le r\u00e9sultat : des points nets et r\u00e9guliers. La forme du pied pour broderie #15 est ovale et l\u00e9g\u00e8rement recourb\u00e9e.<\/p>\n","protected":false},"excerpt":{"rendered":"<p>Pied 15 \u00e0 broder, broderie\u00a0BERNINA Avec son m\u00e9canisme oscillant, le pied pour broderie #15 est parfait pour repriser et r\u00e9aliser des broderies \u00e0 mains libres avec ou sans le module de broderie BERNINA. Le ressort vertical du pied-de-biche appuie sur le tissu et emp\u00eache ainsi qu&rsquo;il ne se soul\u00e8ve lors de la piq\u00fbre. Le r\u00e9sultat&hellip;<\/p>\n","protected":false},"featured_media":443,"comment_status":"open","ping_status":"closed","template":"","meta":{"om_disable_all_campaigns":false,"_monsterinsights_skip_tracking":false,"_monsterinsights_sitenote_active":false,"_monsterinsights_sitenote_note":"","_monsterinsights_sitenote_category":0,"_uf_show_specific_survey":0,"_uf_disable_surveys":false},"product_brand":[],"product_cat":[42,44,240,156],"product_tag":[125],"giftcard-category":[],"class_list":{"0":"post-442","1":"product","2":"type-product","3":"status-publish","4":"has-post-thumbnail","6":"product_cat-accesoires","7":"product_cat-machine-a-coudre","8":"product_cat-pieds-presseurs","9":"product_cat-pieds-broderie","10":"product_tag-bernina","12":"first","13":"instock","14":"sale","15":"shipping-taxable","16":"purchasable","17":"product-type-simple"},"aioseo_notices":[],"jetpack_sharing_enabled":true,"_links":{"self":[{"href":"https:\/\/berninabrussels.be\/index.php?rest_route=\/wp\/v2\/product\/442","targetHints":{"allow":["GET"]}}],"collection":[{"href":"https:\/\/berninabrussels.be\/index.php?rest_route=\/wp\/v2\/product"}],"about":[{"href":"https:\/\/berninabrussels.be\/index.php?rest_route=\/wp\/v2\/types\/product"}],"replies":[{"embeddable":true,"href":"https:\/\/berninabrussels.be\/index.php?rest_route=%2Fwp%2Fv2%2Fcomments&post=442"}],"wp:featuredmedia":[{"embeddable":true,"href":"https:\/\/berninabrussels.be\/index.php?rest_route=\/wp\/v2\/media\/443"}],"wp:attachment":[{"href":"https:\/\/berninabrussels.be\/index.php?rest_route=%2Fwp%2Fv2%2Fmedia&parent=442"}],"wp:term":[{"taxonomy":"product_brand","embeddable":true,"href":"https:\/\/berninabrussels.be\/index.php?rest_route=%2Fwp%2Fv2%2Fproduct_brand&post=442"},{"taxonomy":"product_cat","embeddable":true,"href":"https:\/\/berninabrussels.be\/index.php?rest_route=%2Fwp%2Fv2%2Fproduct_cat&post=442"},{"taxonomy":"product_tag","embeddable":true,"href":"https:\/\/berninabrussels.be\/index.php?rest_route=%2Fwp%2Fv2%2Fproduct_tag&post=442"},{"taxonomy":"giftcard-category","embeddable":true,"href":"https:\/\/berninabrussels.be\/index.php?rest_route=%2Fwp%2Fv2%2Fgiftcard-category&post=442"}],"curies":[{"name":"wp","href":"https:\/\/api.w.org\/{rel}","templated":true}]}}