{"id":426,"date":"2023-05-07T15:23:24","date_gmt":"2023-05-07T13:23:24","guid":{"rendered":"https:\/\/berninabrussels.be\/?post_type=product&#038;p=426"},"modified":"2025-05-26T12:32:10","modified_gmt":"2025-05-26T10:32:10","slug":"pied-pour-appareil-biaiseur-95c","status":"publish","type":"product","link":"https:\/\/berninabrussels.be\/?product=pied-pour-appareil-biaiseur-95c","title":{"rendered":"Pied pour appareil biaiseur 95C"},"content":{"rendered":"<h3>Pied 95C pour appareil biaiseur\u00a0BERNINA<\/h3>\n<p>Le pied 95\/95C est un pied sp\u00e9cial, plus court que le pied 01 et 00, permettant de travailler avec des pieds ourleurs pour biais pr\u00e9pli\u00e9s ou non pr\u00e9pli\u00e9s. Sa structure sp\u00e9cifique permet de faciliter la couture avec l&rsquo;ourleur simple 87 pour biais pr\u00e9pli\u00e9s et l&rsquo;ourleur simple #88 pour biais non pr\u00e9pli\u00e9s ainsi qu&rsquo;avec les biaiseurs A4 et A9 ELCE et SUISEI<\/p>\n","protected":false},"excerpt":{"rendered":"<p>Pied 95C pour appareil biaiseur\u00a0BERNINA Le pied 95\/95C est un pied sp\u00e9cial, plus court que le pied 01 et 00, permettant de travailler avec des pieds ourleurs pour biais pr\u00e9pli\u00e9s ou non pr\u00e9pli\u00e9s. Sa structure sp\u00e9cifique permet de faciliter la couture avec l&rsquo;ourleur simple 87 pour biais pr\u00e9pli\u00e9s et l&rsquo;ourleur simple #88 pour biais non&hellip;<\/p>\n","protected":false},"featured_media":427,"comment_status":"open","ping_status":"closed","template":"","meta":{"om_disable_all_campaigns":false,"_monsterinsights_skip_tracking":false,"_monsterinsights_sitenote_active":false,"_monsterinsights_sitenote_note":"","_monsterinsights_sitenote_category":0,"_uf_show_specific_survey":0,"_uf_disable_surveys":false},"product_brand":[],"product_cat":[42,44,240,192],"product_tag":[125],"giftcard-category":[],"class_list":{"0":"post-426","1":"product","2":"type-product","3":"status-publish","4":"has-post-thumbnail","6":"product_cat-accesoires","7":"product_cat-machine-a-coudre","8":"product_cat-pieds-presseurs","9":"product_cat-autres","10":"product_tag-bernina","12":"first","13":"instock","14":"sale","15":"shipping-taxable","16":"purchasable","17":"product-type-simple"},"aioseo_notices":[],"jetpack_sharing_enabled":true,"_links":{"self":[{"href":"https:\/\/berninabrussels.be\/index.php?rest_route=\/wp\/v2\/product\/426","targetHints":{"allow":["GET"]}}],"collection":[{"href":"https:\/\/berninabrussels.be\/index.php?rest_route=\/wp\/v2\/product"}],"about":[{"href":"https:\/\/berninabrussels.be\/index.php?rest_route=\/wp\/v2\/types\/product"}],"replies":[{"embeddable":true,"href":"https:\/\/berninabrussels.be\/index.php?rest_route=%2Fwp%2Fv2%2Fcomments&post=426"}],"wp:featuredmedia":[{"embeddable":true,"href":"https:\/\/berninabrussels.be\/index.php?rest_route=\/wp\/v2\/media\/427"}],"wp:attachment":[{"href":"https:\/\/berninabrussels.be\/index.php?rest_route=%2Fwp%2Fv2%2Fmedia&parent=426"}],"wp:term":[{"taxonomy":"product_brand","embeddable":true,"href":"https:\/\/berninabrussels.be\/index.php?rest_route=%2Fwp%2Fv2%2Fproduct_brand&post=426"},{"taxonomy":"product_cat","embeddable":true,"href":"https:\/\/berninabrussels.be\/index.php?rest_route=%2Fwp%2Fv2%2Fproduct_cat&post=426"},{"taxonomy":"product_tag","embeddable":true,"href":"https:\/\/berninabrussels.be\/index.php?rest_route=%2Fwp%2Fv2%2Fproduct_tag&post=426"},{"taxonomy":"giftcard-category","embeddable":true,"href":"https:\/\/berninabrussels.be\/index.php?rest_route=%2Fwp%2Fv2%2Fgiftcard-category&post=426"}],"curies":[{"name":"wp","href":"https:\/\/api.w.org\/{rel}","templated":true}]}}