{"id":420,"date":"2023-05-07T15:14:51","date_gmt":"2023-05-07T13:14:51","guid":{"rendered":"https:\/\/berninabrussels.be\/?post_type=product&#038;p=420"},"modified":"2025-05-25T15:40:56","modified_gmt":"2025-05-25T13:40:56","slug":"pied-boutonniere-manuel-3c","status":"publish","type":"product","link":"https:\/\/berninabrussels.be\/?product=pied-boutonniere-manuel-3c","title":{"rendered":"Pied boutonni\u00e8re manuel 3C"},"content":{"rendered":"<h3>Pied 03 boutonni\u00e8re manuel BERNINA<\/h3>\n<p align=\"left\">Le pied pour boutonni\u00e8re manuel est id\u00e9al pour coudre des boutonni\u00e8res \u00e9troites ou larges et r\u00e9aliser des fronces avec des fils ou des \u00e9lastiques (smocks). Gr\u00e2ce \u00e0 ses rainures pratiques, le pied pour boutonni\u00e8re peut ais\u00e9ment avancer sur les points satins.<\/p>\n<p align=\"left\">Vous pouvez r\u00e9aliser de magnifiques boutonni\u00e8res, avec ou sans ganse, de la longueur souhait\u00e9e<\/p>\n","protected":false},"excerpt":{"rendered":"<p>Pied 03 boutonni\u00e8re manuel BERNINA Le pied pour boutonni\u00e8re manuel est id\u00e9al pour coudre des boutonni\u00e8res \u00e9troites ou larges et r\u00e9aliser des fronces avec des fils ou des \u00e9lastiques (smocks). Gr\u00e2ce \u00e0 ses rainures pratiques, le pied pour boutonni\u00e8re peut ais\u00e9ment avancer sur les points satins. Vous pouvez r\u00e9aliser de magnifiques boutonni\u00e8res, avec ou sans&hellip;<\/p>\n","protected":false},"featured_media":421,"comment_status":"open","ping_status":"closed","template":"","meta":{"om_disable_all_campaigns":false,"_monsterinsights_skip_tracking":false,"_monsterinsights_sitenote_active":false,"_monsterinsights_sitenote_note":"","_monsterinsights_sitenote_category":0,"_uf_show_specific_survey":0,"_uf_disable_surveys":false},"product_brand":[],"product_cat":[42,44,240,187],"product_tag":[125],"giftcard-category":[],"class_list":{"0":"post-420","1":"product","2":"type-product","3":"status-publish","4":"has-post-thumbnail","6":"product_cat-accesoires","7":"product_cat-machine-a-coudre","8":"product_cat-pieds-presseurs","9":"product_cat-pied-boutonniere","10":"product_tag-bernina","12":"first","13":"instock","14":"sale","15":"shipping-taxable","16":"purchasable","17":"product-type-simple"},"aioseo_notices":[],"jetpack_sharing_enabled":true,"_links":{"self":[{"href":"https:\/\/berninabrussels.be\/index.php?rest_route=\/wp\/v2\/product\/420","targetHints":{"allow":["GET"]}}],"collection":[{"href":"https:\/\/berninabrussels.be\/index.php?rest_route=\/wp\/v2\/product"}],"about":[{"href":"https:\/\/berninabrussels.be\/index.php?rest_route=\/wp\/v2\/types\/product"}],"replies":[{"embeddable":true,"href":"https:\/\/berninabrussels.be\/index.php?rest_route=%2Fwp%2Fv2%2Fcomments&post=420"}],"wp:featuredmedia":[{"embeddable":true,"href":"https:\/\/berninabrussels.be\/index.php?rest_route=\/wp\/v2\/media\/421"}],"wp:attachment":[{"href":"https:\/\/berninabrussels.be\/index.php?rest_route=%2Fwp%2Fv2%2Fmedia&parent=420"}],"wp:term":[{"taxonomy":"product_brand","embeddable":true,"href":"https:\/\/berninabrussels.be\/index.php?rest_route=%2Fwp%2Fv2%2Fproduct_brand&post=420"},{"taxonomy":"product_cat","embeddable":true,"href":"https:\/\/berninabrussels.be\/index.php?rest_route=%2Fwp%2Fv2%2Fproduct_cat&post=420"},{"taxonomy":"product_tag","embeddable":true,"href":"https:\/\/berninabrussels.be\/index.php?rest_route=%2Fwp%2Fv2%2Fproduct_tag&post=420"},{"taxonomy":"giftcard-category","embeddable":true,"href":"https:\/\/berninabrussels.be\/index.php?rest_route=%2Fwp%2Fv2%2Fgiftcard-category&post=420"}],"curies":[{"name":"wp","href":"https:\/\/api.w.org\/{rel}","templated":true}]}}