{"id":416,"date":"2023-05-07T15:10:16","date_gmt":"2023-05-07T13:10:16","guid":{"rendered":"https:\/\/berninabrussels.be\/?post_type=product&#038;p=416"},"modified":"2025-05-26T00:15:24","modified_gmt":"2025-05-25T22:15:24","slug":"pied-boutonniere-automatique-3a","status":"publish","type":"product","link":"https:\/\/berninabrussels.be\/?product=pied-boutonniere-automatique-3a","title":{"rendered":"Pied boutonni\u00e8re automatique 3A"},"content":{"rendered":"<h3>Pied 3A boutonni\u00e8re automatique BERNINA<\/h3>\n<p align=\"left\">Avec le pied tra\u00eeneau pour boutonni\u00e8re #3A\/3B\/3C, vous pouvez tr\u00e8s facilement r\u00e9aliser des boutonni\u00e8res de m\u00eame longueur. Avec le pied-de-biche #3B, la longueur de boutonni\u00e8re souhait\u00e9e est pr\u00e9alablement d\u00e9finie manuellement gr\u00e2ce \u00e0 une graduation grav\u00e9e sur le tra\u00eeneau.<\/p>\n<p align=\"left\">Avec les pieds tra\u00eeneau pour boutonni\u00e8re #3A et 3C, le capteur install\u00e9 sur le pied-de-biche calcule la longueur de la boutonni\u00e8re et la transmet \u00e0 la machine \u00e0 coudre. Il est ensuite possible de coudre des boutonni\u00e8res parfaitement semblables tant que la valeur n&rsquo;est pas modifi\u00e9e.<\/p>\n","protected":false},"excerpt":{"rendered":"<p>Pied 3A boutonni\u00e8re automatique BERNINA Avec le pied tra\u00eeneau pour boutonni\u00e8re #3A\/3B\/3C, vous pouvez tr\u00e8s facilement r\u00e9aliser des boutonni\u00e8res de m\u00eame longueur. Avec le pied-de-biche #3B, la longueur de boutonni\u00e8re souhait\u00e9e est pr\u00e9alablement d\u00e9finie manuellement gr\u00e2ce \u00e0 une graduation grav\u00e9e sur le tra\u00eeneau. Avec les pieds tra\u00eeneau pour boutonni\u00e8re #3A et 3C, le capteur install\u00e9&hellip;<\/p>\n","protected":false},"featured_media":418,"comment_status":"open","ping_status":"closed","template":"","meta":{"om_disable_all_campaigns":false,"_monsterinsights_skip_tracking":false,"_monsterinsights_sitenote_active":false,"_monsterinsights_sitenote_note":"","_monsterinsights_sitenote_category":0,"_uf_show_specific_survey":0,"_uf_disable_surveys":false},"product_brand":[],"product_cat":[42,44,240,187],"product_tag":[125],"giftcard-category":[],"class_list":{"0":"post-416","1":"product","2":"type-product","3":"status-publish","4":"has-post-thumbnail","6":"product_cat-accesoires","7":"product_cat-machine-a-coudre","8":"product_cat-pieds-presseurs","9":"product_cat-pied-boutonniere","10":"product_tag-bernina","12":"first","13":"instock","14":"sale","15":"shipping-taxable","16":"purchasable","17":"product-type-simple"},"aioseo_notices":[],"jetpack_sharing_enabled":true,"_links":{"self":[{"href":"https:\/\/berninabrussels.be\/index.php?rest_route=\/wp\/v2\/product\/416","targetHints":{"allow":["GET"]}}],"collection":[{"href":"https:\/\/berninabrussels.be\/index.php?rest_route=\/wp\/v2\/product"}],"about":[{"href":"https:\/\/berninabrussels.be\/index.php?rest_route=\/wp\/v2\/types\/product"}],"replies":[{"embeddable":true,"href":"https:\/\/berninabrussels.be\/index.php?rest_route=%2Fwp%2Fv2%2Fcomments&post=416"}],"wp:featuredmedia":[{"embeddable":true,"href":"https:\/\/berninabrussels.be\/index.php?rest_route=\/wp\/v2\/media\/418"}],"wp:attachment":[{"href":"https:\/\/berninabrussels.be\/index.php?rest_route=%2Fwp%2Fv2%2Fmedia&parent=416"}],"wp:term":[{"taxonomy":"product_brand","embeddable":true,"href":"https:\/\/berninabrussels.be\/index.php?rest_route=%2Fwp%2Fv2%2Fproduct_brand&post=416"},{"taxonomy":"product_cat","embeddable":true,"href":"https:\/\/berninabrussels.be\/index.php?rest_route=%2Fwp%2Fv2%2Fproduct_cat&post=416"},{"taxonomy":"product_tag","embeddable":true,"href":"https:\/\/berninabrussels.be\/index.php?rest_route=%2Fwp%2Fv2%2Fproduct_tag&post=416"},{"taxonomy":"giftcard-category","embeddable":true,"href":"https:\/\/berninabrussels.be\/index.php?rest_route=%2Fwp%2Fv2%2Fgiftcard-category&post=416"}],"curies":[{"name":"wp","href":"https:\/\/api.w.org\/{rel}","templated":true}]}}