{"id":414,"date":"2023-05-07T15:07:49","date_gmt":"2023-05-07T13:07:49","guid":{"rendered":"https:\/\/berninabrussels.be\/?post_type=product&#038;p=414"},"modified":"2023-05-07T15:08:58","modified_gmt":"2023-05-07T13:08:58","slug":"pied-pour-oeillet-92","status":"publish","type":"product","link":"https:\/\/berninabrussels.be\/?product=pied-pour-oeillet-92","title":{"rendered":"Pied pour oeillet 92"},"content":{"rendered":"<h3>Pied 92 pour oeillet, broderie anglaise\u00a0BERNINA<\/h3>\n<p>Le pied pour \u0153illet #92 est un pied \u00e0 mains libres con\u00e7u pour broder de ravissants \u0153illets \u00e0 vocation d\u00e9corative et fonctionnelle. Comme le pied pour reprisage #9, le pied pour \u0153illet ne presse pas le tissu sur les griffes d&rsquo;entra\u00eenement durant la phase de piq\u00fbre. Au contraire, le mouvement oscillant vertical g\u00e9n\u00e9r\u00e9 par le ressort fix\u00e9 sur le pied-de-biche fait en sorte que le tissu soit bien maintenu \u00e0 plat lors de l&rsquo;application des points. Ainsi, le tissu ne peut pas onduler.<\/p>\n<p>Le pied pour \u0153illet #92 est parfaitement compatible avec l&rsquo;appareil pour \u0153illets #82. Utilis\u00e9s ensemble, ils permettent de percer des trous dans n&rsquo;importe quel tissu, quelle que soit son \u00e9paisseur, en s&rsquo;aidant des embouts Allen et des emporte-pi\u00e8ces.<\/p>\n<p>Le pied pour \u0153illet #92 est parfaitement compatible avec l&rsquo;appareil pour \u0153illets #82. Utilis\u00e9s ensemble, ils permettent de percer des trous dans n&rsquo;importe quel tissu, quelle que soit son \u00e9paisseur, en s&rsquo;aidant des embouts Allen et des emporte-pi\u00e8ces<\/p>\n","protected":false},"excerpt":{"rendered":"<p>Pied 92 pour oeillet, broderie anglaise\u00a0BERNINA Le pied pour \u0153illet #92 est un pied \u00e0 mains libres con\u00e7u pour broder de ravissants \u0153illets \u00e0 vocation d\u00e9corative et fonctionnelle. Comme le pied pour reprisage #9, le pied pour \u0153illet ne presse pas le tissu sur les griffes d&rsquo;entra\u00eenement durant la phase de piq\u00fbre. Au contraire, le&hellip;<\/p>\n","protected":false},"featured_media":415,"comment_status":"open","ping_status":"closed","template":"","meta":{"om_disable_all_campaigns":false,"_monsterinsights_skip_tracking":false,"_monsterinsights_sitenote_active":false,"_monsterinsights_sitenote_note":"","_monsterinsights_sitenote_category":0,"_uf_show_specific_survey":0,"_uf_disable_surveys":false},"product_brand":[],"product_cat":[42,44,240,192],"product_tag":[125],"giftcard-category":[],"class_list":{"0":"post-414","1":"product","2":"type-product","3":"status-publish","4":"has-post-thumbnail","6":"product_cat-accesoires","7":"product_cat-machine-a-coudre","8":"product_cat-pieds-presseurs","9":"product_cat-autres","10":"product_tag-bernina","12":"first","13":"instock","14":"sale","15":"shipping-taxable","16":"purchasable","17":"product-type-simple"},"aioseo_notices":[],"jetpack_sharing_enabled":true,"_links":{"self":[{"href":"https:\/\/berninabrussels.be\/index.php?rest_route=\/wp\/v2\/product\/414","targetHints":{"allow":["GET"]}}],"collection":[{"href":"https:\/\/berninabrussels.be\/index.php?rest_route=\/wp\/v2\/product"}],"about":[{"href":"https:\/\/berninabrussels.be\/index.php?rest_route=\/wp\/v2\/types\/product"}],"replies":[{"embeddable":true,"href":"https:\/\/berninabrussels.be\/index.php?rest_route=%2Fwp%2Fv2%2Fcomments&post=414"}],"wp:featuredmedia":[{"embeddable":true,"href":"https:\/\/berninabrussels.be\/index.php?rest_route=\/wp\/v2\/media\/415"}],"wp:attachment":[{"href":"https:\/\/berninabrussels.be\/index.php?rest_route=%2Fwp%2Fv2%2Fmedia&parent=414"}],"wp:term":[{"taxonomy":"product_brand","embeddable":true,"href":"https:\/\/berninabrussels.be\/index.php?rest_route=%2Fwp%2Fv2%2Fproduct_brand&post=414"},{"taxonomy":"product_cat","embeddable":true,"href":"https:\/\/berninabrussels.be\/index.php?rest_route=%2Fwp%2Fv2%2Fproduct_cat&post=414"},{"taxonomy":"product_tag","embeddable":true,"href":"https:\/\/berninabrussels.be\/index.php?rest_route=%2Fwp%2Fv2%2Fproduct_tag&post=414"},{"taxonomy":"giftcard-category","embeddable":true,"href":"https:\/\/berninabrussels.be\/index.php?rest_route=%2Fwp%2Fv2%2Fgiftcard-category&post=414"}],"curies":[{"name":"wp","href":"https:\/\/api.w.org\/{rel}","templated":true}]}}