{"id":410,"date":"2023-05-07T14:51:08","date_gmt":"2023-05-07T12:51:08","guid":{"rendered":"http:\/\/10.0.0.76\/?post_type=product&#038;p=410"},"modified":"2025-05-25T17:59:46","modified_gmt":"2025-05-25T15:59:46","slug":"pied-fermeture-glissiere-04","status":"publish","type":"product","link":"https:\/\/berninabrussels.be\/?product=pied-fermeture-glissiere-04","title":{"rendered":"Pied fermeture glissi\u00e8re 04"},"content":{"rendered":"<h3>Pied 04 fermeture glissi\u00e8re\u00a0BERNINA<\/h3>\n<p align=\"left\">Le pied pour fermeture \u00e0 glissi\u00e8re est d\u2019une n\u00e9cessit\u00e9 indiscutable puisqu\u2019il vous aide dans la pose de fermeture \u00e0 glissi\u00e8re. Lorsque vous fixez une fermeture \u00e0 glissi\u00e8re, il est imp\u00e9ratif de piquer juste \u00e0 droite des dents. Cette contrainte est facile \u00e0 respecter avec le pied pour fermeture \u00e0 glissi\u00e8re.<\/p>\n<p align=\"left\">Gr\u00e2ce \u00e0 sa forme \u00e9troite, le pied pour fermeture \u00e0 glissi\u00e8re peut aussi \u00eatre utilis\u00e9 pour coudre des passepoils ou de bandes de boutons pression ainsi que pour surpiquer de rebords.<\/p>\n<p>&nbsp;<\/p>\n","protected":false},"excerpt":{"rendered":"<p>Pied 04 fermeture glissi\u00e8re\u00a0BERNINA Le pied pour fermeture \u00e0 glissi\u00e8re est d\u2019une n\u00e9cessit\u00e9 indiscutable puisqu\u2019il vous aide dans la pose de fermeture \u00e0 glissi\u00e8re. Lorsque vous fixez une fermeture \u00e0 glissi\u00e8re, il est imp\u00e9ratif de piquer juste \u00e0 droite des dents. Cette contrainte est facile \u00e0 respecter avec le pied pour fermeture \u00e0 glissi\u00e8re. Gr\u00e2ce&hellip;<\/p>\n","protected":false},"featured_media":411,"comment_status":"open","ping_status":"closed","template":"","meta":{"om_disable_all_campaigns":false,"_monsterinsights_skip_tracking":false,"_monsterinsights_sitenote_active":false,"_monsterinsights_sitenote_note":"","_monsterinsights_sitenote_category":0,"_uf_show_specific_survey":0,"_uf_disable_surveys":false},"product_brand":[],"product_cat":[42,44,240,191],"product_tag":[125],"giftcard-category":[],"class_list":{"0":"post-410","1":"product","2":"type-product","3":"status-publish","4":"has-post-thumbnail","6":"product_cat-accesoires","7":"product_cat-machine-a-coudre","8":"product_cat-pieds-presseurs","9":"product_cat-pied-fermeture-a-glissiere","10":"product_tag-bernina","12":"first","13":"instock","14":"sale","15":"shipping-taxable","16":"purchasable","17":"product-type-simple"},"aioseo_notices":[],"jetpack_sharing_enabled":true,"_links":{"self":[{"href":"https:\/\/berninabrussels.be\/index.php?rest_route=\/wp\/v2\/product\/410","targetHints":{"allow":["GET"]}}],"collection":[{"href":"https:\/\/berninabrussels.be\/index.php?rest_route=\/wp\/v2\/product"}],"about":[{"href":"https:\/\/berninabrussels.be\/index.php?rest_route=\/wp\/v2\/types\/product"}],"replies":[{"embeddable":true,"href":"https:\/\/berninabrussels.be\/index.php?rest_route=%2Fwp%2Fv2%2Fcomments&post=410"}],"wp:featuredmedia":[{"embeddable":true,"href":"https:\/\/berninabrussels.be\/index.php?rest_route=\/wp\/v2\/media\/411"}],"wp:attachment":[{"href":"https:\/\/berninabrussels.be\/index.php?rest_route=%2Fwp%2Fv2%2Fmedia&parent=410"}],"wp:term":[{"taxonomy":"product_brand","embeddable":true,"href":"https:\/\/berninabrussels.be\/index.php?rest_route=%2Fwp%2Fv2%2Fproduct_brand&post=410"},{"taxonomy":"product_cat","embeddable":true,"href":"https:\/\/berninabrussels.be\/index.php?rest_route=%2Fwp%2Fv2%2Fproduct_cat&post=410"},{"taxonomy":"product_tag","embeddable":true,"href":"https:\/\/berninabrussels.be\/index.php?rest_route=%2Fwp%2Fv2%2Fproduct_tag&post=410"},{"taxonomy":"giftcard-category","embeddable":true,"href":"https:\/\/berninabrussels.be\/index.php?rest_route=%2Fwp%2Fv2%2Fgiftcard-category&post=410"}],"curies":[{"name":"wp","href":"https:\/\/api.w.org\/{rel}","templated":true}]}}