{"id":405,"date":"2023-05-07T14:44:53","date_gmt":"2023-05-07T12:44:53","guid":{"rendered":"http:\/\/10.0.0.76\/?post_type=product&#038;p=405"},"modified":"2025-05-25T20:29:04","modified_gmt":"2025-05-25T18:29:04","slug":"pied-plisseur-86","status":"publish","type":"product","link":"https:\/\/berninabrussels.be\/?product=pied-plisseur-86","title":{"rendered":"Pied plisseur 86"},"content":{"rendered":"<h3>Pied 86 plisseur\u00a0BERNINA<\/h3>\n<p align=\"left\">Le fronceur est l&rsquo;outil id\u00e9al pour froncer et plisser facilement les tissus. Ses diff\u00e9rentes options de r\u00e9glage permettent de d\u00e9terminer la profondeur des plis ainsi que l&rsquo;intensit\u00e9 des fronces en fonction des besoins.<\/p>\n<p align=\"left\">Le fronceur peut ainsi r\u00e9aliser une fronce \u00e0 chaque point, tous les six ou tous les douze points. C&rsquo;est \u00e0 vous de d\u00e9cider ! Il est \u00e9galement possible, sans changer le pied, de coudre sans froncer (r\u00e9glage de l&rsquo;intensit\u00e9 des fronces = 0).<\/p>\n<p align=\"left\">La profondeur des fronces peut \u00eatre d\u00e9finie en continu en serrant une petite vis de r\u00e9glage cruciforme.<\/p>\n","protected":false},"excerpt":{"rendered":"<p>Pied 86 plisseur\u00a0BERNINA Le fronceur est l&rsquo;outil id\u00e9al pour froncer et plisser facilement les tissus. Ses diff\u00e9rentes options de r\u00e9glage permettent de d\u00e9terminer la profondeur des plis ainsi que l&rsquo;intensit\u00e9 des fronces en fonction des besoins. Le fronceur peut ainsi r\u00e9aliser une fronce \u00e0 chaque point, tous les six ou tous les douze points. C&rsquo;est&hellip;<\/p>\n","protected":false},"featured_media":406,"comment_status":"open","ping_status":"closed","template":"","meta":{"om_disable_all_campaigns":false,"_monsterinsights_skip_tracking":false,"_monsterinsights_sitenote_active":false,"_monsterinsights_sitenote_note":"","_monsterinsights_sitenote_category":0,"_uf_show_specific_survey":0,"_uf_disable_surveys":false},"product_brand":[],"product_cat":[42,44,240,192],"product_tag":[125],"giftcard-category":[],"class_list":{"0":"post-405","1":"product","2":"type-product","3":"status-publish","4":"has-post-thumbnail","6":"product_cat-accesoires","7":"product_cat-machine-a-coudre","8":"product_cat-pieds-presseurs","9":"product_cat-autres","10":"product_tag-bernina","12":"first","13":"instock","14":"sale","15":"shipping-taxable","16":"purchasable","17":"product-type-simple"},"aioseo_notices":[],"jetpack_sharing_enabled":true,"_links":{"self":[{"href":"https:\/\/berninabrussels.be\/index.php?rest_route=\/wp\/v2\/product\/405","targetHints":{"allow":["GET"]}}],"collection":[{"href":"https:\/\/berninabrussels.be\/index.php?rest_route=\/wp\/v2\/product"}],"about":[{"href":"https:\/\/berninabrussels.be\/index.php?rest_route=\/wp\/v2\/types\/product"}],"replies":[{"embeddable":true,"href":"https:\/\/berninabrussels.be\/index.php?rest_route=%2Fwp%2Fv2%2Fcomments&post=405"}],"wp:featuredmedia":[{"embeddable":true,"href":"https:\/\/berninabrussels.be\/index.php?rest_route=\/wp\/v2\/media\/406"}],"wp:attachment":[{"href":"https:\/\/berninabrussels.be\/index.php?rest_route=%2Fwp%2Fv2%2Fmedia&parent=405"}],"wp:term":[{"taxonomy":"product_brand","embeddable":true,"href":"https:\/\/berninabrussels.be\/index.php?rest_route=%2Fwp%2Fv2%2Fproduct_brand&post=405"},{"taxonomy":"product_cat","embeddable":true,"href":"https:\/\/berninabrussels.be\/index.php?rest_route=%2Fwp%2Fv2%2Fproduct_cat&post=405"},{"taxonomy":"product_tag","embeddable":true,"href":"https:\/\/berninabrussels.be\/index.php?rest_route=%2Fwp%2Fv2%2Fproduct_tag&post=405"},{"taxonomy":"giftcard-category","embeddable":true,"href":"https:\/\/berninabrussels.be\/index.php?rest_route=%2Fwp%2Fv2%2Fgiftcard-category&post=405"}],"curies":[{"name":"wp","href":"https:\/\/api.w.org\/{rel}","templated":true}]}}