{"id":386,"date":"2023-05-07T14:08:31","date_gmt":"2023-05-07T12:08:31","guid":{"rendered":"http:\/\/10.0.0.76\/?post_type=product&#038;p=386"},"modified":"2023-05-07T14:22:13","modified_gmt":"2023-05-07T12:22:13","slug":"pied-passepoil-12","status":"publish","type":"product","link":"https:\/\/berninabrussels.be\/?product=pied-passepoil-12","title":{"rendered":"Pied passepoil 12"},"content":{"rendered":"<h3>Pied 12 passepoil (2-3mm), perles (3mm), lainage\u00a0BERNINA<\/h3>\n<p align=\"left\">Avec sa large rainure, le pied pour tricots et mailles est l&rsquo;outil id\u00e9al pour piquer les tissus \u00e0 mailles.<\/p>\n<p align=\"left\">Le pied pour tricots et mailles est de plus particuli\u00e8rement appr\u00e9ci\u00e9 pour \u00e9laborer et appliquer des passepoils.<\/p>\n<p>&nbsp;<\/p>\n","protected":false},"excerpt":{"rendered":"<p>Pied 12 passepoil (2-3mm), perles (3mm), lainage\u00a0BERNINA Avec sa large rainure, le pied pour tricots et mailles est l&rsquo;outil id\u00e9al pour piquer les tissus \u00e0 mailles. Le pied pour tricots et mailles est de plus particuli\u00e8rement appr\u00e9ci\u00e9 pour \u00e9laborer et appliquer des passepoils. &nbsp;<\/p>\n","protected":false},"featured_media":387,"comment_status":"open","ping_status":"closed","template":"","meta":{"om_disable_all_campaigns":false,"_monsterinsights_skip_tracking":false,"_monsterinsights_sitenote_active":false,"_monsterinsights_sitenote_note":"","_monsterinsights_sitenote_category":0,"_uf_show_specific_survey":0,"_uf_disable_surveys":false},"product_brand":[],"product_cat":[205],"product_tag":[125],"giftcard-category":[],"class_list":{"0":"post-386","1":"product","2":"type-product","3":"status-publish","4":"has-post-thumbnail","6":"product_cat-pied-passe-poil","7":"product_tag-bernina","9":"first","10":"instock","11":"sale","12":"shipping-taxable","13":"purchasable","14":"product-type-simple"},"aioseo_notices":[],"jetpack_sharing_enabled":true,"_links":{"self":[{"href":"https:\/\/berninabrussels.be\/index.php?rest_route=\/wp\/v2\/product\/386","targetHints":{"allow":["GET"]}}],"collection":[{"href":"https:\/\/berninabrussels.be\/index.php?rest_route=\/wp\/v2\/product"}],"about":[{"href":"https:\/\/berninabrussels.be\/index.php?rest_route=\/wp\/v2\/types\/product"}],"replies":[{"embeddable":true,"href":"https:\/\/berninabrussels.be\/index.php?rest_route=%2Fwp%2Fv2%2Fcomments&post=386"}],"wp:featuredmedia":[{"embeddable":true,"href":"https:\/\/berninabrussels.be\/index.php?rest_route=\/wp\/v2\/media\/387"}],"wp:attachment":[{"href":"https:\/\/berninabrussels.be\/index.php?rest_route=%2Fwp%2Fv2%2Fmedia&parent=386"}],"wp:term":[{"taxonomy":"product_brand","embeddable":true,"href":"https:\/\/berninabrussels.be\/index.php?rest_route=%2Fwp%2Fv2%2Fproduct_brand&post=386"},{"taxonomy":"product_cat","embeddable":true,"href":"https:\/\/berninabrussels.be\/index.php?rest_route=%2Fwp%2Fv2%2Fproduct_cat&post=386"},{"taxonomy":"product_tag","embeddable":true,"href":"https:\/\/berninabrussels.be\/index.php?rest_route=%2Fwp%2Fv2%2Fproduct_tag&post=386"},{"taxonomy":"giftcard-category","embeddable":true,"href":"https:\/\/berninabrussels.be\/index.php?rest_route=%2Fwp%2Fv2%2Fgiftcard-category&post=386"}],"curies":[{"name":"wp","href":"https:\/\/api.w.org\/{rel}","templated":true}]}}